{"id":370993,"date":"2022-10-15T00:24:22","date_gmt":"2022-10-14T22:24:22","guid":{"rendered":"https:\/\/gts-keramik.de\/sector-de-la-joyeria\/"},"modified":"2022-10-15T00:24:22","modified_gmt":"2022-10-14T22:24:22","slug":"sector-de-la-joyeria","status":"publish","type":"page","link":"https:\/\/gts-keramik.de\/es\/sectores\/sector-de-la-joyeria\/","title":{"rendered":"Sector de la joye\u00adr\u00eda"},"content":{"rendered":"<p>[et_pb_section fb_built=\u201c1\u201d fullwidth=\u201con\u201d admin_label=\u201cHeaderbild\u201d _builder_version=\u201c4.16\u201d _module_preset=\u201ca4fc1a04-b02b-466a-b79a-d5ab08444492\u201d background_image=\u201chttps:\/\/gts-keramik.de\/wp-content\/uploads\/2021\/11\/Branchen-Schmuckguss.jpg\u201d background_enable_image=\u201con\u201d locked=\u201coff\u201d global_colors_info=\u201d{}\u201d][\/et_pb_section][et_pb_section fb_built=\u201c1\u201d admin_label=\u201cSchmuckindustrie\u201d _builder_version=\u201c4.16\u201d _module_preset=\u201cdefault\u201d locked=\u201coff\u201d global_colors_info=\u201d{}\u201d][et_pb_row use_custom_gutter=\u201con\u201d gutter_width=\u201c2\u201d admin_label=\u201cSector de la joye\u00adr\u00eda\u201d _builder_version=\u201c4.16\u201d _module_preset=\u201cdefault\u201d custom_margin=\u201d||0px||false|false\u201d custom_padding=\u201d||0px||false|false\u201d global_colors_info=\u201d{}\u201d][et_pb_column type=\u201c4_4\u201d _builder_version=\u201c4.16\u201d _module_preset=\u201cdefault\u201d global_colors_info=\u201d{}\u201d][et_pb_text admin_label=\u201cGTS Kera\u00admik\u201d _builder_version=\u201c4.16\u201d _module_preset=\u201c_initial\u201d text_font=\u201d|700|||||||\u201d text_text_color=\u201cgcid-b0775474-251e-4a81-998c-beb91d712aea\u201d text_font_size=\u201c60px\u201d text_letter_spacing=\u201d-2px\u201d text_orientation=\u201ccenter\u201d custom_padding=\u201d||1em||false|false\u201d text_font_size_tablet=\u201c48px\u201d text_font_size_phone=\u201c36px\u201d text_font_size_last_edited=\u201con|desktop\u201d locked=\u201coff\u201d global_colors_info=\u201d{%22gcid-b0775474-251e-4a81-998c-beb91d712aea%22:%91%22text_text_color%22%93}\u201d]GTS Kera\u00admik<br>\n<span style=\"font-size: 50%; display: inline-block; padding-top: 0.8em;\">Made in Germany<\/span>[\/et_pb_text][et_pb_text admin_label=\u201cSchmuckindustrie\u201d _builder_version=\u201c4.16\u201d _module_preset=\u201ccaaf3a84-9a96-422b-86b8-e206eeef3622\u201d text_orientation=\u201ccenter\u201d global_colors_info=\u201d{}\u201d]<\/p>\n<h1>Sector de la joye\u00adr\u00eda<\/h1>\n<p>[\/et_pb_text][et_pb_text admin_label=\u201cSchmuckgussteile \u2026\u201d _builder_version=\u201c4.16\u201d _module_preset=\u201c13a47db2-f326-4955\u20139d67-5ccccd505991\u201d max_width=\u201c100%\u201d max_width_tablet=\u201d\u201d max_width_phone=\u201d\u201d max_width_last_edited=\u201con|tablet\u201d global_colors_info=\u201d{}\u201d]Las piezas de fundi\u00adci\u00f3n para joye\u00adr\u00eda se produ\u00adcen gene\u00adral\u00admente con la t\u00e9cnica de la cera perdida, como en la fundi\u00adci\u00f3n m\u00e9dica y de preci\u00adsi\u00f3n. Esta t\u00e9cnica ya se utili\u00adzaba en la anti\u00adg\u00fce\u00addad para la elabo\u00adra\u00adci\u00f3n de obras de arte de fili\u00adgrana. Hoy en d\u00eda, este proceso sigue siendo v\u00e1lido e incluso se utiliza con gran\u00addes resul\u00adta\u00addos en la produc\u00adci\u00f3n en masa. Muchos fabri\u00adcan\u00adtes de plan\u00adtas de fundi\u00adci\u00f3n se valen de nues\u00adtros nume\u00adro\u00adsos a\u00f1os de expe\u00adrien\u00adcia y encar\u00adgan a GTS la fabri\u00adca\u00adci\u00f3n de los criso\u00adles de sus plan\u00adtas. Adem\u00e1s, en estre\u00adcha cola\u00adbo\u00adra\u00adci\u00f3n con la indus\u00adtria de la joye\u00adr\u00eda, GTS ha desa\u00adrro\u00adllado criso\u00adles de alta cali\u00addad espe\u00adcial\u00admente adecua\u00addos para la fundi\u00adci\u00f3n de platino. Su espe\u00adcial cali\u00addad garan\u00adtiza una larga vida \u00fatil en t\u00e9rmi\u00adnos de reuti\u00adli\u00adza\u00adci\u00f3n. Su uso resulta as\u00ed muy econ\u00f3\u00admico y hace que estos criso\u00adles sean deman\u00adda\u00addos a nivel mundial. Nues\u00adtros platos de reco\u00adcido y criso\u00adles de \u00f3xido de alumi\u00adnio se utili\u00adzan para refi\u00adnar rub\u00edes naturales.[\/et_pb_text][\/et_pb_column][\/et_pb_row][\/et_pb_section][et_pb_section fb_built=\u201c1\u201d admin_label=\u201cBeispielprodukte\u201d _builder_version=\u201c4.16\u201d _module_preset=\u201cdefault\u201d background_color=\u201c#e3e5e8\u201d global_colors_info=\u201d{}\u201d][et_pb_row admin_label=\u201cGalerie\u201d module_class=\u201cgalerie\u20111\u20131\u201d _builder_version=\u201c4.16\u201d _module_preset=\u201cdefault\u201d width_last_edited=\u201coff|desktop\u201d custom_padding=\u201d||0px||false|false\u201d saved_tabs=\u201call\u201d locked=\u201coff\u201d global_colors_info=\u201d{}\u201d][et_pb_column type=\u201c4_4\u201d admin_label=\u201cGalerie\u201d _builder_version=\u201c4.16\u201d _module_preset=\u201cdefault\u201d global_colors_info=\u201d{}\u201d][et_pb_gallery gallery_ids=\u201c348166,348165,348164,348163,348162,348161,348160,348159,348158\u201d posts_number=\u201c9\u201d show_title_and_caption=\u201coff\u201d show_pagination=\u201coff\u201d zoom_icon_color=\u201cRGBA(0,0,0,0)\u201d hover_overlay_color=\u201cRGBA(0,0,0,0)\u201d admin_label=\u201cGalerie\u201d _builder_version=\u201c4.16\u201d _module_preset=\u201cdefault\u201d global_colors_info=\u201d{}\u201d transform_styles__hover_enabled=\u201con|hover\u201d transform_scale__hover_enabled=\u201con|hover\u201d transform_translate__hover_enabled=\u201con|desktop\u201d transform_rotate__hover_enabled=\u201con|desktop\u201d transform_skew__hover_enabled=\u201con|desktop\u201d transform_origin__hover_enabled=\u201con|desktop\u201d][\/et_pb_gallery][et_pb_code disabled_on=\u201coff|off|off\u201d admin_label=\u201cCode CSS Forma\u00adtie\u00adrung 1\u20131\u2011Galerie\u201d _builder_version=\u201c4.10.7\u201d _module_preset=\u201cdefault\u201d global_module=\u201c348450\u201d saved_tabs=\u201call\u201d global_colors_info=\u201d{}\u201d]<\/p>\n<style><!-- [et_pb_line_break_holder] -->  \/*** Galerie in Beitr\u00e4gen ***\/<!-- [et_pb_line_break_holder] -->\/* Format 1:1 *\/<!-- [et_pb_line_break_holder] -->.galerie-1-1 .et_pb_gallery_image {<!-- [et_pb_line_break_holder] -->  padding-top: 100%;<!-- [et_pb_line_break_holder] -->  display: block;<!-- [et_pb_line_break_holder] -->}<!-- [et_pb_line_break_holder] --><!-- [et_pb_line_break_holder] -->.galerie-1-1 .et_pb_gallery_item img {<!-- [et_pb_line_break_holder] -->  position: absolute;<!-- [et_pb_line_break_holder] -->  height: 100%;<!-- [et_pb_line_break_holder] -->\/*<!-- [et_pb_line_break_holder] -->  width: 100%;<!-- [et_pb_line_break_holder] -->*\/<!-- [et_pb_line_break_holder] -->  top: 0;<!-- [et_pb_line_break_holder] -->  left: 0;<!-- [et_pb_line_break_holder] -->  right: 0;<!-- [et_pb_line_break_holder] -->  bottom: 0;<!-- [et_pb_line_break_holder] -->  object-fit: ;<!-- [et_pb_line_break_holder] -->}<!-- [et_pb_line_break_holder] -->.galerie-1-1 .et_pb_gallery {<!-- [et_pb_line_break_holder] -->\tmargin-left: 0;<!-- [et_pb_line_break_holder] -->}<!-- [et_pb_line_break_holder] -->.galerie-1-1 .et_pb_gallery .et_pb_gallery_item {<!-- [et_pb_line_break_holder] -->\tmargin-right: 4%;<!-- [et_pb_line_break_holder] -->\tmargin-bottom: 2vw;<!-- [et_pb_line_break_holder] -->}<!-- [et_pb_line_break_holder] -->@media all and (max-width: 767px) {<!-- [et_pb_line_break_holder] -->.galerie-1-1 .et_pb_gallery .et_pb_gallery_item {<!-- [et_pb_line_break_holder] -->\twidth: 45vw;<!-- [et_pb_line_break_holder] -->}<!-- [et_pb_line_break_holder] --> <!-- [et_pb_line_break_holder] -->}<!-- [et_pb_line_break_holder] -->@media all and (min-width: 767px) {<!-- [et_pb_line_break_holder] -->.galerie-1-1  .et_pb_gallery .et_pb_gallery_item {<!-- [et_pb_line_break_holder] -->\twidth: 30%;<!-- [et_pb_line_break_holder] -->}<!-- [et_pb_line_break_holder] --> <!-- [et_pb_line_break_holder] -->}<!-- [et_pb_line_break_holder] -->.galerie-1-1  .et_pb_gallery  span.et_overlay {<!-- [et_pb_line_break_holder] -->    display:none;<!-- [et_pb_line_break_holder] -->}<!-- [et_pb_line_break_holder] -->.galerie-1-1  .et_pb_gallery img {<!-- [et_pb_line_break_holder] -->    transition:all 0.5s; <!-- [et_pb_line_break_holder] -->    -moz-transition:all 0.5s; <!-- [et_pb_line_break_holder] -->    -webkit-transition:all 0.5s; <!-- [et_pb_line_break_holder] -->}<!-- [et_pb_line_break_holder] -->    <!-- [et_pb_line_break_holder] -->.galerie-1-1  .et_pb_gallery img:hover {<!-- [et_pb_line_break_holder] -->    transform:scale(1.1);<!-- [et_pb_line_break_holder] -->    -moz-transform:scale(1.1);<!-- [et_pb_line_break_holder] -->    -webkit-transform:scale(1.1);<!-- [et_pb_line_break_holder] -->}<!-- [et_pb_line_break_holder] --><\/style>\n<p>[\/et_pb_code][\/et_pb_column][\/et_pb_row][\/et_pb_section]<\/p>\n","protected":false},"excerpt":{"rendered":"<p>GTS Kera\u00admik Made in Germany\u00adSec\u00adtor de la joye\u00adr\u00eda\u00adLas piezas de fundi\u00adci\u00f3n para joye\u00adr\u00eda se produ\u00adcen gene\u00adral\u00admente con la t\u00e9cnica de la cera perdida, como en la fundi\u00adci\u00f3n m\u00e9dica y de preci\u00adsi\u00f3n. Esta t\u00e9cnica ya se utili\u00adzaba en la anti\u00adg\u00fce\u00addad para la elabo\u00adra\u00adci\u00f3n de obras de arte de fili\u00adgrana. Hoy en d\u00eda, este proceso sigue siendo [\u2026]<\/p>\n","protected":false},"author":121,"featured_media":0,"parent":371085,"menu_order":60,"comment_status":"closed","ping_status":"closed","template":"","meta":{"_acf_changed":false,"_et_pb_use_builder":"on","_et_pb_old_content":"","_et_gb_content_width":"","wp_typography_post_enhancements_disabled":false,"footnotes":""},"class_list":["post-370993","page","type-page","status-publish","hentry"],"acf":[],"_links":{"self":[{"href":"https:\/\/gts-keramik.de\/es\/wp-json\/wp\/v2\/pages\/370993","targetHints":{"allow":["GET"]}}],"collection":[{"href":"https:\/\/gts-keramik.de\/es\/wp-json\/wp\/v2\/pages"}],"about":[{"href":"https:\/\/gts-keramik.de\/es\/wp-json\/wp\/v2\/types\/page"}],"author":[{"embeddable":true,"href":"https:\/\/gts-keramik.de\/es\/wp-json\/wp\/v2\/users\/121"}],"replies":[{"embeddable":true,"href":"https:\/\/gts-keramik.de\/es\/wp-json\/wp\/v2\/comments?post=370993"}],"version-history":[{"count":2,"href":"https:\/\/gts-keramik.de\/es\/wp-json\/wp\/v2\/pages\/370993\/revisions"}],"predecessor-version":[{"id":370995,"href":"https:\/\/gts-keramik.de\/es\/wp-json\/wp\/v2\/pages\/370993\/revisions\/370995"}],"up":[{"embeddable":true,"href":"https:\/\/gts-keramik.de\/es\/wp-json\/wp\/v2\/pages\/371085"}],"wp:attachment":[{"href":"https:\/\/gts-keramik.de\/es\/wp-json\/wp\/v2\/media?parent=370993"}],"curies":[{"name":"wp","href":"https:\/\/api.w.org\/{rel}","templated":true}]}}