{"id":371038,"date":"2022-10-15T00:36:23","date_gmt":"2022-10-14T22:36:23","guid":{"rendered":"https:\/\/gts-keramik.de\/sector-solar-y-de-baterias\/"},"modified":"2022-10-15T00:36:24","modified_gmt":"2022-10-14T22:36:24","slug":"sector-solar-y-de-baterias","status":"publish","type":"page","link":"https:\/\/gts-keramik.de\/es\/sectores\/sector-solar-y-de-baterias\/","title":{"rendered":"Sector solar y de bate\u00adr\u00edas"},"content":{"rendered":"<p>[et_pb_section fb_built=\u201c1\u201d fullwidth=\u201con\u201d admin_label=\u201cHeaderbild\u201d _builder_version=\u201c4.13.1\u201d _module_preset=\u201ca4fc1a04-b02b-466a-b79a-d5ab08444492\u201d background_image=\u201chttps:\/\/gts-keramik.de\/wp-content\/uploads\/2021\/11\/Branchen-Solar-Batterie.jpg\u201d background_enable_image=\u201con\u201d locked=\u201coff\u201d global_colors_info=\u201d{}\u201d][\/et_pb_section][et_pb_section fb_built=\u201c1\u201d admin_label=\u201cSolar- und Batte\u00adrie\u00adin\u00addus\u00adtrie\u201d _builder_version=\u201c4.11.3\u201d _module_preset=\u201cdefault\u201d locked=\u201coff\u201d global_colors_info=\u201d{}\u201d][et_pb_row use_custom_gutter=\u201con\u201d gutter_width=\u201c2\u201d admin_label=\u201cSector solar y de bate\u00adr\u00edas\u201d _builder_version=\u201c4.11.3\u201d _module_preset=\u201cdefault\u201d custom_margin=\u201d||0px||false|false\u201d custom_padding=\u201d||0px||false|false\u201d global_colors_info=\u201d{}\u201d][et_pb_column type=\u201c4_4\u201d _builder_version=\u201c4.11.3\u201d _module_preset=\u201cdefault\u201d global_colors_info=\u201d{}\u201d][et_pb_text admin_label=\u201cGTS Kera\u00admik\u201d _builder_version=\u201c4.11.3\u201d _module_preset=\u201c_initial\u201d text_font=\u201d|700|||||||\u201d text_text_color=\u201cgcid-b0775474-251e-4a81-998c-beb91d712aea\u201d text_font_size=\u201c60px\u201d text_letter_spacing=\u201d-2px\u201d text_orientation=\u201ccenter\u201d custom_padding=\u201d||1em||false|false\u201d text_font_size_tablet=\u201c48px\u201d text_font_size_phone=\u201c36px\u201d text_font_size_last_edited=\u201con|desktop\u201d locked=\u201coff\u201d global_colors_info=\u201d{%22gcid-b0775474-251e-4a81-998c-beb91d712aea%22:%91%22text_text_color%22%93}\u201d]GTS Kera\u00admik<br>\n<span style=\"font-size: 50%; display: inline-block; padding-top: 0.8em;\">Made in Germany<\/span>[\/et_pb_text][et_pb_text admin_label=\u201cSolar- und Batte\u00adrie\u00adin\u00addus\u00adtrie\u201d _builder_version=\u201c4.11.3\u201d _module_preset=\u201ccaaf3a84-9a96-422b-86b8-e206eeef3622\u201d text_orientation=\u201ccenter\u201d hover_enabled=\u201c0\u201d global_colors_info=\u201d{}\u201d sticky_enabled=\u201c0\u201d]<\/p>\n<h1>Sector solar y de bate\u00adr\u00edas<\/h1>\n<p>[\/et_pb_text][et_pb_text admin_label=\u201cAls Hers\u00adte\u00adller \u2026\u201d _builder_version=\u201c4.14.2\u201d _module_preset=\u201c13a47db2-f326-4955\u20139d67-5ccccd505991\u201d max_width=\u201c100%\u201d max_width_tablet=\u201d\u201d max_width_phone=\u201d\u201d max_width_last_edited=\u201con|tablet\u201d hover_enabled=\u201c0\u201d global_colors_info=\u201d{}\u201d text_orientation=\u201cjustified\u201d sticky_enabled=\u201c0\u201d]Como fabri\u00adcante de compo\u00adnen\u00adtes cer\u00e1\u00admi\u00adcos, GTS ha desem\u00adpe\u00ad\u00f1ado un papel impor\u00adtante en el desa\u00adrro\u00adllo de celdas sola\u00adres desde sus inicios. En la d\u00e9cada de los noventa, se desa\u00adrro\u00adlla\u00adron las prime\u00adras celdas sola\u00adres con Wacker Chemie y poste\u00adrior\u00admente se produ\u00adje\u00adron con Bayer\u00adwerke. Poste\u00adrior\u00admente, nues\u00adtros produc\u00adtos se inte\u00adgra\u00adron en un gran n\u00famero de solu\u00adcio\u00adnes. Otro aspecto crucial en la gene\u00adra\u00adci\u00f3n de ener\u00adg\u00eda es el alma\u00adce\u00adna\u00admiento de la elec\u00adtri\u00adci\u00addad gene\u00adrada. Tanto en el hogar como en la movi\u00adli\u00addad el\u00e9c\u00adtrica, la ener\u00adg\u00eda debe poder alma\u00adce\u00adnarse a largo plazo con la menor p\u00e9rdida posi\u00adble. Una opci\u00f3n es el uso de bate\u00adr\u00edas eficien\u00adtes. Nume\u00adro\u00adsos insti\u00adtu\u00adtos de inves\u00adti\u00adga\u00adci\u00f3n (como los insti\u00adtu\u00adtos Fraunho\u00adfer o Max-Plank) centran sus estu\u00addios en este aspecto. Tambi\u00e9n en esta \u00e1rea se utiliza la cer\u00e1\u00admica. Uno de los proyec\u00adtos de inves\u00adti\u00adga\u00adci\u00f3n, por ejem\u00adplo, es la bate\u00adr\u00eda basada en sodio. Los criso\u00adles o compo\u00adnen\u00adtes cer\u00e1\u00admi\u00adcos son compo\u00adnen\u00adtes esen\u00adcia\u00adles en la produc\u00adci\u00f3n de esta bate\u00adr\u00eda, ya que son muy pocos los mate\u00adria\u00adles con sus propie\u00adda\u00addes de resis\u00adten\u00adcia t\u00e9rmica y qu\u00edmica. La movi\u00adli\u00addad el\u00e9c\u00adtrica y la tecno\u00adlo\u00adg\u00eda de bate\u00adr\u00edas asociada son un tema crucial son un tema crucial para nues\u00adtra \u00e9poca. La produc\u00adci\u00f3n de veh\u00edcu\u00adlos el\u00e9c\u00adtri\u00adcos no deja de aumen\u00adtar, y compo\u00adnen\u00adtes comple\u00adjos de las bate\u00adr\u00edas, el control del motor o la cale\u00adfac\u00adci\u00f3n son ahora de cer\u00e1\u00admica. Gracias a su dila\u00adtada expe\u00adrien\u00adcia, GTS es capaz de empren\u00adder nuevos proyectos.[\/et_pb_text][\/et_pb_column][\/et_pb_row][\/et_pb_section][et_pb_section fb_built=\u201c1\u201d admin_label=\u201cBeispielprodukte\u201d _builder_version=\u201c4.11.3\u201d _module_preset=\u201cdefault\u201d background_color=\u201c#e3e5e8\u201d global_colors_info=\u201d{}\u201d][et_pb_row admin_label=\u201cGalerie\u201d module_class=\u201cgalerie\u20111\u20131\u201d _builder_version=\u201c4.11.3\u201d _module_preset=\u201cdefault\u201d width_last_edited=\u201coff|desktop\u201d custom_padding=\u201d||0px||false|false\u201d saved_tabs=\u201call\u201d locked=\u201coff\u201d global_colors_info=\u201d{}\u201d][et_pb_column type=\u201c4_4\u201d admin_label=\u201cGalerie\u201d _builder_version=\u201c4.11.3\u201d _module_preset=\u201cdefault\u201d global_colors_info=\u201d{}\u201d][et_pb_gallery gallery_ids=\u201c348157,348156,348155,348154,348153,348152,348151,348150,348149\u201d posts_number=\u201c9\u201d show_title_and_caption=\u201coff\u201d show_pagination=\u201coff\u201d zoom_icon_color=\u201cRGBA(0,0,0,0)\u201d hover_overlay_color=\u201cRGBA(0,0,0,0)\u201d admin_label=\u201cGalerie\u201d _builder_version=\u201c4.11.3\u201d _module_preset=\u201cdefault\u201d global_colors_info=\u201d{}\u201d transform_styles__hover_enabled=\u201con|hover\u201d transform_scale__hover_enabled=\u201con|hover\u201d transform_translate__hover_enabled=\u201con|desktop\u201d transform_rotate__hover_enabled=\u201con|desktop\u201d transform_skew__hover_enabled=\u201con|desktop\u201d transform_origin__hover_enabled=\u201con|desktop\u201d][\/et_pb_gallery][et_pb_code disabled_on=\u201coff|off|off\u201d admin_label=\u201cCode CSS Forma\u00adtie\u00adrung 1\u20131\u2011Galerie\u201d _builder_version=\u201c4.10.7\u201d _module_preset=\u201cdefault\u201d global_module=\u201c348450\u201d saved_tabs=\u201call\u201d global_colors_info=\u201d{}\u201d]<\/p>\n<style><!-- [et_pb_line_break_holder] -->  \/*** Galerie in Beitr\u00e4gen ***\/<!-- [et_pb_line_break_holder] -->\/* Format 1:1 *\/<!-- [et_pb_line_break_holder] -->.galerie-1-1 .et_pb_gallery_image {<!-- [et_pb_line_break_holder] -->  padding-top: 100%;<!-- [et_pb_line_break_holder] -->  display: block;<!-- [et_pb_line_break_holder] -->}<!-- [et_pb_line_break_holder] --><!-- [et_pb_line_break_holder] -->.galerie-1-1 .et_pb_gallery_item img {<!-- [et_pb_line_break_holder] -->  position: absolute;<!-- [et_pb_line_break_holder] -->  height: 100%;<!-- [et_pb_line_break_holder] -->\/*<!-- [et_pb_line_break_holder] -->  width: 100%;<!-- [et_pb_line_break_holder] -->*\/<!-- [et_pb_line_break_holder] -->  top: 0;<!-- [et_pb_line_break_holder] -->  left: 0;<!-- [et_pb_line_break_holder] -->  right: 0;<!-- [et_pb_line_break_holder] -->  bottom: 0;<!-- [et_pb_line_break_holder] -->  object-fit: ;<!-- [et_pb_line_break_holder] -->}<!-- [et_pb_line_break_holder] -->.galerie-1-1 .et_pb_gallery {<!-- [et_pb_line_break_holder] -->\tmargin-left: 0;<!-- [et_pb_line_break_holder] -->}<!-- [et_pb_line_break_holder] -->.galerie-1-1 .et_pb_gallery .et_pb_gallery_item {<!-- [et_pb_line_break_holder] -->\tmargin-right: 4%;<!-- [et_pb_line_break_holder] -->\tmargin-bottom: 2vw;<!-- [et_pb_line_break_holder] -->}<!-- [et_pb_line_break_holder] -->@media all and (max-width: 767px) {<!-- [et_pb_line_break_holder] -->.galerie-1-1 .et_pb_gallery .et_pb_gallery_item {<!-- [et_pb_line_break_holder] -->\twidth: 45vw;<!-- [et_pb_line_break_holder] -->}<!-- [et_pb_line_break_holder] --> <!-- [et_pb_line_break_holder] -->}<!-- [et_pb_line_break_holder] -->@media all and (min-width: 767px) {<!-- [et_pb_line_break_holder] -->.galerie-1-1  .et_pb_gallery .et_pb_gallery_item {<!-- [et_pb_line_break_holder] -->\twidth: 30%;<!-- [et_pb_line_break_holder] -->}<!-- [et_pb_line_break_holder] --> <!-- [et_pb_line_break_holder] -->}<!-- [et_pb_line_break_holder] -->.galerie-1-1  .et_pb_gallery  span.et_overlay {<!-- [et_pb_line_break_holder] -->    display:none;<!-- [et_pb_line_break_holder] -->}<!-- [et_pb_line_break_holder] -->.galerie-1-1  .et_pb_gallery img {<!-- [et_pb_line_break_holder] -->    transition:all 0.5s; <!-- [et_pb_line_break_holder] -->    -moz-transition:all 0.5s; <!-- [et_pb_line_break_holder] -->    -webkit-transition:all 0.5s; <!-- [et_pb_line_break_holder] -->}<!-- [et_pb_line_break_holder] -->    <!-- [et_pb_line_break_holder] -->.galerie-1-1  .et_pb_gallery img:hover {<!-- [et_pb_line_break_holder] -->    transform:scale(1.1);<!-- [et_pb_line_break_holder] -->    -moz-transform:scale(1.1);<!-- [et_pb_line_break_holder] -->    -webkit-transform:scale(1.1);<!-- [et_pb_line_break_holder] -->}<!-- [et_pb_line_break_holder] --><\/style>\n<p>[\/et_pb_code][\/et_pb_column][\/et_pb_row][\/et_pb_section]<\/p>\n","protected":false},"excerpt":{"rendered":"<p>GTS Kera\u00admik Made in Germany\u00adSec\u00adtor solar y de bate\u00adr\u00edas\u00adComo fabri\u00adcante de compo\u00adnen\u00adtes cer\u00e1\u00admi\u00adcos, GTS ha desem\u00adpe\u00ad\u00f1ado un papel impor\u00adtante en el desa\u00adrro\u00adllo de celdas sola\u00adres desde sus inicios. En la d\u00e9cada de los noventa, se desa\u00adrro\u00adlla\u00adron las prime\u00adras celdas sola\u00adres con Wacker Chemie y poste\u00adrior\u00admente se produ\u00adje\u00adron con Bayer\u00adwerke. Poste\u00adrior\u00admente, nues\u00adtros produc\u00adtos se inte\u00adgra\u00adron en [\u2026]<\/p>\n","protected":false},"author":121,"featured_media":0,"parent":371085,"menu_order":70,"comment_status":"closed","ping_status":"closed","template":"","meta":{"_acf_changed":false,"_et_pb_use_builder":"on","_et_pb_old_content":"","_et_gb_content_width":"","wp_typography_post_enhancements_disabled":false,"footnotes":""},"class_list":["post-371038","page","type-page","status-publish","hentry"],"acf":[],"_links":{"self":[{"href":"https:\/\/gts-keramik.de\/es\/wp-json\/wp\/v2\/pages\/371038","targetHints":{"allow":["GET"]}}],"collection":[{"href":"https:\/\/gts-keramik.de\/es\/wp-json\/wp\/v2\/pages"}],"about":[{"href":"https:\/\/gts-keramik.de\/es\/wp-json\/wp\/v2\/types\/page"}],"author":[{"embeddable":true,"href":"https:\/\/gts-keramik.de\/es\/wp-json\/wp\/v2\/users\/121"}],"replies":[{"embeddable":true,"href":"https:\/\/gts-keramik.de\/es\/wp-json\/wp\/v2\/comments?post=371038"}],"version-history":[{"count":2,"href":"https:\/\/gts-keramik.de\/es\/wp-json\/wp\/v2\/pages\/371038\/revisions"}],"predecessor-version":[{"id":371040,"href":"https:\/\/gts-keramik.de\/es\/wp-json\/wp\/v2\/pages\/371038\/revisions\/371040"}],"up":[{"embeddable":true,"href":"https:\/\/gts-keramik.de\/es\/wp-json\/wp\/v2\/pages\/371085"}],"wp:attachment":[{"href":"https:\/\/gts-keramik.de\/es\/wp-json\/wp\/v2\/media?parent=371038"}],"curies":[{"name":"wp","href":"https:\/\/api.w.org\/{rel}","templated":true}]}}