{"id":371050,"date":"2022-10-15T00:38:51","date_gmt":"2022-10-14T22:38:51","guid":{"rendered":"https:\/\/gts-keramik.de\/ceramica-de-ingenieria\/"},"modified":"2025-08-06T00:48:05","modified_gmt":"2025-08-05T22:48:05","slug":"ceramica-de-ingenieria","status":"publish","type":"page","link":"https:\/\/gts-keramik.de\/es\/sectores\/ceramica-de-ingenieria\/","title":{"rendered":"Cer\u00e1\u00admica de inge\u00adnie\u00adr\u00eda"},"content":{"rendered":"<p>[et_pb_section fb_built=\u201c1\u201d fullwidth=\u201con\u201d admin_label=\u201cHeaderbild\u201d _builder_version=\u201c4.16\u201d _module_preset=\u201ca4fc1a04-b02b-466a-b79a-d5ab08444492\u201d background_image=\u201chttps:\/\/gts-keramik.de\/wp-content\/uploads\/2021\/11\/Branchen-Ingenieurkeramik.jpg\u201d background_enable_image=\u201con\u201d locked=\u201coff\u201d global_colors_info=\u201d{}\u201d][\/et_pb_section][et_pb_section fb_built=\u201c1\u201d admin_label=\u201cIngenieurkeramik\u201d _builder_version=\u201c4.16\u201d _module_preset=\u201cdefault\u201d locked=\u201coff\u201d global_colors_info=\u201d{}\u201d][et_pb_row use_custom_gutter=\u201con\u201d gutter_width=\u201c2\u201d admin_label=\u201cCer\u00e1mica de inge\u00adnie\u00adr\u00eda\u201d _builder_version=\u201c4.16\u201d _module_preset=\u201cdefault\u201d custom_margin=\u201d||0px||false|false\u201d custom_padding=\u201d||0px||false|false\u201d global_colors_info=\u201d{}\u201d][et_pb_column type=\u201c4_4\u201d _builder_version=\u201c4.16\u201d _module_preset=\u201cdefault\u201d global_colors_info=\u201d{}\u201d][et_pb_text admin_label=\u201cGTS Kera\u00admik\u201d _builder_version=\u201c4.18.0\u201d _module_preset=\u201c_initial\u201d text_font=\u201cOpen Sans V34-700||||||||\u201d text_text_color=\u201cgcid-b0775474-251e-4a81-998c-beb91d712aea\u201d text_font_size=\u201c60px\u201d text_letter_spacing=\u201d-2px\u201d text_orientation=\u201ccenter\u201d text_font_size_tablet=\u201c48px\u201d text_font_size_phone=\u201c36px\u201d text_font_size_last_edited=\u201con|desktop\u201d saved_tabs=\u201call\u201d locked=\u201coff\u201d global_colors_info=\u201d{%22gcid-b0775474-251e-4a81-998c-beb91d712aea%22:%91%22text_text_color%22%93}\u201d global_module=\u201c372210\u201d theme_builder_area=\u201cpost_content\u201d]GTS Kera\u00admik<br>\n<span style=\"font-size: 50%; display: inline-block; padding-top: 0.8em;\">Made in Germany <\/span>[\/et_pb_text][et_pb_text admin_label=\u201cIngenieurkeramik\u201d _builder_version=\u201c4.16\u201d _module_preset=\u201ccaaf3a84-9a96-422b-86b8-e206eeef3622\u201d text_orientation=\u201ccenter\u201d global_colors_info=\u201d{}\u201d]<\/p>\n<h1>Cer\u00e1\u00admica de inge\u00adnie\u00adr\u00eda<\/h1>\n<p>[\/et_pb_text][et_pb_text admin_label=\u201cAls einer \u2026\u201d _builder_version=\u201c4.16\u201d _module_preset=\u201c13a47db2-f326-4955\u20139d67-5ccccd505991\u201d max_width=\u201c100%\u201d max_width_tablet=\u201d\u201d max_width_phone=\u201d\u201d max_width_last_edited=\u201con|tablet\u201d global_colors_info=\u201d{}\u201d]Las diver\u00adsas propie\u00adda\u00addes de los produc\u00adtos cer\u00e1\u00admi\u00adcos crean una inmensa gama de posi\u00adbles apli\u00adca\u00adcio\u00adnes. Los compo\u00adnen\u00adtes cer\u00e1\u00admi\u00adcos pueden encon\u00adtrarse ahora en casi todos los secto\u00adres de la econo\u00adm\u00eda. La inves\u00adti\u00adga\u00adci\u00f3n descu\u00adbre cada d\u00eda nuevas apli\u00adca\u00adcio\u00adnes. GTS se ha espe\u00adcia\u00adli\u00adzado en el campo de la tecno\u00adlo\u00adg\u00eda del desgaste. Piezas compac\u00adtas para inge\u00adnie\u00adr\u00eda mec\u00e1\u00adnica o piezas de preci\u00adsi\u00f3n fili\u00adgra\u00adna\u00addas para tecno\u00adlo\u00adg\u00eda m\u00e9dica, as\u00ed como dise\u00ad\u00f1os espe\u00adcia\u00adles para elec\u00adtr\u00f3\u00adnica, forman parte de nues\u00adtra gama est\u00e1n\u00addar. El proceso 3D tambi\u00e9n se utiliza para la produc\u00adci\u00f3n de proto\u00adti\u00adpos. La poste\u00adrior cocci\u00f3n de sinte\u00adri\u00adza\u00adci\u00f3n comprime el mate\u00adrial hasta una dureza tan elevada que las piezas s\u00f3lo pueden seguir proce\u00ads\u00e1n\u00addose con herra\u00admien\u00adtas de diamante. Este producto lo utili\u00adzan muchas empre\u00adsas que nece\u00adsi\u00adtan proto\u00adti\u00adpos en su fase de desa\u00adrro\u00adllo hasta que est\u00e1n listos para la produc\u00adci\u00f3n en serie. Fabri\u00adca\u00admos compo\u00adnen\u00adtes cer\u00e1\u00admi\u00adcos alta\u00admente resis\u00adten\u00adtes al desgaste de diver\u00adsas cer\u00e1\u00admi\u00adcas y piezas moldea\u00addas meca\u00adni\u00adza\u00addas con preci\u00adsi\u00f3n seg\u00fan las espe\u00adci\u00adfi\u00adca\u00adcio\u00adnes de nues\u00adtros clien\u00adtes, como piezas indi\u00advi\u00addua\u00adles o en gran\u00addes series. Nues\u00adtro servi\u00adcio t\u00e9cnico tambi\u00e9n est\u00e1 a tu dispo\u00adsi\u00adci\u00f3n en todo momento en este \u00e1mbito y estar\u00e1 encan\u00adtado de asesorarte.[\/et_pb_text][\/et_pb_column][\/et_pb_row][\/et_pb_section][et_pb_section fb_built=\u201c1\u201d admin_label=\u201cBeispielprodukte\u201d _builder_version=\u201c4.16\u201d _module_preset=\u201cdefault\u201d background_color=\u201c#e3e5e8\u201d global_colors_info=\u201d{}\u201d][et_pb_row admin_label=\u201cGalerie\u201d module_class=\u201cgalerie\u20111\u20131\u201d _builder_version=\u201c4.16\u201d _module_preset=\u201cdefault\u201d width_last_edited=\u201coff|desktop\u201d custom_padding=\u201d||0px||false|false\u201d saved_tabs=\u201call\u201d locked=\u201coff\u201d global_colors_info=\u201d{}\u201d][et_pb_column type=\u201c4_4\u201d admin_label=\u201cGalerie\u201d _builder_version=\u201c4.16\u201d _module_preset=\u201cdefault\u201d global_colors_info=\u201d{}\u201d][et_pb_gallery gallery_ids=\u201c361931,361928,361925,361922,361919,361916,361913,361910,361907\u201d posts_number=\u201c9\u201d show_title_and_caption=\u201coff\u201d show_pagination=\u201coff\u201d zoom_icon_color=\u201cRGBA(0,0,0,0)\u201d hover_overlay_color=\u201cRGBA(0,0,0,0)\u201d admin_label=\u201cGalerie\u201d _builder_version=\u201c4.16\u201d _module_preset=\u201cdefault\u201d global_colors_info=\u201d{}\u201d transform_styles__hover_enabled=\u201con|hover\u201d transform_scale__hover_enabled=\u201con|hover\u201d transform_translate__hover_enabled=\u201con|desktop\u201d transform_rotate__hover_enabled=\u201con|desktop\u201d transform_skew__hover_enabled=\u201con|desktop\u201d transform_origin__hover_enabled=\u201con|desktop\u201d][\/et_pb_gallery][et_pb_code disabled_on=\u201coff|off|off\u201d admin_label=\u201cCode CSS Forma\u00adtie\u00adrung 1\u20131\u2011Galerie\u201d _builder_version=\u201c4.18.0\u201d _module_preset=\u201cdefault\u201d global_module=\u201c348450\u201d saved_tabs=\u201call\u201d global_colors_info=\u201d{}\u201d]<\/p>\n<style><!-- [et_pb_line_break_holder] -->  \/*** Galerie in Beitr\u00e4gen ***\/<!-- [et_pb_line_break_holder] -->\/* Format 1:1 *\/<!-- [et_pb_line_break_holder] -->.galerie-1-1 .et_pb_gallery_image {<!-- [et_pb_line_break_holder] -->  padding-top: 100%;<!-- [et_pb_line_break_holder] -->  display: block;<!-- [et_pb_line_break_holder] -->}<!-- [et_pb_line_break_holder] --><!-- [et_pb_line_break_holder] -->.galerie-1-1 .et_pb_gallery_item img {<!-- [et_pb_line_break_holder] -->  position: absolute;<!-- [et_pb_line_break_holder] -->  height: 100%;<!-- [et_pb_line_break_holder] -->\/*<!-- [et_pb_line_break_holder] -->  width: 100%;<!-- [et_pb_line_break_holder] -->*\/<!-- [et_pb_line_break_holder] -->  top: 0;<!-- [et_pb_line_break_holder] -->  left: 0;<!-- [et_pb_line_break_holder] -->  right: 0;<!-- [et_pb_line_break_holder] -->  bottom: 0;<!-- [et_pb_line_break_holder] -->  object-fit: ;<!-- [et_pb_line_break_holder] -->}<!-- [et_pb_line_break_holder] -->.galerie-1-1 .et_pb_gallery {<!-- [et_pb_line_break_holder] -->\tmargin-left: 0;<!-- [et_pb_line_break_holder] -->}<!-- [et_pb_line_break_holder] -->.galerie-1-1 .et_pb_gallery .et_pb_gallery_item {<!-- [et_pb_line_break_holder] -->\tmargin-right: 4%;<!-- [et_pb_line_break_holder] -->\tmargin-bottom: 2vw;<!-- [et_pb_line_break_holder] -->}<!-- [et_pb_line_break_holder] -->@media all and (max-width: 767px) {<!-- [et_pb_line_break_holder] -->.galerie-1-1 .et_pb_gallery .et_pb_gallery_item {<!-- [et_pb_line_break_holder] -->\twidth: 45vw;<!-- [et_pb_line_break_holder] -->}<!-- [et_pb_line_break_holder] --> <!-- [et_pb_line_break_holder] -->}<!-- [et_pb_line_break_holder] -->@media all and (min-width: 767px) {<!-- [et_pb_line_break_holder] -->.galerie-1-1  .et_pb_gallery .et_pb_gallery_item {<!-- [et_pb_line_break_holder] -->\twidth: 30%;<!-- [et_pb_line_break_holder] -->}<!-- [et_pb_line_break_holder] --> <!-- [et_pb_line_break_holder] -->}<!-- [et_pb_line_break_holder] -->.galerie-1-1  .et_pb_gallery  span.et_overlay {<!-- [et_pb_line_break_holder] -->    display:none;<!-- [et_pb_line_break_holder] -->}<!-- [et_pb_line_break_holder] -->.galerie-1-1  .et_pb_gallery img {<!-- [et_pb_line_break_holder] -->    transition:all 0.5s; <!-- [et_pb_line_break_holder] -->    -moz-transition:all 0.5s; <!-- [et_pb_line_break_holder] -->    -webkit-transition:all 0.5s; <!-- [et_pb_line_break_holder] -->}<!-- [et_pb_line_break_holder] -->    <!-- [et_pb_line_break_holder] -->.galerie-1-1  .et_pb_gallery img:hover {<!-- [et_pb_line_break_holder] -->    transform:scale(1.1);<!-- [et_pb_line_break_holder] -->    -moz-transform:scale(1.1);<!-- [et_pb_line_break_holder] -->    -webkit-transform:scale(1.1);<!-- [et_pb_line_break_holder] -->}<!-- [et_pb_line_break_holder] --><\/style>\n<p>[\/et_pb_code][\/et_pb_column][\/et_pb_row][\/et_pb_section]<\/p>\n","protected":false},"excerpt":{"rendered":"<p>GTS Kera\u00admik Made in Germany Cer\u00e1\u00admica de inge\u00adnie\u00adr\u00eda\u00adLas diver\u00adsas propie\u00adda\u00addes de los produc\u00adtos cer\u00e1\u00admi\u00adcos crean una inmensa gama de posi\u00adbles apli\u00adca\u00adcio\u00adnes. Los compo\u00adnen\u00adtes cer\u00e1\u00admi\u00adcos pueden encon\u00adtrarse ahora en casi todos los secto\u00adres de la econo\u00adm\u00eda. La inves\u00adti\u00adga\u00adci\u00f3n descu\u00adbre cada d\u00eda nuevas apli\u00adca\u00adcio\u00adnes. GTS se ha espe\u00adcia\u00adli\u00adzado en el campo de la tecno\u00adlo\u00adg\u00eda del desgaste. Piezas [\u2026]<\/p>\n","protected":false},"author":121,"featured_media":0,"parent":371085,"menu_order":20,"comment_status":"closed","ping_status":"closed","template":"","meta":{"_acf_changed":false,"_et_pb_use_builder":"on","_et_pb_old_content":"","_et_gb_content_width":"","wp_typography_post_enhancements_disabled":false,"footnotes":""},"class_list":["post-371050","page","type-page","status-publish","hentry"],"acf":[],"_links":{"self":[{"href":"https:\/\/gts-keramik.de\/es\/wp-json\/wp\/v2\/pages\/371050","targetHints":{"allow":["GET"]}}],"collection":[{"href":"https:\/\/gts-keramik.de\/es\/wp-json\/wp\/v2\/pages"}],"about":[{"href":"https:\/\/gts-keramik.de\/es\/wp-json\/wp\/v2\/types\/page"}],"author":[{"embeddable":true,"href":"https:\/\/gts-keramik.de\/es\/wp-json\/wp\/v2\/users\/121"}],"replies":[{"embeddable":true,"href":"https:\/\/gts-keramik.de\/es\/wp-json\/wp\/v2\/comments?post=371050"}],"version-history":[{"count":5,"href":"https:\/\/gts-keramik.de\/es\/wp-json\/wp\/v2\/pages\/371050\/revisions"}],"predecessor-version":[{"id":382054,"href":"https:\/\/gts-keramik.de\/es\/wp-json\/wp\/v2\/pages\/371050\/revisions\/382054"}],"up":[{"embeddable":true,"href":"https:\/\/gts-keramik.de\/es\/wp-json\/wp\/v2\/pages\/371085"}],"wp:attachment":[{"href":"https:\/\/gts-keramik.de\/es\/wp-json\/wp\/v2\/media?parent=371050"}],"curies":[{"name":"wp","href":"https:\/\/api.w.org\/{rel}","templated":true}]}}