{"id":371118,"date":"2022-10-15T15:45:44","date_gmt":"2022-10-15T13:45:44","guid":{"rendered":"https:\/\/gts-keramik.de\/acerca-de-nosotros\/"},"modified":"2022-11-17T20:57:48","modified_gmt":"2022-11-17T19:57:48","slug":"acerca-de-nosotros","status":"publish","type":"page","link":"https:\/\/gts-keramik.de\/es\/acerca-de-nosotros\/","title":{"rendered":"Acerca de noso\u00adtros"},"content":{"rendered":"<p>[et_pb_section fb_built=\u201c1\u201d fullwidth=\u201con\u201d admin_label=\u201cHeader-Image\u201d _builder_version=\u201c4.16\u201d _module_preset=\u201ca4fc1a04-b02b-466a-b79a-d5ab08444492\u201d background_image=\u201chttps:\/\/gts-keramik.de\/wp-content\/uploads\/2021\/11\/Ueber-uns-GTS-Keramik.jpg\u201d background_enable_image=\u201con\u201d locked=\u201coff\u201d global_colors_info=\u201d{}\u201d][et_pb_fullwidth_header title=\u201cAcerca de noso\u00adtros\u201d _builder_version=\u201c4.16\u201d _module_preset=\u201cdefault\u201d title_text_color=\u201cRGBA(255,255,255,0)\u201d background_color=\u201cRGBA(255,255,255,0)\u201d custom_margin=\u201c0px|0px|0px|0px|false|false\u201d custom_padding=\u201c0px|0px|0px|0px|false|false\u201d custom_css_main_element=\u201cheight: 0 !impor\u00adtant;\u201d global_colors_info=\u201d{}\u201d][\/et_pb_fullwidth_header][\/et_pb_section][et_pb_section fb_built=\u201c1\u201d admin_label=\u201cPhilosophie\u201d module_id=\u201cphilosophie\u201d _builder_version=\u201c4.16\u201d _module_preset=\u201cdefault\u201d global_colors_info=\u201d{}\u201d][et_pb_row admin_label=\u201cFilosof\u00eda\u201d _builder_version=\u201c4.16\u201d _module_preset=\u201cdefault\u201d custom_margin=\u201d||0px||false|false\u201d custom_padding=\u201d||0px||false|false\u201d global_colors_info=\u201d{}\u201d][et_pb_column type=\u201c4_4\u201d _builder_version=\u201c4.16\u201d _module_preset=\u201cdefault\u201d global_colors_info=\u201d{}\u201d][et_pb_text admin_label=\u201cHeading Philo\u00adsophie\u201d _builder_version=\u201c4.18.0\u201d _module_preset=\u201c14578171-f981-4425-bd48-4eec1506eeb5\u201d header_font=\u201d|700|||||||\u201d hover_enabled=\u201c0\u201d global_colors_info=\u201d{}\u201d sticky_enabled=\u201c0\u201d]<\/p>\n<h2>Filo\u00adso\u00adf\u00eda<\/h2>\n<p>[\/et_pb_text][\/et_pb_column][\/et_pb_row][et_pb_row column_structure=\u201c2_3,1_3\u201d admin_label=\u201cPhilosophie Text mit Bild\u201d _builder_version=\u201c4.16\u201d _module_preset=\u201cdefault\u201d custom_margin=\u201c0px||||false|false\u201d custom_padding=\u201c0px||||false|false\u201d global_colors_info=\u201d{}\u201d][et_pb_column type=\u201c2_3\u201d admin_label=\u201cText\u201d _builder_version=\u201c4.16\u201d _module_preset=\u201cdefault\u201d global_colors_info=\u201d{}\u201d][et_pb_text _builder_version=\u201c4.16\u201d _module_preset=\u201c13a47db2-f326-4955\u20139d67-5ccccd505991\u201d global_colors_info=\u201d{}\u201d]<\/p>\n<p>GTS se ha conver\u00adtido en uno de los prin\u00adci\u00adpa\u00adles fabri\u00adcan\u00adtes de cer\u00e1\u00admica indus\u00adtrial de Alema\u00adnia. Nues\u00adtro trabajo de inves\u00adti\u00adga\u00adci\u00f3n y desa\u00adrro\u00adllo se centra, entre otras cosas, en las \u00e1reas de cer\u00e1\u00admica espe\u00adcial y tecno\u00adlo\u00adg\u00eda de desgaste. En la actua\u00adli\u00addad, la expan\u00adsi\u00f3n y el desa\u00adrro\u00adllo poste\u00adrior de GTS est\u00e1n siendo gestio\u00adna\u00addos por la segunda gene\u00adra\u00adci\u00f3n como empresa fami\u00adliar.  <\/p>\n<p>Las adqui\u00adsi\u00adcio\u00adnes de compe\u00adti\u00addo\u00adres del mercado han conso\u00adli\u00addado a\u00fan m\u00e1s la posi\u00adci\u00f3n esta\u00adble\u00adcida de GTS como l\u00edder del mercado de la fundi\u00adci\u00f3n de preci\u00adsi\u00f3n, fundi\u00adci\u00f3n de joye\u00adr\u00eda, labo\u00adra\u00adto\u00adrio y tecno\u00adlo\u00adg\u00eda m\u00e9dica. La filo\u00adso\u00adf\u00eda de nues\u00adtra empresa se ha mante\u00adnido fiel a los prin\u00adci\u00adpios de cali\u00addad y desa\u00adrro\u00adllo conti\u00adnuado. Nues\u00adtro trabajo se basa en la consulta y el inter\u00adcam\u00adbio directo con nues\u00adtros clien\u00adtes. Nos complace acom\u00adpa\u00ad\u00f1ar proyec\u00adtos que pongan de relieve nues\u00adtras compe\u00adten\u00adcias en mate\u00adria de inves\u00adti\u00adga\u00adci\u00f3n y desa\u00adrro\u00adllo. Adem\u00e1s, ofre\u00adce\u00admos una amplia gama de grupos de produc\u00adtos estan\u00adda\u00adri\u00adza\u00addos a precios atrac\u00adti\u00advos con la cono\u00adcida alta cali\u00addad de GTS.    <\/p>\n<p>M\u00e1s de un cente\u00adnar de univer\u00adsi\u00adda\u00addes e insti\u00adtu\u00adtos de inves\u00adti\u00adga\u00adci\u00f3n de Europa cola\u00adbo\u00adran con GTS. De esta forma, hemos tenido una gran influen\u00adcia en el desa\u00adrro\u00adllo de susti\u00adtu\u00adtos \u00f3seos arti\u00adfi\u00adcia\u00adles, nuevas cali\u00adda\u00addes de cer\u00e1\u00admica para la fundi\u00adci\u00f3n de platino o c\u00e1ma\u00adras de reac\u00adci\u00f3n para la gene\u00adra\u00adci\u00f3n de ener\u00adg\u00eda a partir de biog\u00e1s. Por eso consi\u00adde\u00adra\u00admos tan impor\u00adtante ser miem\u00adbros acti\u00advos de diver\u00adsas orga\u00adni\u00adza\u00adcio\u00adnes y proyec\u00adtos de inves\u00adti\u00adga\u00adci\u00f3n para inno\u00adva\u00adcio\u00adnes y nuevos desa\u00adrro\u00adllos.  <\/p>\n<p>[\/et_pb_text][\/et_pb_column][et_pb_column type=\u201c1_3\u201d admin_label=\u201cBild\u201d _builder_version=\u201c4.16\u201d _module_preset=\u201cdefault\u201d global_colors_info=\u201d{}\u201d custom_css_main_element_last_edited=\u201con|tablet\u201d custom_css_main_element_tablet=\u201cdisplay: flex;||align-items: center;||justify-content: space-evenly;\u201d custom_css_main_element_phone=\u201cdisplay: flex;||align-items: center;||justify-content: space-evenly;\u201d][et_pb_image src=\u201chttps:\/\/gts-keramik.de\/wp-content\/uploads\/2021\/10\/Bildschirmfoto-2021\u201304-28-um-10.09.28.png\u201d alt=\u201cAndreas M\u00fcller \u2013 Direc\u00adtor Gene\u00adral GTS KERAMIK\u201d title_text=\u201cAndreas M\u00fcller\u201d admin_label=\u201cFoto Andreas M\u00fcller\u201d _builder_version=\u201c4.16\u201d _module_preset=\u201cdefault\u201d width_tablet=\u201c40%\u201d width_phone=\u201d\u201d width_last_edited=\u201con|tablet\u201d max_width_tablet=\u201c300px\u201d max_width_phone=\u201d\u201d max_width_last_edited=\u201con|tablet\u201d custom_margin=\u201c0px|0px||0px|false|false\u201d custom_margin_tablet=\u201d||0px||false|false\u201d custom_margin_phone=\u201d\u201d custom_margin_last_edited=\u201con|tablet\u201d global_colors_info=\u201d{}\u201d][\/et_pb_image][et_pb_text admin_label=\u201cBeschriftung Foto\u201d _builder_version=\u201c4.16\u201d _module_preset=\u201cdefault\u201d custom_margin_tablet=\u201d|||2em|false|false\u201d custom_margin_phone=\u201d\u201d custom_margin_last_edited=\u201con|tablet\u201d global_colors_info=\u201d{}\u201d]<strong>Andreas M\u00fcller<\/strong><br>\nDirec\u00adtor Gene\u00adral <span style=\"white-space: nowrap;\">GTS KERAMIK<\/span>[\/et_pb_text][\/et_pb_column][\/et_pb_row][\/et_pb_section][et_pb_section fb_built=\u201c1\u201d admin_label=\u201cUnternehmensgeschichte\u201d module_id=\u201cgeschichte\u201d _builder_version=\u201c4.16\u201d _module_preset=\u201cdefault\u201d global_colors_info=\u201d{}\u201d][et_pb_row admin_label=\u201cHistoria de la empresa\u201d _builder_version=\u201c4.16\u201d _module_preset=\u201cdefault\u201d custom_margin=\u201d||0px||false|false\u201d custom_padding=\u201d||0px||false|false\u201d global_colors_info=\u201d{}\u201d][et_pb_column type=\u201c4_4\u201d _builder_version=\u201c4.16\u201d _module_preset=\u201cdefault\u201d global_colors_info=\u201d{}\u201d][et_pb_text admin_label=\u201cHeading Unter\u00adneh\u00admens\u00adges\u00adchichte\u201d _builder_version=\u201c4.16\u201d _module_preset=\u201c14578171-f981-4425-bd48-4eec1506eeb5\u201d global_colors_info=\u201d{}\u201d]<\/p>\n<h2>Histo\u00adria de la empresa<\/h2>\n<p>[\/et_pb_text][et_pb_text disabled_on=\u201coff|off|off\u201d admin_label=\u201cText Unter\u00adneh\u00admens\u00adges\u00adchichte zweis\u00adpal\u00adtig\u201d _builder_version=\u201c4.16\u201d _module_preset=\u201cad801405-2e58-4b15-b02a-2fa8f731fd4b\u201d global_colors_info=\u201d{}\u201d]<\/p>\n<p>En 1985, Horst M\u00fcller fund\u00f3 FMCP por encargo de la fundi\u00adci\u00f3n belga de acero inoxi\u00adda\u00adble Magot\u00adteaux S.A. en D\u00fcssel\u00addorf (Alema\u00adnia), la planta origi\u00adnal de produc\u00adci\u00f3n de criso\u00adles con un labo\u00adra\u00adto\u00adrio de desa\u00adrro\u00adllo asociado.<\/p>\n<p>El trabajo de inves\u00adti\u00adga\u00adci\u00f3n se centr\u00f3 en el campo de las cer\u00e1\u00admi\u00adcas espe\u00adcia\u00adles y la tecno\u00adlo\u00adg\u00eda del desgaste. De ah\u00ed surgie\u00adron bolas para molienda de cer\u00e1\u00admica de la m\u00e1xima cali\u00addad hace ya m\u00e1s de 25 a\u00f1os. La empresa matriz, Magot\u00adteaux S.A., se bene\u00adfi\u00adci\u00f3 de estos desa\u00adrro\u00adllos t\u00e9cni\u00adcos y fund\u00f3 la planta de bolas para molienda Mega\u00adce\u00adram S.A. en B\u00e9lgica. Horst M\u00fcller fue el encar\u00adgado de poner en marcha la planta como direc\u00adtor t\u00e9cnico.   <\/p>\n<p>Unos a\u00f1os m\u00e1s tarde, la planta de produc\u00adci\u00f3n de D\u00fcssel\u00addorf iba a ser priva\u00adti\u00adzada. Sin embargo, Horst M\u00fcller se hizo cargo de la sucur\u00adsal belga y fund\u00f3 GTS (Gie\u00df- Tech\u00adnis\u00adche- Sonder\u00adke\u00adra\u00admik GmbH &amp; Co. KG) en 1991. Durante diez a\u00f1os m\u00e1s, su camino sigui\u00f3 cruz\u00e1n\u00addose sin cesar con el de la empresa matriz. Como consul\u00adtor, puso a dispo\u00adsi\u00adci\u00f3n del Grupo Magot\u00adteaux sus ines\u00adti\u00adma\u00adbles cono\u00adci\u00admien\u00adtos. Durante ese periodo, promo\u00advi\u00f3 la expan\u00adsi\u00f3n y el desa\u00adrro\u00adllo t\u00e9cnico de GTS.    <\/p>\n<p>Con el tiempo, el \u00e9xito de los produc\u00adtos de GTS se tradujo en un gran desa\u00adrro\u00adllo de la empresa. Esta evolu\u00adci\u00f3n posi\u00adtiva hizo que GTS se convir\u00adtiera en una empresa firme\u00admente conso\u00adli\u00addada en los \u00e1mbi\u00adtos de la fundi\u00adci\u00f3n de preci\u00adsi\u00f3n, fundi\u00adci\u00f3n de joye\u00adr\u00eda, labo\u00adra\u00adto\u00adrio y tecno\u00adlo\u00adg\u00eda m\u00e9dica, e incluso en l\u00edder del mercado en deter\u00admi\u00adna\u00addos secto\u00adres. <\/p>\n<p>Debido al perma\u00adnente creci\u00admiento de GTS, Horst M\u00fcller nombr\u00f3 como direc\u00adtor a su hijo Andreas M\u00fcller en 2004, quien dio nuevos y deci\u00adsi\u00advos pasos para impul\u00adsar el desa\u00adrro\u00adllo de GTS. Ambas gene\u00adra\u00adcio\u00adnes apor\u00adtan conjun\u00adta\u00admente sus cono\u00adci\u00admien\u00adtos, su expe\u00adrien\u00adcia y su gran pasi\u00f3n por la cer\u00e1\u00admica.  <\/p>\n<p>En 2005, GTS adqui\u00adri\u00f3 la fundi\u00adci\u00f3n de cer\u00e1\u00admica Mega\u00adce\u00adram S.A. y tras\u00adlad\u00f3 su produc\u00adci\u00f3n de B\u00e9lgica a D\u00fcssel\u00addorf. El resul\u00adtado fue un mayor forta\u00adle\u00adci\u00admiento de GTS en el mercado inter\u00adna\u00adcio\u00adnal, por lo que tambi\u00e9n aument\u00f3 su parti\u00adci\u00adpa\u00adci\u00f3n en proyec\u00adtos de inves\u00adti\u00adga\u00adci\u00f3n y desa\u00adrro\u00adllo. Gracias a ello, m\u00e1s de cien univer\u00adsi\u00adda\u00addes y centros de inves\u00adti\u00adga\u00adci\u00f3n se bene\u00adfi\u00adcian de esta coope\u00adra\u00adci\u00f3n.  <\/p>\n<p>[\/et_pb_text][\/et_pb_column][\/et_pb_row][\/et_pb_section][et_pb_section fb_built=\u201c1\u201d admin_label=\u201cVideo \u00dcber GTS\u201d _builder_version=\u201c4.16\u201d _module_preset=\u201c_initial\u201d locked=\u201coff\u201d global_colors_info=\u201d{}\u201d][et_pb_row _builder_version=\u201c4.16\u201d _module_preset=\u201c_initial\u201d global_colors_info=\u201d{}\u201d][et_pb_column type=\u201c4_4\u201d _builder_version=\u201c4.16\u201d _module_preset=\u201cdefault\u201d global_colors_info=\u201d{}\u201d][et_pb_video src=\u201chttps:\/\/gts-keramik.de\/wp-content\/uploads\/2021\/10\/Tropfen-06.10.21-SD-480p_1.mp4\u201d src_webm=\u201chttps:\/\/gts-keramik.de\/wp-content\/uploads\/2021\/10\/Tropfen-06.10.21-SD-480p_1.webm\u201d disabled_on=\u201coff|off|off\u201d admin_label=\u201cVideo \u00dcber GTS\u201d module_class=\u201clwp-video-autoplay\u201d _builder_version=\u201c4.16\u201d _module_preset=\u201cdefault\u201d global_colors_info=\u201d{}\u201d][\/et_pb_video][\/et_pb_column][\/et_pb_row][\/et_pb_section][et_pb_section fb_built=\u201c1\u201d admin_label=\u201cForschung und Entwic\u00adklung\u201d module_id=\u201cforschung\u201d _builder_version=\u201c4.16\u201d _module_preset=\u201cdefault\u201d global_colors_info=\u201d{}\u201d][et_pb_row admin_label=\u201cInvestigaci\u00f3n y desa\u00adrro\u00adllo\u201d _builder_version=\u201c4.16\u201d _module_preset=\u201cdefault\u201d custom_margin=\u201d||0px||false|false\u201d custom_padding=\u201d||0px||false|false\u201d global_colors_info=\u201d{}\u201d][et_pb_column type=\u201c4_4\u201d _builder_version=\u201c4.16\u201d _module_preset=\u201cdefault\u201d positioning=\u201cnone\u201d global_colors_info=\u201d{}\u201d][et_pb_text admin_label=\u201cHeading Fors\u00adchung und Entwic\u00adklung\u201d _builder_version=\u201c4.16\u201d _module_preset=\u201c14578171-f981-4425-bd48-4eec1506eeb5\u201d global_colors_info=\u201d{}\u201d]<\/p>\n<h2>Inves\u00adti\u00adga\u00adci\u00f3n y desa\u00adrro\u00adllo<\/h2>\n<p>[\/et_pb_text][et_pb_text disabled_on=\u201coff|off|off\u201d admin_label=\u201cText Fors\u00adchung und Entwic\u00adklung zweis\u00adpal\u00adtig\u201d _builder_version=\u201c4.16\u201d _module_preset=\u201cad801405-2e58-4b15-b02a-2fa8f731fd4b\u201d global_colors_info=\u201d{}\u201d]<\/p>\n<p>GTS lleva inves\u00adti\u00adgando en los campos de las cer\u00e1\u00admi\u00adcas espe\u00adcia\u00adles y la tecno\u00adlo\u00adg\u00eda del desgaste desde 1985. GTS consi\u00addera que la inves\u00adti\u00adga\u00adci\u00f3n y el desa\u00adrro\u00adllo son la base de la inno\u00adva\u00adci\u00f3n y la gran cali\u00addad de sus produc\u00adtos, porque se aplica la m\u00e1xima: <\/p>\n<blockquote>\n<p><strong>IR SIEMPRE UN PASO POR DELANTE<\/strong><\/p>\n<\/blockquote>\n<p>Las opor\u00adtu\u00adni\u00adda\u00addes de futuro para GTS consis\u00adten, entre otras cosas, en abor\u00addar desde aspec\u00adtos de inves\u00adti\u00adga\u00adci\u00f3n comple\u00adjos y a largo plazo, hasta la inves\u00adti\u00adga\u00adci\u00f3n preli\u00admi\u00adnar. Al mismo tiempo, los cono\u00adci\u00admien\u00adtos adqui\u00adri\u00addos propor\u00adcio\u00adnan la base para desa\u00adrro\u00adllar nuevos produc\u00adtos y opti\u00admi\u00adzar los exis\u00adten\u00adtes. Esto se traduce, entre otras cosas, en su alto grado de reuti\u00adli\u00adza\u00adci\u00f3n, algo de lo que no solo nues\u00adtros clien\u00adtes se sien\u00adten orgu\u00adllo\u00adsos.  <\/p>\n<p>Garan\u00adti\u00adza\u00admos el uso econ\u00f3\u00admico de los recur\u00adsos en lo rela\u00adtivo a la soste\u00adni\u00adbi\u00adli\u00addad. En cuanto a inves\u00adti\u00adga\u00adci\u00f3n, GTS cola\u00adbora con una red de m\u00e1s de un cente\u00adnar de univer\u00adsi\u00adda\u00addes e insti\u00adtu\u00adtos. Esta coope\u00adra\u00adci\u00f3n est\u00e1 demos\u00adtrando m\u00e1s que nunca ser una situa\u00adci\u00f3n bene\u00adfi\u00adciosa para ambas partes. Adem\u00e1s, los progra\u00admas de finan\u00adcia\u00adci\u00f3n de la UE y la Rep\u00fa\u00adblica Fede\u00adral de Alema\u00adnia apoyan el trabajo conjunto.   <\/p>\n<p>Algu\u00adnos ejem\u00adplos de esto son \u00e1mbi\u00adtos como la fundi\u00adci\u00f3n en gel, la isopre\u00adsi\u00f3n, la fusi\u00f3n de platino y el desa\u00adrro\u00adllo de susti\u00adtu\u00adtos \u00f3seos arti\u00adfi\u00adcia\u00adles, los criso\u00adles de conte\u00adne\u00addo\u00adres para la tecno\u00adlo\u00adg\u00eda solar o las c\u00e1ma\u00adras de reac\u00adci\u00f3n para la produc\u00adci\u00f3n de biog\u00e1s y ener\u00adg\u00eda. Para no anclarse en inves\u00adti\u00adga\u00adci\u00f3n b\u00e1sica que no reporte bene\u00adfi\u00adcios econ\u00f3\u00admi\u00adcos, GTS se mantiene siem\u00adpre en contacto con sus clien\u00adtes y no pierde de vista el mercado actual. Nos intere\u00adsan espe\u00adcial\u00admente las fundi\u00adcio\u00adnes de joye\u00adr\u00eda y los fabri\u00adcan\u00adtes de plan\u00adtas de fundi\u00adci\u00f3n.  <\/p>\n<p>[\/et_pb_text][\/et_pb_column][\/et_pb_row][\/et_pb_section][et_pb_section fb_built=\u201c1\u201d admin_label=\u201cQualit\u00e4tssicherung\u201d module_id=\u201cqualitaet\u201d _builder_version=\u201c4.16\u201d _module_preset=\u201cdefault\u201d global_colors_info=\u201d{}\u201d][et_pb_row admin_label=\u201cGarant\u00eda de cali\u00addad\u201d _builder_version=\u201c4.16\u201d _module_preset=\u201c_initial\u201d custom_margin=\u201d||||false|false\u201d custom_padding=\u201d||4em||false|false\u201d global_colors_info=\u201d{}\u201d][et_pb_column type=\u201c4_4\u201d _builder_version=\u201c4.16\u201d _module_preset=\u201cdefault\u201d global_colors_info=\u201d{}\u201d][et_pb_text admin_label=\u201cHeading Quali\u00adt\u00e4ts\u00adsi\u00adche\u00adrung\u201d _builder_version=\u201c4.16\u201d _module_preset=\u201c14578171-f981-4425-bd48-4eec1506eeb5\u201d global_colors_info=\u201d{}\u201d]<\/p>\n<h2>Garan\u00adt\u00eda de cali\u00addad<\/h2>\n<p>[\/et_pb_text][et_pb_text disabled_on=\u201coff|off|off\u201d admin_label=\u201cText Quali\u00adt\u00e4ts\u00adsi\u00adche\u00adrung zweis\u00adpal\u00adtig\u201d _builder_version=\u201c4.16\u201d _module_preset=\u201cad801405-2e58-4b15-b02a-2fa8f731fd4b\u201d global_colors_info=\u201d{}\u201d]<\/p>\n<p>La empresa utiliza siste\u00admas para reco\u00adno\u00adcer posi\u00adbles erro\u00adres mediante estruc\u00adtu\u00adras orga\u00adni\u00adza\u00adti\u00advas y de proce\u00addi\u00admiento efica\u00adces, as\u00ed como para anali\u00adzar sus causas y evitar que se produz\u00adcan mediante medi\u00addas preven\u00adti\u00advas adecua\u00addas.<\/p>\n<p>Para alcan\u00adzar estos obje\u00adti\u00advos, todos los emplea\u00addos parti\u00adci\u00adpan en el proceso de intro\u00adduc\u00adci\u00f3n del sistema y en su implan\u00adta\u00adci\u00f3n perma\u00adnente. Para garan\u00adti\u00adzar la efica\u00adcia de estas y otras medi\u00addas, la capa\u00adci\u00adta\u00adci\u00f3n, la forma\u00adci\u00f3n y la moti\u00adva\u00adci\u00f3n de los emplea\u00addos desem\u00adpe\u00ad\u00f1an un papel deci\u00adsivo. <\/p>\n<p>Las mate\u00adrias primas utili\u00adza\u00addas en GTS se adquie\u00adren exclu\u00adsi\u00adva\u00admente de provee\u00addo\u00adres certi\u00adfi\u00adca\u00addos en condi\u00adcio\u00adnes de acep\u00adta\u00adci\u00f3n estric\u00adtas y contro\u00adla\u00addas. Para garan\u00adti\u00adzar una cali\u00addad cons\u00adtante a largo plazo, es de gran impor\u00adtan\u00adcia el alma\u00adce\u00adna\u00admiento de mate\u00adrias primas cr\u00edti\u00adcas. Por ejem\u00adplo, GTS alma\u00adcena espe\u00adcial\u00admente las deno\u00admi\u00adna\u00addas \u00abtierras raras\u00bb en gran\u00addes canti\u00adda\u00addes. En el pasado, la vincu\u00adla\u00adci\u00f3n de capi\u00adtal resul\u00adtante no deseada se ha pagado en forma de un aumento cons\u00adtante de los precios de las mate\u00adrias primas.   <\/p>\n<p>El contacto estre\u00adcho con nues\u00adtros clien\u00adtes da lugar tanto a una mejora conti\u00adnua de la cali\u00addad como a nuevos desa\u00adrro\u00adllos que marcan tenden\u00adcia. Los proce\u00adsos de fabri\u00adca\u00adci\u00f3n conso\u00adli\u00adda\u00addos, repro\u00addu\u00adci\u00adbles y traza\u00adbles garan\u00adti\u00adzan un producto uniforme con los m\u00e1s altos est\u00e1n\u00adda\u00adres de cali\u00addad mediante una docu\u00admen\u00adta\u00adci\u00f3n a lo largo de todo el proceso. <\/p>\n<p>[\/et_pb_text][\/et_pb_column][\/et_pb_row][\/et_pb_section]<\/p>\n","protected":false},"excerpt":{"rendered":"<p>Filo\u00adso\u00adf\u00edaGTS se ha conver\u00adtido en uno de los prin\u00adci\u00adpa\u00adles fabri\u00adcan\u00adtes de cer\u00e1\u00admica indus\u00adtrial de Alema\u00adnia. Nues\u00adtro trabajo de inves\u00adti\u00adga\u00adci\u00f3n y desa\u00adrro\u00adllo se centra, entre otras cosas, en las \u00e1reas de cer\u00e1\u00admica espe\u00adcial y tecno\u00adlo\u00adg\u00eda de desgaste. En la actua\u00adli\u00addad, la expan\u00adsi\u00f3n y el desa\u00adrro\u00adllo poste\u00adrior de GTS est\u00e1n siendo gestio\u00adna\u00addos por la segunda gene\u00adra\u00adci\u00f3n como [\u2026]<\/p>\n","protected":false},"author":121,"featured_media":0,"parent":0,"menu_order":3,"comment_status":"closed","ping_status":"closed","template":"","meta":{"_acf_changed":false,"_et_pb_use_builder":"on","_et_pb_old_content":"","_et_gb_content_width":"","wp_typography_post_enhancements_disabled":false,"footnotes":""},"class_list":["post-371118","page","type-page","status-publish","hentry"],"acf":[],"_links":{"self":[{"href":"https:\/\/gts-keramik.de\/es\/wp-json\/wp\/v2\/pages\/371118","targetHints":{"allow":["GET"]}}],"collection":[{"href":"https:\/\/gts-keramik.de\/es\/wp-json\/wp\/v2\/pages"}],"about":[{"href":"https:\/\/gts-keramik.de\/es\/wp-json\/wp\/v2\/types\/page"}],"author":[{"embeddable":true,"href":"https:\/\/gts-keramik.de\/es\/wp-json\/wp\/v2\/users\/121"}],"replies":[{"embeddable":true,"href":"https:\/\/gts-keramik.de\/es\/wp-json\/wp\/v2\/comments?post=371118"}],"version-history":[{"count":5,"href":"https:\/\/gts-keramik.de\/es\/wp-json\/wp\/v2\/pages\/371118\/revisions"}],"predecessor-version":[{"id":372228,"href":"https:\/\/gts-keramik.de\/es\/wp-json\/wp\/v2\/pages\/371118\/revisions\/372228"}],"wp:attachment":[{"href":"https:\/\/gts-keramik.de\/es\/wp-json\/wp\/v2\/media?parent=371118"}],"curies":[{"name":"wp","href":"https:\/\/api.w.org\/{rel}","templated":true}]}}