{"id":370990,"date":"2022-10-15T00:23:46","date_gmt":"2022-10-14T22:23:46","guid":{"rendered":"https:\/\/gts-keramik.de\/industrie-de-la-bijouterie\/"},"modified":"2022-10-15T00:23:46","modified_gmt":"2022-10-14T22:23:46","slug":"industrie-de-la-bijouterie","status":"publish","type":"page","link":"https:\/\/gts-keramik.de\/fr\/secteurs\/industrie-de-la-bijouterie\/","title":{"rendered":"Indus\u00adtrie de la bijou\u00adte\u00adrie"},"content":{"rendered":"<p>[et_pb_section fb_built=\u00ab&nbsp;1&nbsp;\u00bb full\u00adwidth=\u00ab&nbsp;on&nbsp;\u00bb admin_label=\u00ab&nbsp;Header\u00adbild&nbsp;\u00bb _builder_version=\u00ab&nbsp;4.16&nbsp;\u00bb _module_preset=\u00ab&nbsp;a4fc1a04-b02b-466a-b79a-d5ab08444492&nbsp;\u00bb background_image=\u00ab&nbsp;https:\/\/gts-keramik.de\/wp-content\/uploads\/2021\/11\/Branchen-Schmuckguss.jpg&nbsp;\u00bb background_enable_image=\u00ab&nbsp;on&nbsp;\u00bb locked=\u00ab&nbsp;off&nbsp;\u00bb global_colors_info=&nbsp;\u00bb{}&nbsp;\u00bb][\/et_pb_section][et_pb_section fb_built=\u00ab&nbsp;1&nbsp;\u00bb admin_label=\u00ab&nbsp;Schmu\u00adckin\u00addus\u00adtrie&nbsp;\u00bb _builder_version=\u00ab&nbsp;4.16&nbsp;\u00bb _module_preset=\u00ab&nbsp;default&nbsp;\u00bb locked=\u00ab&nbsp;off&nbsp;\u00bb global_colors_info=&nbsp;\u00bb{}&nbsp;\u00bb][et_pb_row use_custom_gutter=\u00ab&nbsp;on&nbsp;\u00bb gutter_width=\u00ab&nbsp;2&nbsp;\u00bb admin_label=\u00ab&nbsp;Indus\u00adtrie de la bijou\u00adte\u00adrie&nbsp;\u00bb _builder_version=\u00ab&nbsp;4.16&nbsp;\u00bb _module_preset=\u00ab&nbsp;default&nbsp;\u00bb custom_margin=&nbsp;\u00bb||0px||false|false&nbsp;\u00bb custom_padding=&nbsp;\u00bb||0px||false|false&nbsp;\u00bb global_colors_info=&nbsp;\u00bb{}&nbsp;\u00bb][et_pb_column type=\u00ab&nbsp;4_4&nbsp;\u00bb _builder_version=\u00ab&nbsp;4.16&nbsp;\u00bb _module_preset=\u00ab&nbsp;default&nbsp;\u00bb global_colors_info=&nbsp;\u00bb{}&nbsp;\u00bb][et_pb_text admin_label=\u00ab&nbsp;GTS Kera\u00admik&nbsp;\u00bb _builder_version=\u00ab&nbsp;4.16&nbsp;\u00bb _module_preset=\u00ab&nbsp;_initial&nbsp;\u00bb text_font=&nbsp;\u00bb|700|||||||&nbsp;\u00bb text_text_color=\u00ab&nbsp;gcid-b0775474-251e-4a81-998c-beb91d712aea&nbsp;\u00bb text_font_size=\u00ab&nbsp;60px&nbsp;\u00bb text_letter_spacing=&nbsp;\u00bb-2px&nbsp;\u00bb text_orientation=\u00ab&nbsp;center&nbsp;\u00bb custom_padding=&nbsp;\u00bb||1em||false|false&nbsp;\u00bb text_font_size_tablet=\u00ab&nbsp;48px&nbsp;\u00bb text_font_size_phone=\u00ab&nbsp;36px&nbsp;\u00bb text_font_size_last_edited=\u00ab&nbsp;on|desktop&nbsp;\u00bb locked=\u00ab&nbsp;off&nbsp;\u00bb global_colors_info=&nbsp;\u00bb{%22gcid-b0775474-251e-4a81-998c-beb91d712aea%22:%91%22text_text_color%22%93}&nbsp;\u00bb]GTS Kera\u00admik<br>\n<span style=\"font-size: 50%; display: inline-block; padding-top: 0.8em;\">Made in Germany<\/span>[\/et_pb_text][et_pb_text admin_label=\u00ab&nbsp;Schmu\u00adckin\u00addus\u00adtrie&nbsp;\u00bb _builder_version=\u00ab&nbsp;4.16&nbsp;\u00bb _module_preset=\u00ab&nbsp;caaf3a84-9a96-422b-86b8-e206eeef3622&nbsp;\u00bb text_orientation=\u00ab&nbsp;center&nbsp;\u00bb global_colors_info=&nbsp;\u00bb{}&nbsp;\u00bb]<\/p>\n<h1>Indus\u00adtrie de la bijou\u00adte\u00adrie<\/h1>\n<p>[\/et_pb_text][et_pb_text admin_label=\u00ab&nbsp;Schmuck\u00adguss\u00adteile \u2026&nbsp;\u00bb _builder_version=\u00ab&nbsp;4.16&nbsp;\u00bb _module_preset=\u00ab&nbsp;13a47db2-f326-4955\u20139d67-5ccccd505991&nbsp;\u00bb max_width=\u00ab&nbsp;100%&nbsp;\u00bb max_width_tablet=&nbsp;\u00bb&nbsp;\u00bb max_width_phone=&nbsp;\u00bb&nbsp;\u00bb max_width_last_edited=\u00ab&nbsp;on|tablet&nbsp;\u00bb global_colors_info=&nbsp;\u00bb{}&nbsp;\u00bb]Les pi\u00e8ces moul\u00e9es pour la bijou\u00adte\u00adrie sont g\u00e9n\u00e9\u00adra\u00adle\u00adment fabri\u00adqu\u00e9es par le biais de la tech\u00adnique de la cire perdue, comme c\u2019est le cas pour la tech\u00adnique m\u00e9di\u00adcale et de coul\u00e9e de pr\u00e9ci\u00adsion. Cette tech\u00adnique \u00e9tait d\u00e9j\u00e0 utili\u00ads\u00e9e dans l\u2019Antiquit\u00e9 pour cr\u00e9er des \u0153uvres d\u2019art en fili\u00adgrane. Elle est toujours employ\u00e9e \u00e0 l\u2019heure actuelle, y compris dans la produc\u00adtion de masse. De nombreux fabri\u00adcants de fonde\u00adries tirent profit de notre longue exp\u00e9\u00adrience et confient la produc\u00adtion des creu\u00adsets de leurs instal\u00adla\u00adtions \u00e0 GTS. L\u2019entreprise a \u00e9gale\u00adment d\u00e9ve\u00adlopp\u00e9, en \u00e9troite colla\u00adbo\u00adra\u00adtion avec l\u2019industrie de la bijou\u00adte\u00adrie, des creu\u00adsets de haute qualit\u00e9 parti\u00adcu\u00adli\u00e8\u00adre\u00adment adap\u00adt\u00e9s \u00e0 la fusion du platine. Leur qualit\u00e9 excep\u00adtion\u00adnelle garan\u00adtit une longue dur\u00e9e de vie en termes de possi\u00adbi\u00adli\u00adt\u00e9s de r\u00e9uti\u00adli\u00adsa\u00adtion. Il s\u2019agit ainsi de produits \u00e9cono\u00admiques, ce qui explique la forte demande dont ils font l\u2019objet dans le monde entier. Nos capsules \u00e0 inci\u00adn\u00e9\u00adra\u00adtion et nos creu\u00adsets en oxyde d\u2019aluminium sont employ\u00e9s dans le raffi\u00adnage des rubis naturels.[\/et_pb_text][\/et_pb_column][\/et_pb_row][\/et_pb_section][et_pb_section fb_built=\u00ab&nbsp;1&nbsp;\u00bb admin_label=\u00ab&nbsp;Beispiel\u00adpro\u00addukte&nbsp;\u00bb _builder_version=\u00ab&nbsp;4.16&nbsp;\u00bb _module_preset=\u00ab&nbsp;default&nbsp;\u00bb background_color=\u00ab&nbsp;#e3e5e8&nbsp;\u00bb global_colors_info=&nbsp;\u00bb{}&nbsp;\u00bb][et_pb_row admin_label=\u00ab&nbsp;Gale\u00adrie&nbsp;\u00bb module_class=\u00ab&nbsp;galerie\u20111\u20131&nbsp;\u00bb _builder_version=\u00ab&nbsp;4.16&nbsp;\u00bb _module_preset=\u00ab&nbsp;default&nbsp;\u00bb width_last_edited=\u00ab&nbsp;off|desktop&nbsp;\u00bb custom_padding=&nbsp;\u00bb||0px||false|false&nbsp;\u00bb saved_tabs=\u00ab&nbsp;all&nbsp;\u00bb locked=\u00ab&nbsp;off&nbsp;\u00bb global_colors_info=&nbsp;\u00bb{}&nbsp;\u00bb][et_pb_column type=\u00ab&nbsp;4_4&nbsp;\u00bb admin_label=\u00ab&nbsp;Gale\u00adrie&nbsp;\u00bb _builder_version=\u00ab&nbsp;4.16&nbsp;\u00bb _module_preset=\u00ab&nbsp;default&nbsp;\u00bb global_colors_info=&nbsp;\u00bb{}&nbsp;\u00bb][et_pb_gallery gallery_ids=\u00ab&nbsp;348166,348165,348164,348163,348162,348161,348160,348159,348158&nbsp;\u00bb posts_number=\u00ab&nbsp;9&nbsp;\u00bb show_title_and_caption=\u00ab&nbsp;off&nbsp;\u00bb show_pagination=\u00ab&nbsp;off&nbsp;\u00bb zoom_icon_color=\u00ab&nbsp;RGBA(0,0,0,0)&nbsp;\u00bb hover_overlay_color=\u00ab&nbsp;RGBA(0,0,0,0)&nbsp;\u00bb admin_label=\u00ab&nbsp;Gale\u00adrie&nbsp;\u00bb _builder_version=\u00ab&nbsp;4.16&nbsp;\u00bb _module_preset=\u00ab&nbsp;default&nbsp;\u00bb global_colors_info=&nbsp;\u00bb{}&nbsp;\u00bb transform_styles__hover_enabled=\u00ab&nbsp;on|hover&nbsp;\u00bb transform_scale__hover_enabled=\u00ab&nbsp;on|hover&nbsp;\u00bb transform_translate__hover_enabled=\u00ab&nbsp;on|desktop&nbsp;\u00bb transform_rotate__hover_enabled=\u00ab&nbsp;on|desktop&nbsp;\u00bb transform_skew__hover_enabled=\u00ab&nbsp;on|desktop&nbsp;\u00bb transform_origin__hover_enabled=\u00ab&nbsp;on|desktop&nbsp;\u00bb][\/et_pb_gallery][et_pb_code disabled_on=\u00ab&nbsp;off|off|off&nbsp;\u00bb admin_label=\u00ab&nbsp;Code CSS Forma\u00adtie\u00adrung 1\u20131\u2011Galerie&nbsp;\u00bb _builder_version=\u00ab&nbsp;4.10.7&nbsp;\u00bb _module_preset=\u00ab&nbsp;default&nbsp;\u00bb global_module=\u00ab&nbsp;348450&nbsp;\u00bb saved_tabs=\u00ab&nbsp;all&nbsp;\u00bb global_colors_info=&nbsp;\u00bb{}&nbsp;\u00bb]<\/p>\n<style><!-- [et_pb_line_break_holder] -->  \/*** Galerie in Beitr\u00e4gen ***\/<!-- [et_pb_line_break_holder] -->\/* Format 1:1 *\/<!-- [et_pb_line_break_holder] -->.galerie-1-1 .et_pb_gallery_image {<!-- [et_pb_line_break_holder] -->  padding-top: 100%;<!-- [et_pb_line_break_holder] -->  display: block;<!-- [et_pb_line_break_holder] -->}<!-- [et_pb_line_break_holder] --><!-- [et_pb_line_break_holder] -->.galerie-1-1 .et_pb_gallery_item img {<!-- [et_pb_line_break_holder] -->  position: absolute;<!-- [et_pb_line_break_holder] -->  height: 100%;<!-- [et_pb_line_break_holder] -->\/*<!-- [et_pb_line_break_holder] -->  width: 100%;<!-- [et_pb_line_break_holder] -->*\/<!-- [et_pb_line_break_holder] -->  top: 0;<!-- [et_pb_line_break_holder] -->  left: 0;<!-- [et_pb_line_break_holder] -->  right: 0;<!-- [et_pb_line_break_holder] -->  bottom: 0;<!-- [et_pb_line_break_holder] -->  object-fit: ;<!-- [et_pb_line_break_holder] -->}<!-- [et_pb_line_break_holder] -->.galerie-1-1 .et_pb_gallery {<!-- [et_pb_line_break_holder] -->\tmargin-left: 0;<!-- [et_pb_line_break_holder] -->}<!-- [et_pb_line_break_holder] -->.galerie-1-1 .et_pb_gallery .et_pb_gallery_item {<!-- [et_pb_line_break_holder] -->\tmargin-right: 4%;<!-- [et_pb_line_break_holder] -->\tmargin-bottom: 2vw;<!-- [et_pb_line_break_holder] -->}<!-- [et_pb_line_break_holder] -->@media all and (max-width: 767px) {<!-- [et_pb_line_break_holder] -->.galerie-1-1 .et_pb_gallery .et_pb_gallery_item {<!-- [et_pb_line_break_holder] -->\twidth: 45vw;<!-- [et_pb_line_break_holder] -->}<!-- [et_pb_line_break_holder] --> <!-- [et_pb_line_break_holder] -->}<!-- [et_pb_line_break_holder] -->@media all and (min-width: 767px) {<!-- [et_pb_line_break_holder] -->.galerie-1-1  .et_pb_gallery .et_pb_gallery_item {<!-- [et_pb_line_break_holder] -->\twidth: 30%;<!-- [et_pb_line_break_holder] -->}<!-- [et_pb_line_break_holder] --> <!-- [et_pb_line_break_holder] -->}<!-- [et_pb_line_break_holder] -->.galerie-1-1  .et_pb_gallery  span.et_overlay {<!-- [et_pb_line_break_holder] -->    display:none;<!-- [et_pb_line_break_holder] -->}<!-- [et_pb_line_break_holder] -->.galerie-1-1  .et_pb_gallery img {<!-- [et_pb_line_break_holder] -->    transition:all 0.5s; <!-- [et_pb_line_break_holder] -->    -moz-transition:all 0.5s; <!-- [et_pb_line_break_holder] -->    -webkit-transition:all 0.5s; <!-- [et_pb_line_break_holder] -->}<!-- [et_pb_line_break_holder] -->    <!-- [et_pb_line_break_holder] -->.galerie-1-1  .et_pb_gallery img:hover {<!-- [et_pb_line_break_holder] -->    transform:scale(1.1);<!-- [et_pb_line_break_holder] -->    -moz-transform:scale(1.1);<!-- [et_pb_line_break_holder] -->    -webkit-transform:scale(1.1);<!-- [et_pb_line_break_holder] -->}<!-- [et_pb_line_break_holder] --><\/style>\n<p>[\/et_pb_code][\/et_pb_column][\/et_pb_row][\/et_pb_section]<\/p>\n","protected":false},"excerpt":{"rendered":"<p>GTS Kera\u00admik Made in Germa\u00adnyIn\u00addus\u00adtrie de la bijou\u00adte\u00adrieLes pi\u00e8ces moul\u00e9es pour la bijou\u00adte\u00adrie sont g\u00e9n\u00e9\u00adra\u00adle\u00adment fabri\u00adqu\u00e9es par le biais de la tech\u00adnique de la cire perdue, comme c\u2019est le cas pour la tech\u00adnique m\u00e9di\u00adcale et de coul\u00e9e de pr\u00e9ci\u00adsion. Cette tech\u00adnique \u00e9tait d\u00e9j\u00e0 utili\u00ads\u00e9e dans l\u2019Antiquit\u00e9 pour cr\u00e9er des \u0153uvres d\u2019art en fili\u00adgrane. Elle est [\u2026]<\/p>\n","protected":false},"author":121,"featured_media":0,"parent":371082,"menu_order":60,"comment_status":"closed","ping_status":"closed","template":"","meta":{"_acf_changed":false,"_et_pb_use_builder":"on","_et_pb_old_content":"","_et_gb_content_width":"","wp_typography_post_enhancements_disabled":false,"footnotes":""},"class_list":["post-370990","page","type-page","status-publish","hentry"],"acf":[],"_links":{"self":[{"href":"https:\/\/gts-keramik.de\/fr\/wp-json\/wp\/v2\/pages\/370990","targetHints":{"allow":["GET"]}}],"collection":[{"href":"https:\/\/gts-keramik.de\/fr\/wp-json\/wp\/v2\/pages"}],"about":[{"href":"https:\/\/gts-keramik.de\/fr\/wp-json\/wp\/v2\/types\/page"}],"author":[{"embeddable":true,"href":"https:\/\/gts-keramik.de\/fr\/wp-json\/wp\/v2\/users\/121"}],"replies":[{"embeddable":true,"href":"https:\/\/gts-keramik.de\/fr\/wp-json\/wp\/v2\/comments?post=370990"}],"version-history":[{"count":2,"href":"https:\/\/gts-keramik.de\/fr\/wp-json\/wp\/v2\/pages\/370990\/revisions"}],"predecessor-version":[{"id":370992,"href":"https:\/\/gts-keramik.de\/fr\/wp-json\/wp\/v2\/pages\/370990\/revisions\/370992"}],"up":[{"embeddable":true,"href":"https:\/\/gts-keramik.de\/fr\/wp-json\/wp\/v2\/pages\/371082"}],"wp:attachment":[{"href":"https:\/\/gts-keramik.de\/fr\/wp-json\/wp\/v2\/media?parent=370990"}],"curies":[{"name":"wp","href":"https:\/\/api.w.org\/{rel}","templated":true}]}}