{"id":371002,"date":"2022-10-15T00:27:32","date_gmt":"2022-10-14T22:27:32","guid":{"rendered":"https:\/\/gts-keramik.de\/pharmacie-et-medecine\/"},"modified":"2022-10-15T00:27:32","modified_gmt":"2022-10-14T22:27:32","slug":"pharmacie-et-medecine","status":"publish","type":"page","link":"https:\/\/gts-keramik.de\/fr\/secteurs\/pharmacie-et-medecine\/","title":{"rendered":"Phar\u00adma\u00adcie et m\u00e9de\u00adcine"},"content":{"rendered":"<p>[et_pb_section fb_built=\u00ab&nbsp;1&nbsp;\u00bb full\u00adwidth=\u00ab&nbsp;on&nbsp;\u00bb admin_label=\u00ab&nbsp;Header\u00adbild&nbsp;\u00bb _builder_version=\u00ab&nbsp;4.13.1&nbsp;\u00bb _module_preset=\u00ab&nbsp;a4fc1a04-b02b-466a-b79a-d5ab08444492&nbsp;\u00bb background_image=\u00ab&nbsp;https:\/\/gts-keramik.de\/wp-content\/uploads\/2021\/11\/Branchen-Pharmazie.jpg&nbsp;\u00bb background_enable_image=\u00ab&nbsp;on&nbsp;\u00bb locked=\u00ab&nbsp;off&nbsp;\u00bb global_colors_info=&nbsp;\u00bb{}&nbsp;\u00bb][\/et_pb_section][et_pb_section fb_built=\u00ab&nbsp;1&nbsp;\u00bb admin_label=\u00ab&nbsp;Phar\u00adma\u00adzie und Medi\u00adzin&nbsp;\u00bb _builder_version=\u00ab&nbsp;4.11.3&nbsp;\u00bb _module_preset=\u00ab&nbsp;default&nbsp;\u00bb locked=\u00ab&nbsp;off&nbsp;\u00bb global_colors_info=&nbsp;\u00bb{}&nbsp;\u00bb][et_pb_row use_custom_gutter=\u00ab&nbsp;on&nbsp;\u00bb gutter_width=\u00ab&nbsp;2&nbsp;\u00bb admin_label=\u00ab&nbsp;Phar\u00adma\u00adcie et m\u00e9de\u00adcine&nbsp;\u00bb _builder_version=\u00ab&nbsp;4.11.3&nbsp;\u00bb _module_preset=\u00ab&nbsp;default&nbsp;\u00bb custom_margin=&nbsp;\u00bb||0px||false|false&nbsp;\u00bb custom_padding=&nbsp;\u00bb||0px||false|false&nbsp;\u00bb global_colors_info=&nbsp;\u00bb{}&nbsp;\u00bb][et_pb_column type=\u00ab&nbsp;4_4&nbsp;\u00bb _builder_version=\u00ab&nbsp;4.11.3&nbsp;\u00bb _module_preset=\u00ab&nbsp;default&nbsp;\u00bb global_colors_info=&nbsp;\u00bb{}&nbsp;\u00bb][et_pb_text admin_label=\u00ab&nbsp;GTS Kera\u00admik&nbsp;\u00bb _builder_version=\u00ab&nbsp;4.11.3&nbsp;\u00bb _module_preset=\u00ab&nbsp;_initial&nbsp;\u00bb text_font=&nbsp;\u00bb|700|||||||&nbsp;\u00bb text_text_color=\u00ab&nbsp;gcid-b0775474-251e-4a81-998c-beb91d712aea&nbsp;\u00bb text_font_size=\u00ab&nbsp;60px&nbsp;\u00bb text_letter_spacing=&nbsp;\u00bb-2px&nbsp;\u00bb text_orientation=\u00ab&nbsp;center&nbsp;\u00bb custom_padding=&nbsp;\u00bb||1em||false|false&nbsp;\u00bb text_font_size_tablet=\u00ab&nbsp;48px&nbsp;\u00bb text_font_size_phone=\u00ab&nbsp;36px&nbsp;\u00bb text_font_size_last_edited=\u00ab&nbsp;on|desktop&nbsp;\u00bb locked=\u00ab&nbsp;off&nbsp;\u00bb global_colors_info=&nbsp;\u00bb{%22gcid-b0775474-251e-4a81-998c-beb91d712aea%22:%91%22text_text_color%22%93}&nbsp;\u00bb]GTS Kera\u00admik<br>\n<span style=\"font-size: 50%; display: inline-block; padding-top: 0.8em;\">Made in Germany<\/span>[\/et_pb_text][et_pb_text admin_label=\u00ab&nbsp;Phar\u00adma\u00adzie und Medi\u00adzin&nbsp;\u00bb _builder_version=\u00ab&nbsp;4.11.3&nbsp;\u00bb _module_preset=\u00ab&nbsp;caaf3a84-9a96-422b-86b8-e206eeef3622&nbsp;\u00bb text_orientation=\u00ab&nbsp;center&nbsp;\u00bb global_colors_info=&nbsp;\u00bb{}&nbsp;\u00bb]<\/p>\n<h1>Phar\u00adma\u00adcie et m\u00e9de\u00adcine<\/h1>\n<p>[\/et_pb_text][et_pb_text admin_label=\u00ab&nbsp;Im Bereich der  \u2026&nbsp;\u00bb _builder_version=\u00ab&nbsp;4.14.2&nbsp;\u00bb _module_preset=\u00ab&nbsp;13a47db2-f326-4955\u20139d67-5ccccd505991&nbsp;\u00bb max_width=\u00ab&nbsp;100%&nbsp;\u00bb max_width_tablet=&nbsp;\u00bb&nbsp;\u00bb max_width_phone=&nbsp;\u00bb&nbsp;\u00bb max_width_last_edited=\u00ab&nbsp;on|tablet&nbsp;\u00bb hover_enabled=\u00ab&nbsp;0&nbsp;\u00bb global_colors_info=&nbsp;\u00bb{}&nbsp;\u00bb sticky_enabled=\u00ab&nbsp;0&nbsp;\u00bb]La soci\u00e9t\u00e9 GTS est consi\u00add\u00e9\u00adr\u00e9e comme un four\u00adnis\u00adseur impor\u00adtant de produits haut de gamme dans les domaines phar\u00adma\u00adceu\u00adtique et de la tech\u00adnique m\u00e9di\u00adcale. En raison d\u2019une chirur\u00adgie implan\u00adtaire en constante \u00e9volu\u00adtion, nous devons constam\u00adment r\u00e9pondre \u00e0 de nouvelles exigences. Nous avons donc conti\u00adnu\u00e9 \u00e0 d\u00e9ve\u00adlop\u00adper les types de c\u00e9ra\u00admique. Aujourd\u2019hui, nous pouvons propo\u00adser de nombreuses tailles et quali\u00adt\u00e9s de creu\u00adsets vibr\u00e9s et moul\u00e9s. L\u2019utilisation de nos produits dans les domaines phar\u00adma\u00adceu\u00adtique et de la tech\u00adnique m\u00e9di\u00adcale conti\u00adnuera d\u2019\u00eatre pour nous un d\u00e9fi, que nous rel\u00e8\u00adve\u00adrons gr\u00e2ce \u00e0 un d\u00e9ve\u00adlop\u00adpe\u00adment cibl\u00e9 et \u00e0 la colla\u00adbo\u00adra\u00adtion avec d\u2019importants centres de recherche. En effet, GTS b\u00e9n\u00e9\u00adfi\u00adcie d\u2019un parte\u00adna\u00adriat avec des univer\u00adsi\u00adt\u00e9s et des insti\u00adtuts. Nous parti\u00adci\u00adpons \u00e0 des projets de recherche dont les r\u00e9sul\u00adtats permet\u00adtront d\u2019\u00e9tablir des normes qui s\u2019appliqueront \u00e0 l\u2019avenir en mati\u00e8re de tech\u00adno\u00adlo\u00adgie m\u00e9di\u00adcale. Nous avons notam\u00adment travaill\u00e9 sur un substi\u00adtut osseux arti\u00adfi\u00adciel en parte\u00adna\u00adriat avec l\u2019Institut Fraun\u00adho\u00adfer de Dresde. La fusion et la coul\u00e9e de titane pur font \u00e9gale\u00adment partie de notre programme de d\u00e9ve\u00adlop\u00adpe\u00adment. Dans notre labo\u00adra\u00adtoire, nous contr\u00f4\u00adlons et perfec\u00adtion\u00adnons les creu\u00adsets dentaires et les coquilles de recuit. Les creu\u00adsets pour implants de grande taille, tels que les arti\u00adcu\u00adla\u00adtions de hanche et les broches, sont test\u00e9s en condi\u00adtions op\u00e9ra\u00adtion\u00adnelles par une soci\u00e9t\u00e9 partenaire.[\/et_pb_text][\/et_pb_column][\/et_pb_row][\/et_pb_section][et_pb_section fb_built=\u00ab&nbsp;1&nbsp;\u00bb admin_label=\u00ab&nbsp;Beispiel\u00adpro\u00addukte&nbsp;\u00bb _builder_version=\u00ab&nbsp;4.11.3&nbsp;\u00bb _module_preset=\u00ab&nbsp;default&nbsp;\u00bb background_color=\u00ab&nbsp;#e3e5e8&nbsp;\u00bb global_colors_info=&nbsp;\u00bb{}&nbsp;\u00bb][et_pb_row admin_label=\u00ab&nbsp;Gale\u00adrie&nbsp;\u00bb module_class=\u00ab&nbsp;galerie\u20111\u20131&nbsp;\u00bb _builder_version=\u00ab&nbsp;4.11.3&nbsp;\u00bb _module_preset=\u00ab&nbsp;default&nbsp;\u00bb width_last_edited=\u00ab&nbsp;off|desktop&nbsp;\u00bb custom_padding=&nbsp;\u00bb||0px||false|false&nbsp;\u00bb saved_tabs=\u00ab&nbsp;all&nbsp;\u00bb locked=\u00ab&nbsp;off&nbsp;\u00bb global_colors_info=&nbsp;\u00bb{}&nbsp;\u00bb][et_pb_column type=\u00ab&nbsp;4_4&nbsp;\u00bb admin_label=\u00ab&nbsp;Gale\u00adrie&nbsp;\u00bb _builder_version=\u00ab&nbsp;4.11.3&nbsp;\u00bb _module_preset=\u00ab&nbsp;default&nbsp;\u00bb global_colors_info=&nbsp;\u00bb{}&nbsp;\u00bb][et_pb_gallery gallery_ids=\u00ab&nbsp;348175,348174,348173,348172,348171,348170,348169,348168,348167&nbsp;\u00bb posts_number=\u00ab&nbsp;9&nbsp;\u00bb show_title_and_caption=\u00ab&nbsp;off&nbsp;\u00bb show_pagination=\u00ab&nbsp;off&nbsp;\u00bb zoom_icon_color=\u00ab&nbsp;RGBA(0,0,0,0)&nbsp;\u00bb hover_overlay_color=\u00ab&nbsp;RGBA(0,0,0,0)&nbsp;\u00bb admin_label=\u00ab&nbsp;Gale\u00adrie&nbsp;\u00bb _builder_version=\u00ab&nbsp;4.11.3&nbsp;\u00bb _module_preset=\u00ab&nbsp;default&nbsp;\u00bb global_colors_info=&nbsp;\u00bb{}&nbsp;\u00bb transform_styles__hover_enabled=\u00ab&nbsp;on|hover&nbsp;\u00bb transform_scale__hover_enabled=\u00ab&nbsp;on|hover&nbsp;\u00bb transform_translate__hover_enabled=\u00ab&nbsp;on|desktop&nbsp;\u00bb transform_rotate__hover_enabled=\u00ab&nbsp;on|desktop&nbsp;\u00bb transform_skew__hover_enabled=\u00ab&nbsp;on|desktop&nbsp;\u00bb transform_origin__hover_enabled=\u00ab&nbsp;on|desktop&nbsp;\u00bb][\/et_pb_gallery][et_pb_code disabled_on=\u00ab&nbsp;off|off|off&nbsp;\u00bb admin_label=\u00ab&nbsp;Code CSS Forma\u00adtie\u00adrung 1\u20131\u2011Galerie&nbsp;\u00bb _builder_version=\u00ab&nbsp;4.10.7&nbsp;\u00bb _module_preset=\u00ab&nbsp;default&nbsp;\u00bb global_module=\u00ab&nbsp;348450&nbsp;\u00bb saved_tabs=\u00ab&nbsp;all&nbsp;\u00bb global_colors_info=&nbsp;\u00bb{}&nbsp;\u00bb]<\/p>\n<style><!-- [et_pb_line_break_holder] -->  \/*** Galerie in Beitr\u00e4gen ***\/<!-- [et_pb_line_break_holder] -->\/* Format 1:1 *\/<!-- [et_pb_line_break_holder] -->.galerie-1-1 .et_pb_gallery_image {<!-- [et_pb_line_break_holder] -->  padding-top: 100%;<!-- [et_pb_line_break_holder] -->  display: block;<!-- [et_pb_line_break_holder] -->}<!-- [et_pb_line_break_holder] --><!-- [et_pb_line_break_holder] -->.galerie-1-1 .et_pb_gallery_item img {<!-- [et_pb_line_break_holder] -->  position: absolute;<!-- [et_pb_line_break_holder] -->  height: 100%;<!-- [et_pb_line_break_holder] -->\/*<!-- [et_pb_line_break_holder] -->  width: 100%;<!-- [et_pb_line_break_holder] -->*\/<!-- [et_pb_line_break_holder] -->  top: 0;<!-- [et_pb_line_break_holder] -->  left: 0;<!-- [et_pb_line_break_holder] -->  right: 0;<!-- [et_pb_line_break_holder] -->  bottom: 0;<!-- [et_pb_line_break_holder] -->  object-fit: ;<!-- [et_pb_line_break_holder] -->}<!-- [et_pb_line_break_holder] -->.galerie-1-1 .et_pb_gallery {<!-- [et_pb_line_break_holder] -->\tmargin-left: 0;<!-- [et_pb_line_break_holder] -->}<!-- [et_pb_line_break_holder] -->.galerie-1-1 .et_pb_gallery .et_pb_gallery_item {<!-- [et_pb_line_break_holder] -->\tmargin-right: 4%;<!-- [et_pb_line_break_holder] -->\tmargin-bottom: 2vw;<!-- [et_pb_line_break_holder] -->}<!-- [et_pb_line_break_holder] -->@media all and (max-width: 767px) {<!-- [et_pb_line_break_holder] -->.galerie-1-1 .et_pb_gallery .et_pb_gallery_item {<!-- [et_pb_line_break_holder] -->\twidth: 45vw;<!-- [et_pb_line_break_holder] -->}<!-- [et_pb_line_break_holder] --> <!-- [et_pb_line_break_holder] -->}<!-- [et_pb_line_break_holder] -->@media all and (min-width: 767px) {<!-- [et_pb_line_break_holder] -->.galerie-1-1  .et_pb_gallery .et_pb_gallery_item {<!-- [et_pb_line_break_holder] -->\twidth: 30%;<!-- [et_pb_line_break_holder] -->}<!-- [et_pb_line_break_holder] --> <!-- [et_pb_line_break_holder] -->}<!-- [et_pb_line_break_holder] -->.galerie-1-1  .et_pb_gallery  span.et_overlay {<!-- [et_pb_line_break_holder] -->    display:none;<!-- [et_pb_line_break_holder] -->}<!-- [et_pb_line_break_holder] -->.galerie-1-1  .et_pb_gallery img {<!-- [et_pb_line_break_holder] -->    transition:all 0.5s; <!-- [et_pb_line_break_holder] -->    -moz-transition:all 0.5s; <!-- [et_pb_line_break_holder] -->    -webkit-transition:all 0.5s; <!-- [et_pb_line_break_holder] -->}<!-- [et_pb_line_break_holder] -->    <!-- [et_pb_line_break_holder] -->.galerie-1-1  .et_pb_gallery img:hover {<!-- [et_pb_line_break_holder] -->    transform:scale(1.1);<!-- [et_pb_line_break_holder] -->    -moz-transform:scale(1.1);<!-- [et_pb_line_break_holder] -->    -webkit-transform:scale(1.1);<!-- [et_pb_line_break_holder] -->}<!-- [et_pb_line_break_holder] --><\/style>\n<p>[\/et_pb_code][\/et_pb_column][\/et_pb_row][\/et_pb_section]<\/p>\n","protected":false},"excerpt":{"rendered":"<p>GTS Kera\u00admik Made in Germa\u00adny\u00adPhar\u00adma\u00adcie et m\u00e9de\u00adci\u00adneLa soci\u00e9t\u00e9 GTS est consi\u00add\u00e9\u00adr\u00e9e comme un four\u00adnis\u00adseur impor\u00adtant de produits haut de gamme dans les domaines phar\u00adma\u00adceu\u00adtique et de la tech\u00adnique m\u00e9di\u00adcale. En raison d\u2019une chirur\u00adgie implan\u00adtaire en constante \u00e9volu\u00adtion, nous devons constam\u00adment r\u00e9pondre \u00e0 de nouvelles exigences. Nous avons donc conti\u00adnu\u00e9 \u00e0 d\u00e9ve\u00adlop\u00adper les types de c\u00e9ra\u00admique. [\u2026]<\/p>\n","protected":false},"author":121,"featured_media":0,"parent":371082,"menu_order":50,"comment_status":"closed","ping_status":"closed","template":"","meta":{"_acf_changed":false,"_et_pb_use_builder":"on","_et_pb_old_content":"","_et_gb_content_width":"","wp_typography_post_enhancements_disabled":false,"footnotes":""},"class_list":["post-371002","page","type-page","status-publish","hentry"],"acf":[],"_links":{"self":[{"href":"https:\/\/gts-keramik.de\/fr\/wp-json\/wp\/v2\/pages\/371002","targetHints":{"allow":["GET"]}}],"collection":[{"href":"https:\/\/gts-keramik.de\/fr\/wp-json\/wp\/v2\/pages"}],"about":[{"href":"https:\/\/gts-keramik.de\/fr\/wp-json\/wp\/v2\/types\/page"}],"author":[{"embeddable":true,"href":"https:\/\/gts-keramik.de\/fr\/wp-json\/wp\/v2\/users\/121"}],"replies":[{"embeddable":true,"href":"https:\/\/gts-keramik.de\/fr\/wp-json\/wp\/v2\/comments?post=371002"}],"version-history":[{"count":2,"href":"https:\/\/gts-keramik.de\/fr\/wp-json\/wp\/v2\/pages\/371002\/revisions"}],"predecessor-version":[{"id":371004,"href":"https:\/\/gts-keramik.de\/fr\/wp-json\/wp\/v2\/pages\/371002\/revisions\/371004"}],"up":[{"embeddable":true,"href":"https:\/\/gts-keramik.de\/fr\/wp-json\/wp\/v2\/pages\/371082"}],"wp:attachment":[{"href":"https:\/\/gts-keramik.de\/fr\/wp-json\/wp\/v2\/media?parent=371002"}],"curies":[{"name":"wp","href":"https:\/\/api.w.org\/{rel}","templated":true}]}}