{"id":371029,"date":"2022-10-15T00:34:59","date_gmt":"2022-10-14T22:34:59","guid":{"rendered":"https:\/\/gts-keramik.de\/ampoules-et-industrie-du-verre\/"},"modified":"2022-10-15T00:34:59","modified_gmt":"2022-10-14T22:34:59","slug":"ampoules-et-industrie-du-verre","status":"publish","type":"page","link":"https:\/\/gts-keramik.de\/fr\/secteurs\/ampoules-et-industrie-du-verre\/","title":{"rendered":"Ampoules et indus\u00adtrie du verre"},"content":{"rendered":"<p>[et_pb_section fb_built=\u00ab&nbsp;1&nbsp;\u00bb full\u00adwidth=\u00ab&nbsp;on&nbsp;\u00bb admin_label=\u00ab&nbsp;Header\u00adbild&nbsp;\u00bb _builder_version=\u00ab&nbsp;4.13.1&nbsp;\u00bb _module_preset=\u00ab&nbsp;a4fc1a04-b02b-466a-b79a-d5ab08444492&nbsp;\u00bb background_image=\u00ab&nbsp;https:\/\/gts-keramik.de\/wp-content\/uploads\/2021\/11\/Branchen-Leuchtmittel-Glasindustrie.jpg&nbsp;\u00bb background_enable_image=\u00ab&nbsp;on&nbsp;\u00bb locked=\u00ab&nbsp;off&nbsp;\u00bb global_colors_info=&nbsp;\u00bb{}&nbsp;\u00bb][\/et_pb_section][et_pb_section fb_built=\u00ab&nbsp;1&nbsp;\u00bb admin_label=\u00ab&nbsp;Leucht\u00admit\u00adtel und Glasin\u00addus\u00adtrie&nbsp;\u00bb _builder_version=\u00ab&nbsp;4.11.3&nbsp;\u00bb _module_preset=\u00ab&nbsp;default&nbsp;\u00bb global_colors_info=&nbsp;\u00bb{}&nbsp;\u00bb][et_pb_row use_custom_gutter=\u00ab&nbsp;on&nbsp;\u00bb gutter_width=\u00ab&nbsp;2&nbsp;\u00bb admin_label=\u00ab&nbsp;Ampoules et indus\u00adtrie du verre&nbsp;\u00bb _builder_version=\u00ab&nbsp;4.11.3&nbsp;\u00bb _module_preset=\u00ab&nbsp;default&nbsp;\u00bb custom_margin=&nbsp;\u00bb||0px||false|false&nbsp;\u00bb custom_padding=&nbsp;\u00bb||0px||false|false&nbsp;\u00bb locked=\u00ab&nbsp;off&nbsp;\u00bb global_colors_info=&nbsp;\u00bb{}&nbsp;\u00bb][et_pb_column type=\u00ab&nbsp;4_4&nbsp;\u00bb _builder_version=\u00ab&nbsp;4.11.3&nbsp;\u00bb _module_preset=\u00ab&nbsp;default&nbsp;\u00bb global_colors_info=&nbsp;\u00bb{}&nbsp;\u00bb][et_pb_text admin_label=\u00ab&nbsp;GTS Kera\u00admik&nbsp;\u00bb _builder_version=\u00ab&nbsp;4.11.3&nbsp;\u00bb _module_preset=\u00ab&nbsp;_initial&nbsp;\u00bb text_font=&nbsp;\u00bb|700|||||||&nbsp;\u00bb text_text_color=\u00ab&nbsp;gcid-b0775474-251e-4a81-998c-beb91d712aea&nbsp;\u00bb text_font_size=\u00ab&nbsp;60px&nbsp;\u00bb text_letter_spacing=&nbsp;\u00bb-2px&nbsp;\u00bb text_orientation=\u00ab&nbsp;center&nbsp;\u00bb custom_padding=&nbsp;\u00bb||1em||false|false&nbsp;\u00bb text_font_size_tablet=\u00ab&nbsp;48px&nbsp;\u00bb text_font_size_phone=\u00ab&nbsp;36px&nbsp;\u00bb text_font_size_last_edited=\u00ab&nbsp;on|desktop&nbsp;\u00bb locked=\u00ab&nbsp;off&nbsp;\u00bb global_colors_info=&nbsp;\u00bb{%22gcid-b0775474-251e-4a81-998c-beb91d712aea%22:%91%22text_text_color%22%93}&nbsp;\u00bb]GTS Kera\u00admik<br>\n<span style=\"font-size: 50%; display: inline-block; padding-top: 0.8em;\">Made in Germany<\/span>[\/et_pb_text][et_pb_text admin_label=\u00ab&nbsp;Leucht\u00admit\u00adtel und Glasin\u00addus\u00adtrie&nbsp;\u00bb _builder_version=\u00ab&nbsp;4.11.3&nbsp;\u00bb _module_preset=\u00ab&nbsp;caaf3a84-9a96-422b-86b8-e206eeef3622&nbsp;\u00bb text_orientation=\u00ab&nbsp;center&nbsp;\u00bb global_colors_info=&nbsp;\u00bb{}&nbsp;\u00bb]<\/p>\n<h1>Ampoules et indus\u00adtrie du verre<\/h1>\n<p>[\/et_pb_text][et_pb_text admin_label=\u00ab&nbsp;Leucht\u00admit\u00adtel werden immer effi\u00adzien\u00adter  \u2026&nbsp;\u00bb _builder_version=\u00ab&nbsp;4.14.2&nbsp;\u00bb _module_preset=\u00ab&nbsp;13a47db2-f326-4955\u20139d67-5ccccd505991&nbsp;\u00bb max_width=\u00ab&nbsp;100%&nbsp;\u00bb max_width_tablet=&nbsp;\u00bb&nbsp;\u00bb max_width_phone=&nbsp;\u00bb&nbsp;\u00bb max_width_last_edited=\u00ab&nbsp;on|tablet&nbsp;\u00bb hover_enabled=\u00ab&nbsp;0&nbsp;\u00bb global_colors_info=&nbsp;\u00bb{}&nbsp;\u00bb sticky_enabled=\u00ab&nbsp;0&nbsp;\u00bb]Les ampoules sont de plus en plus effi\u00adcaces et \u00e9conomes en \u00e9ner\u00adgie. La c\u00e9ra\u00admique n\u2019est pas seule\u00adment utili\u00ads\u00e9e comme isolant&nbsp;: elle sert aussi de mat\u00e9\u00adriau de support. Celui-ci ne s\u2019oxyde pas et r\u00e9siste \u00e0 la chaleur. Les compo\u00adsants en c\u00e9ra\u00admique doivent \u00eatre pr\u00e9cis et plus perfor\u00admants que les autres mat\u00e9\u00adriaux. Or, tous les types de verre ne se valent pas. De nos jours, ceux-ci doivent r\u00e9pondre \u00e0 diff\u00e9\u00adrentes exigences, comme \u00eatre chimi\u00adque\u00adment r\u00e9sis\u00adtants \u00e0 de nombreux mat\u00e9\u00adriaux, aux rayures et aux chocs, ou encore \u00eatre ther\u00admo\u00adstables. La fabri\u00adca\u00adtion de verres parti\u00adcu\u00adliers n\u00e9ces\u00adsite notam\u00adment de la c\u00e9ra\u00admique d\u2019une grande puret\u00e9. Elle doit conte\u00adnir le moins d\u2019oligo-\u00e9l\u00e9ments possible, sans quoi ceux-ci se retrou\u00adve\u00adraient dans le verre. Plus la c\u00e9ra\u00admique est pure, plus le verre le sera \u00e9gale\u00adment. GTS d\u00e9ve\u00adloppe constam\u00adment de nouvelles formules afin de r\u00e9pondre \u00e0 toutes les exigences. Dans ce cadre, il est parti\u00adcu\u00adli\u00e8\u00adre\u00adment avan\u00adta\u00adgeux de travailler conjoin\u00adte\u00adment avec des centres de recherche ou direc\u00adte\u00adment avec l\u2019industrie. Chaque commande \u00e9qui\u00advaut \u00e0 une victoire dans le d\u00e9veloppement.[\/et_pb_text][\/et_pb_column][\/et_pb_row][\/et_pb_section][et_pb_section fb_built=\u00ab&nbsp;1&nbsp;\u00bb admin_label=\u00ab&nbsp;Beispiel\u00adpro\u00addukte&nbsp;\u00bb _builder_version=\u00ab&nbsp;4.11.3&nbsp;\u00bb _module_preset=\u00ab&nbsp;default&nbsp;\u00bb background_color=\u00ab&nbsp;#e3e5e8&nbsp;\u00bb global_colors_info=&nbsp;\u00bb{}&nbsp;\u00bb][et_pb_row admin_label=\u00ab&nbsp;Gale\u00adrie&nbsp;\u00bb module_class=\u00ab&nbsp;galerie\u20111\u20131&nbsp;\u00bb _builder_version=\u00ab&nbsp;4.11.3&nbsp;\u00bb _module_preset=\u00ab&nbsp;default&nbsp;\u00bb width_last_edited=\u00ab&nbsp;off|desktop&nbsp;\u00bb custom_padding=&nbsp;\u00bb||0px||false|false&nbsp;\u00bb saved_tabs=\u00ab&nbsp;all&nbsp;\u00bb locked=\u00ab&nbsp;off&nbsp;\u00bb global_colors_info=&nbsp;\u00bb{}&nbsp;\u00bb][et_pb_column type=\u00ab&nbsp;4_4&nbsp;\u00bb admin_label=\u00ab&nbsp;Gale\u00adrie&nbsp;\u00bb _builder_version=\u00ab&nbsp;4.11.3&nbsp;\u00bb _module_preset=\u00ab&nbsp;default&nbsp;\u00bb global_colors_info=&nbsp;\u00bb{}&nbsp;\u00bb][et_pb_gallery gallery_ids=\u00ab&nbsp;348193,348192,348191,348190,348189,348188,348187,348186,348185&nbsp;\u00bb posts_number=\u00ab&nbsp;9&nbsp;\u00bb show_title_and_caption=\u00ab&nbsp;off&nbsp;\u00bb show_pagination=\u00ab&nbsp;off&nbsp;\u00bb zoom_icon_color=\u00ab&nbsp;RGBA(0,0,0,0)&nbsp;\u00bb hover_overlay_color=\u00ab&nbsp;RGBA(0,0,0,0)&nbsp;\u00bb admin_label=\u00ab&nbsp;Gale\u00adrie&nbsp;\u00bb _builder_version=\u00ab&nbsp;4.11.3&nbsp;\u00bb _module_preset=\u00ab&nbsp;default&nbsp;\u00bb global_colors_info=&nbsp;\u00bb{}&nbsp;\u00bb transform_styles__hover_enabled=\u00ab&nbsp;on|hover&nbsp;\u00bb transform_scale__hover_enabled=\u00ab&nbsp;on|hover&nbsp;\u00bb transform_translate__hover_enabled=\u00ab&nbsp;on|desktop&nbsp;\u00bb transform_rotate__hover_enabled=\u00ab&nbsp;on|desktop&nbsp;\u00bb transform_skew__hover_enabled=\u00ab&nbsp;on|desktop&nbsp;\u00bb transform_origin__hover_enabled=\u00ab&nbsp;on|desktop&nbsp;\u00bb][\/et_pb_gallery][et_pb_code disabled_on=\u00ab&nbsp;off|off|off&nbsp;\u00bb admin_label=\u00ab&nbsp;Code CSS Forma\u00adtie\u00adrung 1\u20131\u2011Galerie&nbsp;\u00bb _builder_version=\u00ab&nbsp;4.10.7&nbsp;\u00bb _module_preset=\u00ab&nbsp;default&nbsp;\u00bb global_module=\u00ab&nbsp;348450&nbsp;\u00bb saved_tabs=\u00ab&nbsp;all&nbsp;\u00bb global_colors_info=&nbsp;\u00bb{}&nbsp;\u00bb]<\/p>\n<style><!-- [et_pb_line_break_holder] -->  \/*** Galerie in Beitr\u00e4gen ***\/<!-- [et_pb_line_break_holder] -->\/* Format 1:1 *\/<!-- [et_pb_line_break_holder] -->.galerie-1-1 .et_pb_gallery_image {<!-- [et_pb_line_break_holder] -->  padding-top: 100%;<!-- [et_pb_line_break_holder] -->  display: block;<!-- [et_pb_line_break_holder] -->}<!-- [et_pb_line_break_holder] --><!-- [et_pb_line_break_holder] -->.galerie-1-1 .et_pb_gallery_item img {<!-- [et_pb_line_break_holder] -->  position: absolute;<!-- [et_pb_line_break_holder] -->  height: 100%;<!-- [et_pb_line_break_holder] -->\/*<!-- [et_pb_line_break_holder] -->  width: 100%;<!-- [et_pb_line_break_holder] -->*\/<!-- [et_pb_line_break_holder] -->  top: 0;<!-- [et_pb_line_break_holder] -->  left: 0;<!-- [et_pb_line_break_holder] -->  right: 0;<!-- [et_pb_line_break_holder] -->  bottom: 0;<!-- [et_pb_line_break_holder] -->  object-fit: ;<!-- [et_pb_line_break_holder] -->}<!-- [et_pb_line_break_holder] -->.galerie-1-1 .et_pb_gallery {<!-- [et_pb_line_break_holder] -->\tmargin-left: 0;<!-- [et_pb_line_break_holder] -->}<!-- [et_pb_line_break_holder] -->.galerie-1-1 .et_pb_gallery .et_pb_gallery_item {<!-- [et_pb_line_break_holder] -->\tmargin-right: 4%;<!-- [et_pb_line_break_holder] -->\tmargin-bottom: 2vw;<!-- [et_pb_line_break_holder] -->}<!-- [et_pb_line_break_holder] -->@media all and (max-width: 767px) {<!-- [et_pb_line_break_holder] -->.galerie-1-1 .et_pb_gallery .et_pb_gallery_item {<!-- [et_pb_line_break_holder] -->\twidth: 45vw;<!-- [et_pb_line_break_holder] -->}<!-- [et_pb_line_break_holder] --> <!-- [et_pb_line_break_holder] -->}<!-- [et_pb_line_break_holder] -->@media all and (min-width: 767px) {<!-- [et_pb_line_break_holder] -->.galerie-1-1  .et_pb_gallery .et_pb_gallery_item {<!-- [et_pb_line_break_holder] -->\twidth: 30%;<!-- [et_pb_line_break_holder] -->}<!-- [et_pb_line_break_holder] --> <!-- [et_pb_line_break_holder] -->}<!-- [et_pb_line_break_holder] -->.galerie-1-1  .et_pb_gallery  span.et_overlay {<!-- [et_pb_line_break_holder] -->    display:none;<!-- [et_pb_line_break_holder] -->}<!-- [et_pb_line_break_holder] -->.galerie-1-1  .et_pb_gallery img {<!-- [et_pb_line_break_holder] -->    transition:all 0.5s; <!-- [et_pb_line_break_holder] -->    -moz-transition:all 0.5s; <!-- [et_pb_line_break_holder] -->    -webkit-transition:all 0.5s; <!-- [et_pb_line_break_holder] -->}<!-- [et_pb_line_break_holder] -->    <!-- [et_pb_line_break_holder] -->.galerie-1-1  .et_pb_gallery img:hover {<!-- [et_pb_line_break_holder] -->    transform:scale(1.1);<!-- [et_pb_line_break_holder] -->    -moz-transform:scale(1.1);<!-- [et_pb_line_break_holder] -->    -webkit-transform:scale(1.1);<!-- [et_pb_line_break_holder] -->}<!-- [et_pb_line_break_holder] --><\/style>\n<p>[\/et_pb_code][\/et_pb_column][\/et_pb_row][\/et_pb_section]<\/p>\n","protected":false},"excerpt":{"rendered":"<p>GTS Kera\u00admik Made in Germa\u00adnyAm\u00adpoules et indus\u00adtrie du verreLes ampoules sont de plus en plus effi\u00adcaces et \u00e9conomes en \u00e9ner\u00adgie. La c\u00e9ra\u00admique n\u2019est pas seule\u00adment utili\u00ads\u00e9e comme isolant&nbsp;: elle sert aussi de mat\u00e9\u00adriau de support. Celui-ci ne s\u2019oxyde pas et r\u00e9siste \u00e0 la chaleur. Les compo\u00adsants en c\u00e9ra\u00admique doivent \u00eatre pr\u00e9cis et plus perfor\u00admants [\u2026]<\/p>\n","protected":false},"author":121,"featured_media":0,"parent":371082,"menu_order":30,"comment_status":"closed","ping_status":"closed","template":"","meta":{"_acf_changed":false,"_et_pb_use_builder":"on","_et_pb_old_content":"","_et_gb_content_width":"","wp_typography_post_enhancements_disabled":false,"footnotes":""},"class_list":["post-371029","page","type-page","status-publish","hentry"],"acf":[],"_links":{"self":[{"href":"https:\/\/gts-keramik.de\/fr\/wp-json\/wp\/v2\/pages\/371029","targetHints":{"allow":["GET"]}}],"collection":[{"href":"https:\/\/gts-keramik.de\/fr\/wp-json\/wp\/v2\/pages"}],"about":[{"href":"https:\/\/gts-keramik.de\/fr\/wp-json\/wp\/v2\/types\/page"}],"author":[{"embeddable":true,"href":"https:\/\/gts-keramik.de\/fr\/wp-json\/wp\/v2\/users\/121"}],"replies":[{"embeddable":true,"href":"https:\/\/gts-keramik.de\/fr\/wp-json\/wp\/v2\/comments?post=371029"}],"version-history":[{"count":2,"href":"https:\/\/gts-keramik.de\/fr\/wp-json\/wp\/v2\/pages\/371029\/revisions"}],"predecessor-version":[{"id":371031,"href":"https:\/\/gts-keramik.de\/fr\/wp-json\/wp\/v2\/pages\/371029\/revisions\/371031"}],"up":[{"embeddable":true,"href":"https:\/\/gts-keramik.de\/fr\/wp-json\/wp\/v2\/pages\/371082"}],"wp:attachment":[{"href":"https:\/\/gts-keramik.de\/fr\/wp-json\/wp\/v2\/media?parent=371029"}],"curies":[{"name":"wp","href":"https:\/\/api.w.org\/{rel}","templated":true}]}}