{"id":371032,"date":"2022-10-15T00:35:30","date_gmt":"2022-10-14T22:35:30","guid":{"rendered":"https:\/\/gts-keramik.de\/ceramique-technique\/"},"modified":"2025-08-06T00:47:20","modified_gmt":"2025-08-05T22:47:20","slug":"ceramique-technique","status":"publish","type":"page","link":"https:\/\/gts-keramik.de\/fr\/secteurs\/ceramique-technique\/","title":{"rendered":"C\u00e9ra\u00admique tech\u00adnique"},"content":{"rendered":"<p>[et_pb_section fb_built=\u00ab&nbsp;1&nbsp;\u00bb full\u00adwidth=\u00ab&nbsp;on&nbsp;\u00bb admin_label=\u00ab&nbsp;Header\u00adbild&nbsp;\u00bb _builder_version=\u00ab&nbsp;4.16&nbsp;\u00bb _module_preset=\u00ab&nbsp;a4fc1a04-b02b-466a-b79a-d5ab08444492&nbsp;\u00bb background_image=\u00ab&nbsp;https:\/\/gts-keramik.de\/wp-content\/uploads\/2021\/11\/Branchen-Ingenieurkeramik.jpg&nbsp;\u00bb background_enable_image=\u00ab&nbsp;on&nbsp;\u00bb locked=\u00ab&nbsp;off&nbsp;\u00bb global_colors_info=&nbsp;\u00bb{}&nbsp;\u00bb][\/et_pb_section][et_pb_section fb_built=\u00ab&nbsp;1&nbsp;\u00bb admin_label=\u00ab&nbsp;Inge\u00adnieur\u00adke\u00adra\u00admik&nbsp;\u00bb _builder_version=\u00ab&nbsp;4.16&nbsp;\u00bb _module_preset=\u00ab&nbsp;default&nbsp;\u00bb locked=\u00ab&nbsp;off&nbsp;\u00bb global_colors_info=&nbsp;\u00bb{}&nbsp;\u00bb][et_pb_row use_custom_gutter=\u00ab&nbsp;on&nbsp;\u00bb gutter_width=\u00ab&nbsp;2&nbsp;\u00bb admin_label=\u00ab&nbsp;C\u00e9ra\u00admique tech\u00adnique&nbsp;\u00bb _builder_version=\u00ab&nbsp;4.16&nbsp;\u00bb _module_preset=\u00ab&nbsp;default&nbsp;\u00bb custom_margin=&nbsp;\u00bb||0px||false|false&nbsp;\u00bb custom_padding=&nbsp;\u00bb||0px||false|false&nbsp;\u00bb global_colors_info=&nbsp;\u00bb{}&nbsp;\u00bb][et_pb_column type=\u00ab&nbsp;4_4&nbsp;\u00bb _builder_version=\u00ab&nbsp;4.16&nbsp;\u00bb _module_preset=\u00ab&nbsp;default&nbsp;\u00bb global_colors_info=&nbsp;\u00bb{}&nbsp;\u00bb][et_pb_text admin_label=\u00ab&nbsp;GTS Kera\u00admik&nbsp;\u00bb _builder_version=\u00ab&nbsp;4.18.0&nbsp;\u00bb _module_preset=\u00ab&nbsp;_initial&nbsp;\u00bb text_font=\u00ab&nbsp;Open Sans V34-700||||||||&nbsp;\u00bb text_text_color=\u00ab&nbsp;gcid-b0775474-251e-4a81-998c-beb91d712aea&nbsp;\u00bb text_font_size=\u00ab&nbsp;60px&nbsp;\u00bb text_letter_spacing=&nbsp;\u00bb-2px&nbsp;\u00bb text_orientation=\u00ab&nbsp;center&nbsp;\u00bb text_font_size_tablet=\u00ab&nbsp;48px&nbsp;\u00bb text_font_size_phone=\u00ab&nbsp;36px&nbsp;\u00bb text_font_size_last_edited=\u00ab&nbsp;on|desktop&nbsp;\u00bb saved_tabs=\u00ab&nbsp;all&nbsp;\u00bb locked=\u00ab&nbsp;off&nbsp;\u00bb global_colors_info=&nbsp;\u00bb{%22gcid-b0775474-251e-4a81-998c-beb91d712aea%22:%91%22text_text_color%22%93}&nbsp;\u00bb global_module=\u00ab&nbsp;372210&nbsp;\u00bb theme_builder_area=\u00ab&nbsp;post_content&nbsp;\u00bb]GTS Kera\u00admik<br>\n<span style=\"font-size: 50%; display: inline-block; padding-top: 0.8em;\">Made in Germany <\/span>[\/et_pb_text][et_pb_text admin_label=\u00ab&nbsp;Inge\u00adnieur\u00adke\u00adra\u00admik&nbsp;\u00bb _builder_version=\u00ab&nbsp;4.16&nbsp;\u00bb _module_preset=\u00ab&nbsp;caaf3a84-9a96-422b-86b8-e206eeef3622&nbsp;\u00bb text_orientation=\u00ab&nbsp;center&nbsp;\u00bb global_colors_info=&nbsp;\u00bb{}&nbsp;\u00bb]<\/p>\n<h1>C\u00e9ra\u00admique tech\u00adnique<\/h1>\n<p>[\/et_pb_text][et_pb_text admin_label=\u00ab&nbsp;Als einer \u2026&nbsp;\u00bb _builder_version=\u00ab&nbsp;4.16&nbsp;\u00bb _module_preset=\u00ab&nbsp;13a47db2-f326-4955\u20139d67-5ccccd505991&nbsp;\u00bb max_width=\u00ab&nbsp;100%&nbsp;\u00bb max_width_tablet=&nbsp;\u00bb&nbsp;\u00bb max_width_phone=&nbsp;\u00bb&nbsp;\u00bb max_width_last_edited=\u00ab&nbsp;on|tablet&nbsp;\u00bb global_colors_info=&nbsp;\u00bb{}&nbsp;\u00bb]Les propri\u00e9\u00adt\u00e9s vari\u00e9es des produits c\u00e9ra\u00admiques offrent un large \u00e9ven\u00adtail d\u2019ap\u00adpli\u00adca\u00adtions. On trouve d\u00e9sor\u00admais des compo\u00adsants en c\u00e9ra\u00admique dans presque tous les secteurs \u00e9cono\u00admiques. La recherche d\u00e9couvre chaque jour de nouvelles appli\u00adca\u00adtions. GTS s\u2019est sp\u00e9cia\u00adlis\u00e9 dans le domaine de l\u2019usure. Les pi\u00e8ces compactes pour la construc\u00adtion m\u00e9ca\u00adnique ou les pi\u00e8ces de pr\u00e9ci\u00adsion fili\u00adgranes pour la tech\u00adnique m\u00e9di\u00adcale ainsi que les construc\u00adtions sp\u00e9ciales pour l\u2019\u00e9lec\u00adtro\u00adnique font partie de notre stan\u00addard. Pour la fabri\u00adca\u00adtion de proto\u00adtypes, nous utili\u00adsons \u00e9gale\u00adment le proc\u00e9d\u00e9 3D. La cuis\u00adson de frit\u00adtage qui s\u2019en\u00adsuit comprime le mat\u00e9\u00adriau \u00e0 un niveau de duret\u00e9 si \u00e9lev\u00e9 que les pi\u00e8ces ne peuvent plus \u00eatre usin\u00e9es qu\u2019a\u00advec des outils diaman\u00adt\u00e9s. Ce produit est utilis\u00e9 par de nombreuses entre\u00adprises qui ont besoin de proto\u00adtypes dans leur phase de d\u00e9ve\u00adlop\u00adpe\u00adment jusqu\u2019\u00e0 ce que la produc\u00adtion en grande s\u00e9rie soit pr\u00eate. Nous fabri\u00adquons des compo\u00adsants c\u00e9ra\u00admiques tr\u00e8s r\u00e9sis\u00adtants \u00e0 l\u2019usure \u00e0 partir de diff\u00e9\u00adrentes c\u00e9ra\u00admiques et des pi\u00e8ces moul\u00e9es usin\u00e9es avec pr\u00e9ci\u00adsion selon les sp\u00e9ci\u00adfi\u00adca\u00adtions de nos clients, \u00e0 l\u2019unit\u00e9 ou en grande s\u00e9rie. Notre service tech\u00adnique est \u00e9gale\u00adment \u00e0 votre dispo\u00adsi\u00adtion \u00e0 tout moment dans ce domaine et se fera un plai\u00adsir de vous conseiller.[\/et_pb_text][\/et_pb_column][\/et_pb_row][\/et_pb_section][et_pb_section fb_built=\u00ab&nbsp;1&nbsp;\u00bb admin_label=\u00ab&nbsp;Beispiel\u00adpro\u00addukte&nbsp;\u00bb _builder_version=\u00ab&nbsp;4.16&nbsp;\u00bb _module_preset=\u00ab&nbsp;default&nbsp;\u00bb background_color=\u00ab&nbsp;#e3e5e8&nbsp;\u00bb global_colors_info=&nbsp;\u00bb{}&nbsp;\u00bb][et_pb_row admin_label=\u00ab&nbsp;Gale\u00adrie&nbsp;\u00bb module_class=\u00ab&nbsp;galerie\u20111\u20131&nbsp;\u00bb _builder_version=\u00ab&nbsp;4.16&nbsp;\u00bb _module_preset=\u00ab&nbsp;default&nbsp;\u00bb width_last_edited=\u00ab&nbsp;off|desktop&nbsp;\u00bb custom_padding=&nbsp;\u00bb||0px||false|false&nbsp;\u00bb saved_tabs=\u00ab&nbsp;all&nbsp;\u00bb locked=\u00ab&nbsp;off&nbsp;\u00bb global_colors_info=&nbsp;\u00bb{}&nbsp;\u00bb][et_pb_column type=\u00ab&nbsp;4_4&nbsp;\u00bb admin_label=\u00ab&nbsp;Gale\u00adrie&nbsp;\u00bb _builder_version=\u00ab&nbsp;4.16&nbsp;\u00bb _module_preset=\u00ab&nbsp;default&nbsp;\u00bb global_colors_info=&nbsp;\u00bb{}&nbsp;\u00bb][et_pb_gallery gallery_ids=\u00ab&nbsp;361930,361927,361924,361921,361918,361915,361912,361909,361906&nbsp;\u00bb posts_number=\u00ab&nbsp;9&nbsp;\u00bb show_title_and_caption=\u00ab&nbsp;off&nbsp;\u00bb show_pagination=\u00ab&nbsp;off&nbsp;\u00bb zoom_icon_color=\u00ab&nbsp;RGBA(0,0,0,0)&nbsp;\u00bb hover_overlay_color=\u00ab&nbsp;RGBA(0,0,0,0)&nbsp;\u00bb admin_label=\u00ab&nbsp;Gale\u00adrie&nbsp;\u00bb _builder_version=\u00ab&nbsp;4.16&nbsp;\u00bb _module_preset=\u00ab&nbsp;default&nbsp;\u00bb global_colors_info=&nbsp;\u00bb{}&nbsp;\u00bb transform_styles__hover_enabled=\u00ab&nbsp;on|hover&nbsp;\u00bb transform_scale__hover_enabled=\u00ab&nbsp;on|hover&nbsp;\u00bb transform_translate__hover_enabled=\u00ab&nbsp;on|desktop&nbsp;\u00bb transform_rotate__hover_enabled=\u00ab&nbsp;on|desktop&nbsp;\u00bb transform_skew__hover_enabled=\u00ab&nbsp;on|desktop&nbsp;\u00bb transform_origin__hover_enabled=\u00ab&nbsp;on|desktop&nbsp;\u00bb][\/et_pb_gallery][et_pb_code disabled_on=\u00ab&nbsp;off|off|off&nbsp;\u00bb admin_label=\u00ab&nbsp;Code CSS Forma\u00adtie\u00adrung 1\u20131\u2011Galerie&nbsp;\u00bb _builder_version=\u00ab&nbsp;4.18.0&nbsp;\u00bb _module_preset=\u00ab&nbsp;default&nbsp;\u00bb global_module=\u00ab&nbsp;348450&nbsp;\u00bb saved_tabs=\u00ab&nbsp;all&nbsp;\u00bb global_colors_info=&nbsp;\u00bb{}&nbsp;\u00bb]<\/p>\n<style><!-- [et_pb_line_break_holder] -->  \/*** Galerie in Beitr\u00e4gen ***\/<!-- [et_pb_line_break_holder] -->\/* Format 1:1 *\/<!-- [et_pb_line_break_holder] -->.galerie-1-1 .et_pb_gallery_image {<!-- [et_pb_line_break_holder] -->  padding-top: 100%;<!-- [et_pb_line_break_holder] -->  display: block;<!-- [et_pb_line_break_holder] -->}<!-- [et_pb_line_break_holder] --><!-- [et_pb_line_break_holder] -->.galerie-1-1 .et_pb_gallery_item img {<!-- [et_pb_line_break_holder] -->  position: absolute;<!-- [et_pb_line_break_holder] -->  height: 100%;<!-- [et_pb_line_break_holder] -->\/*<!-- [et_pb_line_break_holder] -->  width: 100%;<!-- [et_pb_line_break_holder] -->*\/<!-- [et_pb_line_break_holder] -->  top: 0;<!-- [et_pb_line_break_holder] -->  left: 0;<!-- [et_pb_line_break_holder] -->  right: 0;<!-- [et_pb_line_break_holder] -->  bottom: 0;<!-- [et_pb_line_break_holder] -->  object-fit: ;<!-- [et_pb_line_break_holder] -->}<!-- [et_pb_line_break_holder] -->.galerie-1-1 .et_pb_gallery {<!-- [et_pb_line_break_holder] -->\tmargin-left: 0;<!-- [et_pb_line_break_holder] -->}<!-- [et_pb_line_break_holder] -->.galerie-1-1 .et_pb_gallery .et_pb_gallery_item {<!-- [et_pb_line_break_holder] -->\tmargin-right: 4%;<!-- [et_pb_line_break_holder] -->\tmargin-bottom: 2vw;<!-- [et_pb_line_break_holder] -->}<!-- [et_pb_line_break_holder] -->@media all and (max-width: 767px) {<!-- [et_pb_line_break_holder] -->.galerie-1-1 .et_pb_gallery .et_pb_gallery_item {<!-- [et_pb_line_break_holder] -->\twidth: 45vw;<!-- [et_pb_line_break_holder] -->}<!-- [et_pb_line_break_holder] --> <!-- [et_pb_line_break_holder] -->}<!-- [et_pb_line_break_holder] -->@media all and (min-width: 767px) {<!-- [et_pb_line_break_holder] -->.galerie-1-1  .et_pb_gallery .et_pb_gallery_item {<!-- [et_pb_line_break_holder] -->\twidth: 30%;<!-- [et_pb_line_break_holder] -->}<!-- [et_pb_line_break_holder] --> <!-- [et_pb_line_break_holder] -->}<!-- [et_pb_line_break_holder] -->.galerie-1-1  .et_pb_gallery  span.et_overlay {<!-- [et_pb_line_break_holder] -->    display:none;<!-- [et_pb_line_break_holder] -->}<!-- [et_pb_line_break_holder] -->.galerie-1-1  .et_pb_gallery img {<!-- [et_pb_line_break_holder] -->    transition:all 0.5s; <!-- [et_pb_line_break_holder] -->    -moz-transition:all 0.5s; <!-- [et_pb_line_break_holder] -->    -webkit-transition:all 0.5s; <!-- [et_pb_line_break_holder] -->}<!-- [et_pb_line_break_holder] -->    <!-- [et_pb_line_break_holder] -->.galerie-1-1  .et_pb_gallery img:hover {<!-- [et_pb_line_break_holder] -->    transform:scale(1.1);<!-- [et_pb_line_break_holder] -->    -moz-transform:scale(1.1);<!-- [et_pb_line_break_holder] -->    -webkit-transform:scale(1.1);<!-- [et_pb_line_break_holder] -->}<!-- [et_pb_line_break_holder] --><\/style>\n<p>[\/et_pb_code][\/et_pb_column][\/et_pb_row][\/et_pb_section]<\/p>\n","protected":false},"excerpt":{"rendered":"<p>GTS Kera\u00admik Made in Germany C\u00e9ra\u00admique tech\u00adni\u00adqueLes propri\u00e9\u00adt\u00e9s vari\u00e9es des produits c\u00e9ra\u00admiques offrent un large \u00e9ven\u00adtail d\u2019ap\u00adpli\u00adca\u00adtions. On trouve d\u00e9sor\u00admais des compo\u00adsants en c\u00e9ra\u00admique dans presque tous les secteurs \u00e9cono\u00admiques. La recherche d\u00e9couvre chaque jour de nouvelles appli\u00adca\u00adtions. GTS s\u2019est sp\u00e9cia\u00adlis\u00e9 dans le domaine de l\u2019usure. Les pi\u00e8ces compactes pour la construc\u00adtion m\u00e9ca\u00adnique ou les [\u2026]<\/p>\n","protected":false},"author":121,"featured_media":0,"parent":371082,"menu_order":20,"comment_status":"closed","ping_status":"closed","template":"","meta":{"_acf_changed":false,"_et_pb_use_builder":"on","_et_pb_old_content":"","_et_gb_content_width":"","wp_typography_post_enhancements_disabled":false,"footnotes":""},"class_list":["post-371032","page","type-page","status-publish","hentry"],"acf":[],"_links":{"self":[{"href":"https:\/\/gts-keramik.de\/fr\/wp-json\/wp\/v2\/pages\/371032","targetHints":{"allow":["GET"]}}],"collection":[{"href":"https:\/\/gts-keramik.de\/fr\/wp-json\/wp\/v2\/pages"}],"about":[{"href":"https:\/\/gts-keramik.de\/fr\/wp-json\/wp\/v2\/types\/page"}],"author":[{"embeddable":true,"href":"https:\/\/gts-keramik.de\/fr\/wp-json\/wp\/v2\/users\/121"}],"replies":[{"embeddable":true,"href":"https:\/\/gts-keramik.de\/fr\/wp-json\/wp\/v2\/comments?post=371032"}],"version-history":[{"count":5,"href":"https:\/\/gts-keramik.de\/fr\/wp-json\/wp\/v2\/pages\/371032\/revisions"}],"predecessor-version":[{"id":382051,"href":"https:\/\/gts-keramik.de\/fr\/wp-json\/wp\/v2\/pages\/371032\/revisions\/382051"}],"up":[{"embeddable":true,"href":"https:\/\/gts-keramik.de\/fr\/wp-json\/wp\/v2\/pages\/371082"}],"wp:attachment":[{"href":"https:\/\/gts-keramik.de\/fr\/wp-json\/wp\/v2\/media?parent=371032"}],"curies":[{"name":"wp","href":"https:\/\/api.w.org\/{rel}","templated":true}]}}