{"id":371035,"date":"2022-10-15T00:35:56","date_gmt":"2022-10-14T22:35:56","guid":{"rendered":"https:\/\/gts-keramik.de\/coulee-de-precision\/"},"modified":"2022-10-15T00:39:51","modified_gmt":"2022-10-14T22:39:51","slug":"coulee-de-precision","status":"publish","type":"page","link":"https:\/\/gts-keramik.de\/fr\/secteurs\/coulee-de-precision\/","title":{"rendered":"Coul\u00e9e de pr\u00e9ci\u00adsion"},"content":{"rendered":"<p>[et_pb_section fb_built=\u00ab&nbsp;1&nbsp;\u00bb full\u00adwidth=\u00ab&nbsp;on&nbsp;\u00bb admin_label=\u00ab&nbsp;Header\u00adbild&nbsp;\u00bb _builder_version=\u00ab&nbsp;4.13.1&nbsp;\u00bb _module_preset=\u00ab&nbsp;a4fc1a04-b02b-466a-b79a-d5ab08444492&nbsp;\u00bb background_image=\u00ab&nbsp;https:\/\/gts-keramik.de\/wp-content\/uploads\/2021\/11\/Branchen-Feinguss.jpg&nbsp;\u00bb background_enable_image=\u00ab&nbsp;on&nbsp;\u00bb global_colors_info=&nbsp;\u00bb{}&nbsp;\u00bb][\/et_pb_section][et_pb_section fb_built=\u00ab&nbsp;1&nbsp;\u00bb admin_label=\u00ab&nbsp;Fein\u00adguss&nbsp;\u00bb module_id=\u00ab&nbsp;raum\u00adfahrt&nbsp;\u00bb _builder_version=\u00ab&nbsp;4.11.3&nbsp;\u00bb _module_preset=\u00ab&nbsp;default&nbsp;\u00bb global_colors_info=&nbsp;\u00bb{}&nbsp;\u00bb][et_pb_row use_custom_gutter=\u00ab&nbsp;on&nbsp;\u00bb gutter_width=\u00ab&nbsp;2&nbsp;\u00bb admin_label=\u00ab&nbsp;Coul\u00e9e de pr\u00e9ci\u00adsion&nbsp;\u00bb _builder_version=\u00ab&nbsp;4.11.3&nbsp;\u00bb _module_preset=\u00ab&nbsp;default&nbsp;\u00bb custom_margin=&nbsp;\u00bb||0px||false|false&nbsp;\u00bb custom_padding=&nbsp;\u00bb||0px||false|false&nbsp;\u00bb global_colors_info=&nbsp;\u00bb{}&nbsp;\u00bb][et_pb_column type=\u00ab&nbsp;4_4&nbsp;\u00bb _builder_version=\u00ab&nbsp;4.10.7&nbsp;\u00bb _module_preset=\u00ab&nbsp;default&nbsp;\u00bb global_colors_info=&nbsp;\u00bb{}&nbsp;\u00bb][et_pb_text admin_label=\u00ab&nbsp;GTS Kera\u00admik&nbsp;\u00bb _builder_version=\u00ab&nbsp;4.11.3&nbsp;\u00bb _module_preset=\u00ab&nbsp;_initial&nbsp;\u00bb text_font=&nbsp;\u00bb|700|||||||&nbsp;\u00bb text_text_color=\u00ab&nbsp;gcid-b0775474-251e-4a81-998c-beb91d712aea&nbsp;\u00bb text_font_size=\u00ab&nbsp;60px&nbsp;\u00bb text_letter_spacing=&nbsp;\u00bb-2px&nbsp;\u00bb text_orientation=\u00ab&nbsp;center&nbsp;\u00bb custom_padding=&nbsp;\u00bb||1em||false|false&nbsp;\u00bb text_font_size_tablet=\u00ab&nbsp;48px&nbsp;\u00bb text_font_size_phone=\u00ab&nbsp;36px&nbsp;\u00bb text_font_size_last_edited=\u00ab&nbsp;on|desktop&nbsp;\u00bb locked=\u00ab&nbsp;off&nbsp;\u00bb global_colors_info=&nbsp;\u00bb{%22gcid-b0775474-251e-4a81-998c-beb91d712aea%22:%91%22text_text_color%22%93}&nbsp;\u00bb]GTS Kera\u00admik<br>\n<span style=\"font-size: 50%; display: inline-block; padding-top: 0.8em;\">Made in Germany<\/span>[\/et_pb_text][et_pb_text admin_label=\u00ab&nbsp;Fein\u00adguss&nbsp;\u00bb _builder_version=\u00ab&nbsp;4.11.3&nbsp;\u00bb _module_preset=\u00ab&nbsp;caaf3a84-9a96-422b-86b8-e206eeef3622&nbsp;\u00bb global_colors_info=&nbsp;\u00bb{}&nbsp;\u00bb]<\/p>\n<h1>Coul\u00e9e de pr\u00e9ci\u00adsion<\/h1>\n<p>[\/et_pb_text][et_pb_text admin_label=\u00ab&nbsp;Das Wach\u00adsaus\u00adsch\u00admelz\u00adver\u00adfah\u00adren \u2026&nbsp;\u00bb _builder_version=\u00ab&nbsp;4.11.3&nbsp;\u00bb _module_preset=\u00ab&nbsp;13a47db2-f326-4955\u20139d67-5ccccd505991&nbsp;\u00bb max_width_tablet=&nbsp;\u00bb&nbsp;\u00bb max_width_phone=&nbsp;\u00bb&nbsp;\u00bb max_width_last_edited=\u00ab&nbsp;on|tablet&nbsp;\u00bb global_colors_info=&nbsp;\u00bb{}&nbsp;\u00bb]<\/p>\n<p>Le proc\u00e9d\u00e9 de moulage \u00e0 la cire perdue est une tech\u00adnique tr\u00e8s ancienne qui permet de fabri\u00adquer des pi\u00e8ces indi\u00advi\u00adduelles complexes ou m\u00eame de grandes s\u00e9ries. Souvent, la haute pr\u00e9ci\u00adsion obte\u00adnue ne n\u00e9ces\u00adsite aucun usinage ult\u00e9\u00adrieur des pi\u00e8ces moul\u00e9es. L\u2019industrie a d\u00e9ve\u00adlopp\u00e9 de nombreuses instal\u00adla\u00adtions de coul\u00e9e desti\u00adn\u00e9es \u00e0 des appli\u00adca\u00adtions tr\u00e8s sp\u00e9ci\u00adfiques. Qu\u2019il s\u2019agisse de coul\u00e9e sous pres\u00adsion, centri\u00adfuge, sous vide ou conti\u00adnue, avec ou sans rin\u00e7age sous gaz protec\u00adteur, les creu\u00adsets sont n\u00e9ces\u00adsaires partout. Leur diver\u00adsit\u00e9 augmente consi\u00add\u00e9\u00adra\u00adble\u00adment en raison des diff\u00e9\u00adrences qui existent dans le compor\u00adte\u00adment de fusion des m\u00e9taux et de leurs alliages, de la temp\u00e9\u00adra\u00adture de fusion et du compor\u00adte\u00adment de r\u00e9ac\u00adtion chimique. Ils sont employ\u00e9s \u00e0 une temp\u00e9\u00adra\u00adture de fusion allant jusqu\u2019\u00e0 2 400 \u00b0C. Les creu\u00adsets coul\u00e9s servent \u00e0 la fabri\u00adca\u00adtion de turbo\u00adcom\u00adpres\u00adseurs, de roues, d\u2019aubes de turbines et d\u2019autres pi\u00e8ces de pr\u00e9ci\u00adsion. \u00c0 cet \u00e9ven\u00adtail infini de possi\u00adbi\u00adli\u00adt\u00e9s d\u2019utilisation, GTS ajoute de nombreux objets auxi\u00adliaires tels que des pous\u00adsoirs de dosage, des noyaux de coul\u00e9e, des inserts de buse et des conte\u00adneurs de coul\u00e9e.        <\/p>\n<p>[\/et_pb_text][\/et_pb_column][\/et_pb_row][\/et_pb_section][et_pb_section fb_built=\u00ab&nbsp;1&nbsp;\u00bb admin_label=\u00ab&nbsp;Beispiel\u00adpro\u00addukte&nbsp;\u00bb _builder_version=\u00ab&nbsp;4.11.3&nbsp;\u00bb _module_preset=\u00ab&nbsp;default&nbsp;\u00bb background_color=\u00ab&nbsp;#e3e5e8&nbsp;\u00bb global_colors_info=&nbsp;\u00bb{}&nbsp;\u00bb][et_pb_row admin_label=\u00ab&nbsp;Gale\u00adrie&nbsp;\u00bb module_class=\u00ab&nbsp;galerie\u20111\u20131&nbsp;\u00bb _builder_version=\u00ab&nbsp;4.11.3&nbsp;\u00bb _module_preset=\u00ab&nbsp;default&nbsp;\u00bb width_last_edited=\u00ab&nbsp;off|desktop&nbsp;\u00bb custom_padding=&nbsp;\u00bb||0px||false|false&nbsp;\u00bb saved_tabs=\u00ab&nbsp;all&nbsp;\u00bb locked=\u00ab&nbsp;off&nbsp;\u00bb global_colors_info=&nbsp;\u00bb{}&nbsp;\u00bb][et_pb_column type=\u00ab&nbsp;4_4&nbsp;\u00bb admin_label=\u00ab&nbsp;Gale\u00adrie&nbsp;\u00bb _builder_version=\u00ab&nbsp;4.11.3&nbsp;\u00bb _module_preset=\u00ab&nbsp;default&nbsp;\u00bb global_colors_info=&nbsp;\u00bb{}&nbsp;\u00bb][et_pb_gallery gallery_ids=\u00ab&nbsp;348211,348210,354139,348207,348208,348206,348203,348205,348204&nbsp;\u00bb posts_number=\u00ab&nbsp;9&nbsp;\u00bb show_title_and_caption=\u00ab&nbsp;off&nbsp;\u00bb show_pagination=\u00ab&nbsp;off&nbsp;\u00bb zoom_icon_color=\u00ab&nbsp;RGBA(0,0,0,0)&nbsp;\u00bb hover_overlay_color=\u00ab&nbsp;RGBA(0,0,0,0)&nbsp;\u00bb admin_label=\u00ab&nbsp;Gale\u00adrie&nbsp;\u00bb _builder_version=\u00ab&nbsp;4.14.2&nbsp;\u00bb _module_preset=\u00ab&nbsp;default&nbsp;\u00bb hover_enabled=\u00ab&nbsp;0&nbsp;\u00bb global_colors_info=&nbsp;\u00bb{}&nbsp;\u00bb transform_styles__hover_enabled=\u00ab&nbsp;on|hover&nbsp;\u00bb transform_scale__hover_enabled=\u00ab&nbsp;on|hover&nbsp;\u00bb transform_translate__hover_enabled=\u00ab&nbsp;on|desktop&nbsp;\u00bb transform_rotate__hover_enabled=\u00ab&nbsp;on|desktop&nbsp;\u00bb transform_skew__hover_enabled=\u00ab&nbsp;on|desktop&nbsp;\u00bb transform_origin__hover_enabled=\u00ab&nbsp;on|desktop&nbsp;\u00bb sticky_enabled=\u00ab&nbsp;0&nbsp;\u00bb][\/et_pb_gallery][et_pb_code disabled_on=\u00ab&nbsp;off|off|off&nbsp;\u00bb admin_label=\u00ab&nbsp;Code CSS Forma\u00adtie\u00adrung 1\u20131\u2011Galerie&nbsp;\u00bb _builder_version=\u00ab&nbsp;4.10.7&nbsp;\u00bb _module_preset=\u00ab&nbsp;default&nbsp;\u00bb global_module=\u00ab&nbsp;348450&nbsp;\u00bb saved_tabs=\u00ab&nbsp;all&nbsp;\u00bb global_colors_info=&nbsp;\u00bb{}&nbsp;\u00bb]<\/p>\n<style><!-- [et_pb_line_break_holder] -->  \/*** Galerie in Beitr\u00e4gen ***\/<!-- [et_pb_line_break_holder] -->\/* Format 1:1 *\/<!-- [et_pb_line_break_holder] -->.galerie-1-1 .et_pb_gallery_image {<!-- [et_pb_line_break_holder] -->  padding-top: 100%;<!-- [et_pb_line_break_holder] -->  display: block;<!-- [et_pb_line_break_holder] -->}<!-- [et_pb_line_break_holder] --><!-- [et_pb_line_break_holder] -->.galerie-1-1 .et_pb_gallery_item img {<!-- [et_pb_line_break_holder] -->  position: absolute;<!-- [et_pb_line_break_holder] -->  height: 100%;<!-- [et_pb_line_break_holder] -->\/*<!-- [et_pb_line_break_holder] -->  width: 100%;<!-- [et_pb_line_break_holder] -->*\/<!-- [et_pb_line_break_holder] -->  top: 0;<!-- [et_pb_line_break_holder] -->  left: 0;<!-- [et_pb_line_break_holder] -->  right: 0;<!-- [et_pb_line_break_holder] -->  bottom: 0;<!-- [et_pb_line_break_holder] -->  object-fit: ;<!-- [et_pb_line_break_holder] -->}<!-- [et_pb_line_break_holder] -->.galerie-1-1 .et_pb_gallery {<!-- [et_pb_line_break_holder] -->\tmargin-left: 0;<!-- [et_pb_line_break_holder] -->}<!-- [et_pb_line_break_holder] -->.galerie-1-1 .et_pb_gallery .et_pb_gallery_item {<!-- [et_pb_line_break_holder] -->\tmargin-right: 4%;<!-- [et_pb_line_break_holder] -->\tmargin-bottom: 2vw;<!-- [et_pb_line_break_holder] -->}<!-- [et_pb_line_break_holder] -->@media all and (max-width: 767px) {<!-- [et_pb_line_break_holder] -->.galerie-1-1 .et_pb_gallery .et_pb_gallery_item {<!-- [et_pb_line_break_holder] -->\twidth: 45vw;<!-- [et_pb_line_break_holder] -->}<!-- [et_pb_line_break_holder] --> <!-- [et_pb_line_break_holder] -->}<!-- [et_pb_line_break_holder] -->@media all and (min-width: 767px) {<!-- [et_pb_line_break_holder] -->.galerie-1-1  .et_pb_gallery .et_pb_gallery_item {<!-- [et_pb_line_break_holder] -->\twidth: 30%;<!-- [et_pb_line_break_holder] -->}<!-- [et_pb_line_break_holder] --> <!-- [et_pb_line_break_holder] -->}<!-- [et_pb_line_break_holder] -->.galerie-1-1  .et_pb_gallery  span.et_overlay {<!-- [et_pb_line_break_holder] -->    display:none;<!-- [et_pb_line_break_holder] -->}<!-- [et_pb_line_break_holder] -->.galerie-1-1  .et_pb_gallery img {<!-- [et_pb_line_break_holder] -->    transition:all 0.5s; <!-- [et_pb_line_break_holder] -->    -moz-transition:all 0.5s; <!-- [et_pb_line_break_holder] -->    -webkit-transition:all 0.5s; <!-- [et_pb_line_break_holder] -->}<!-- [et_pb_line_break_holder] -->    <!-- [et_pb_line_break_holder] -->.galerie-1-1  .et_pb_gallery img:hover {<!-- [et_pb_line_break_holder] -->    transform:scale(1.1);<!-- [et_pb_line_break_holder] -->    -moz-transform:scale(1.1);<!-- [et_pb_line_break_holder] -->    -webkit-transform:scale(1.1);<!-- [et_pb_line_break_holder] -->}<!-- [et_pb_line_break_holder] --><\/style>\n<p>[\/et_pb_code][\/et_pb_column][\/et_pb_row][\/et_pb_section]<\/p>\n","protected":false},"excerpt":{"rendered":"<p>GTS Kera\u00admik Made in Germa\u00adny\u00adCou\u00adl\u00e9e de pr\u00e9ci\u00adsionLe proc\u00e9d\u00e9 de moulage \u00e0 la cire perdue est une tech\u00adnique tr\u00e8s ancienne qui permet de fabri\u00adquer des pi\u00e8ces indi\u00advi\u00adduelles complexes ou m\u00eame de grandes s\u00e9ries. Souvent, la haute pr\u00e9ci\u00adsion obte\u00adnue ne n\u00e9ces\u00adsite aucun usinage ult\u00e9\u00adrieur des pi\u00e8ces moul\u00e9es. L\u2019industrie a d\u00e9ve\u00adlopp\u00e9 de nombreuses instal\u00adla\u00adtions de coul\u00e9e desti\u00adn\u00e9es \u00e0 [\u2026]<\/p>\n","protected":false},"author":121,"featured_media":0,"parent":371082,"menu_order":10,"comment_status":"closed","ping_status":"closed","template":"","meta":{"_acf_changed":false,"_et_pb_use_builder":"on","_et_pb_old_content":"","_et_gb_content_width":"","wp_typography_post_enhancements_disabled":false,"footnotes":""},"class_list":["post-371035","page","type-page","status-publish","hentry"],"acf":[],"_links":{"self":[{"href":"https:\/\/gts-keramik.de\/fr\/wp-json\/wp\/v2\/pages\/371035","targetHints":{"allow":["GET"]}}],"collection":[{"href":"https:\/\/gts-keramik.de\/fr\/wp-json\/wp\/v2\/pages"}],"about":[{"href":"https:\/\/gts-keramik.de\/fr\/wp-json\/wp\/v2\/types\/page"}],"author":[{"embeddable":true,"href":"https:\/\/gts-keramik.de\/fr\/wp-json\/wp\/v2\/users\/121"}],"replies":[{"embeddable":true,"href":"https:\/\/gts-keramik.de\/fr\/wp-json\/wp\/v2\/comments?post=371035"}],"version-history":[{"count":5,"href":"https:\/\/gts-keramik.de\/fr\/wp-json\/wp\/v2\/pages\/371035\/revisions"}],"predecessor-version":[{"id":371057,"href":"https:\/\/gts-keramik.de\/fr\/wp-json\/wp\/v2\/pages\/371035\/revisions\/371057"}],"up":[{"embeddable":true,"href":"https:\/\/gts-keramik.de\/fr\/wp-json\/wp\/v2\/pages\/371082"}],"wp:attachment":[{"href":"https:\/\/gts-keramik.de\/fr\/wp-json\/wp\/v2\/media?parent=371035"}],"curies":[{"name":"wp","href":"https:\/\/api.w.org\/{rel}","templated":true}]}}