{"id":371082,"date":"2022-10-15T12:53:54","date_gmt":"2022-10-15T10:53:54","guid":{"rendered":"https:\/\/gts-keramik.de\/secteurs\/"},"modified":"2022-10-15T12:53:55","modified_gmt":"2022-10-15T10:53:55","slug":"secteurs","status":"publish","type":"page","link":"https:\/\/gts-keramik.de\/fr\/secteurs\/","title":{"rendered":"Secteurs"},"content":{"rendered":"<p>[et_pb_section fb_built=\u00ab&nbsp;1&nbsp;\u00bb full\u00adwidth=\u00ab&nbsp;on&nbsp;\u00bb admin_label=\u00ab&nbsp;Header-Image&nbsp;\u00bb _builder_version=\u00ab&nbsp;4.13.1&nbsp;\u00bb _module_preset=\u00ab&nbsp;a4fc1a04-b02b-466a-b79a-d5ab08444492&nbsp;\u00bb background_image=\u00ab&nbsp;https:\/\/gts-keramik.de\/wp-content\/uploads\/2021\/11\/Branchen.jpg&nbsp;\u00bb background_enable_image=\u00ab&nbsp;on&nbsp;\u00bb hover_enabled=\u00ab&nbsp;0&nbsp;\u00bb locked=\u00ab&nbsp;off&nbsp;\u00bb global_colors_info=&nbsp;\u00bb{}&nbsp;\u00bb sticky_enabled=\u00ab&nbsp;0&nbsp;\u00bb][\/et_pb_section][et_pb_section fb_built=\u00ab&nbsp;1&nbsp;\u00bb admin_label=\u00ab&nbsp;Bran\u00adchen&nbsp;\u00bb _builder_version=\u00ab&nbsp;4.11.3&nbsp;\u00bb _module_preset=\u00ab&nbsp;default&nbsp;\u00bb locked=\u00ab&nbsp;off&nbsp;\u00bb global_colors_info=&nbsp;\u00bb{}&nbsp;\u00bb][et_pb_row use_custom_gutter=\u00ab&nbsp;on&nbsp;\u00bb gutter_width=\u00ab&nbsp;2&nbsp;\u00bb admin_label=\u00ab&nbsp;Secteurs&nbsp;\u00bb _builder_version=\u00ab&nbsp;4.11.3&nbsp;\u00bb _module_preset=\u00ab&nbsp;default&nbsp;\u00bb custom_margin=&nbsp;\u00bb||0px||false|false&nbsp;\u00bb custom_padding=&nbsp;\u00bb||0px||false|false&nbsp;\u00bb global_colors_info=&nbsp;\u00bb{}&nbsp;\u00bb][et_pb_column type=\u00ab&nbsp;4_4&nbsp;\u00bb _builder_version=\u00ab&nbsp;4.11.3&nbsp;\u00bb _module_preset=\u00ab&nbsp;default&nbsp;\u00bb global_colors_info=&nbsp;\u00bb{}&nbsp;\u00bb][et_pb_text admin_label=\u00ab&nbsp;GTS Kera\u00admik&nbsp;\u00bb _builder_version=\u00ab&nbsp;4.11.3&nbsp;\u00bb _module_preset=\u00ab&nbsp;_initial&nbsp;\u00bb text_font=&nbsp;\u00bb|700|||||||&nbsp;\u00bb text_text_color=\u00ab&nbsp;gcid-b0775474-251e-4a81-998c-beb91d712aea&nbsp;\u00bb text_font_size=\u00ab&nbsp;60px&nbsp;\u00bb text_letter_spacing=&nbsp;\u00bb-2px&nbsp;\u00bb text_orientation=\u00ab&nbsp;center&nbsp;\u00bb custom_padding=&nbsp;\u00bb||1em||false|false&nbsp;\u00bb text_font_size_tablet=\u00ab&nbsp;48px&nbsp;\u00bb text_font_size_phone=\u00ab&nbsp;36px&nbsp;\u00bb text_font_size_last_edited=\u00ab&nbsp;on|desktop&nbsp;\u00bb locked=\u00ab&nbsp;off&nbsp;\u00bb global_colors_info=&nbsp;\u00bb{%22gcid-b0775474-251e-4a81-998c-beb91d712aea%22:%91%22text_text_color%22%93}&nbsp;\u00bb]GTS Kera\u00admik<br>\n<span style=\"font-size: 50%; display: inline-block; padding-top: 0.8em;\">Made in Germany<\/span>[\/et_pb_text][et_pb_text admin_label=\u00ab&nbsp;Bran\u00adchen&nbsp;\u00bb _builder_version=\u00ab&nbsp;4.11.3&nbsp;\u00bb _module_preset=\u00ab&nbsp;caaf3a84-9a96-422b-86b8-e206eeef3622&nbsp;\u00bb text_orientation=\u00ab&nbsp;center&nbsp;\u00bb global_colors_info=&nbsp;\u00bb{}&nbsp;\u00bb]<\/p>\n<h1>Secteurs<\/h1>\n<p>[\/et_pb_text][et_pb_text admin_label=\u00ab&nbsp;Als einer \u2026&nbsp;\u00bb _builder_version=\u00ab&nbsp;4.13.1&nbsp;\u00bb _module_preset=\u00ab&nbsp;13a47db2-f326-4955\u20139d67-5ccccd505991&nbsp;\u00bb max_width=\u00ab&nbsp;100%&nbsp;\u00bb max_width_tablet=&nbsp;\u00bb&nbsp;\u00bb max_width_phone=&nbsp;\u00bb&nbsp;\u00bb max_width_last_edited=\u00ab&nbsp;on|tablet&nbsp;\u00bb global_module=\u00ab&nbsp;352356&nbsp;\u00bb locked=\u00ab&nbsp;off&nbsp;\u00bb global_colors_info=&nbsp;\u00bb{}&nbsp;\u00bb]<\/p>\n<p style=\"text-align: justify;\">Als einer von Deut\u00adschlands f\u00fchren\u00adden Hers\u00adtel\u00adlern von Indus\u00adtrie\u00adke\u00adra\u00admik bietet GTS inno\u00adva\u00adtive L\u00f6sun\u00adgen in den Berei\u00adchen Sonder\u00adke\u00adra\u00admik und Verschlei\u00df\u00adtech\u00adnik an. Unsere Produkte aus den Berei\u00adchen Fein\u00adguss, Schmuck\u00adguss, Labor- und Medi\u00adzin\u00adtech\u00adnik sind viel\u00adsei\u00adtig einsetz\u00adbar. Basis f\u00fcr die Inno\u00adva\u00adtion und Spit\u00adzen\u00adqua\u00adlit\u00e4t unse\u00adrer Produkte sehen wir in unse\u00adrer jahre\u00adlan\u00adgen Forschung und Entwi\u00adck\u00adlung. <em>Immer einen Schritt voraus sein<\/em>&nbsp;\u00bb lautet dabei unsere Maxime. Entde\u00adcken Sie die Viel\u00adfalt von GTS und fragen Sie unver\u00adbind\u00adlich unsere Produkte an.<\/p>\n<p>[\/et_pb_text][\/et_pb_column][\/et_pb_row][\/et_pb_section][et_pb_section fb_built=\u00ab&nbsp;1&nbsp;\u00bb admin_label=\u00ab&nbsp;Bran\u00adchen&nbsp;\u00bb _builder_version=\u00ab&nbsp;4.11.3&nbsp;\u00bb _module_preset=\u00ab&nbsp;default&nbsp;\u00bb background_color=\u00ab&nbsp;#e3e5e8&nbsp;\u00bb global_module=\u00ab&nbsp;348867&nbsp;\u00bb saved_tabs=\u00ab&nbsp;all&nbsp;\u00bb global_colors_info=&nbsp;\u00bb{}&nbsp;\u00bb][et_pb_row column_structure=\u00ab&nbsp;1_3,1_3,1_3&nbsp;\u00bb admin_label=\u00ab&nbsp;Fein\u00adguss \u2026&nbsp;\u00bb _builder_version=\u00ab&nbsp;4.11.4&nbsp;\u00bb _module_preset=\u00ab&nbsp;cd91849b-bc38-4307\u2013894d-e488a3fcd484&nbsp;\u00bb global_colors_info=&nbsp;\u00bb{}&nbsp;\u00bb][et_pb_column type=\u00ab&nbsp;1_3&nbsp;\u00bb admin_label=\u00ab&nbsp;Coul\u00e9e de pr\u00e9ci\u00adsion&nbsp;\u00bb _builder_version=\u00ab&nbsp;4.11.4&nbsp;\u00bb _module_preset=\u00ab&nbsp;_initial&nbsp;\u00bb background_color=&nbsp;\u00bb#FFFFFF&nbsp;\u00bb global_colors_info=&nbsp;\u00bb{}&nbsp;\u00bb custom_css_main_element_last_edited=\u00ab&nbsp;on|tablet&nbsp;\u00bb custom_css_main_element_tablet=\u00ab&nbsp;max-width&nbsp;: 600px&nbsp;;&nbsp;\u00bb custom_css_main_element_phone=\u00ab&nbsp;max-width&nbsp;: 600px&nbsp;;&nbsp;\u00bb][et_pb_blurb title=\u00ab&nbsp;Coul\u00e9e de pr\u00e9ci\u00adsion&nbsp;\u00bb url=&nbsp;\u00bb@ET-DC@eyJkeW5hbWljIjp0cnVlLCJjb250ZW50IjoicG9zdF9saW5rX3VybF9wYWdlIiwic2V0dGluZ3MiOnsicG9zdF9pZCI6IjM0ODQyNyJ9fQ==@&nbsp;\u00bb image=\u00ab&nbsp;https:\/\/gts-keramik.de\/wp-content\/uploads\/2021\/09\/Feinguss.jpg&nbsp;\u00bb alt=\u00ab&nbsp;Coul\u00e9e de pr\u00e9ci\u00adsion by GTS-Kera\u00admik&nbsp;\u00bb admin_label=\u00ab&nbsp;Fein\u00adguss&nbsp;\u00bb _builder_version=\u00ab&nbsp;4.13.0&nbsp;\u00bb _dynamic_attributes=\u00ab&nbsp;url,link_option_url&nbsp;\u00bb _module_preset=\u00ab&nbsp;97152c26-c985-4e03-a6bb-cbeeb9a2f55d&nbsp;\u00bb link_option_url=&nbsp;\u00bb@ET-DC@eyJkeW5hbWljIjp0cnVlLCJjb250ZW50IjoicG9zdF9saW5rX3VybF9wYWdlIiwic2V0dGluZ3MiOnsicG9zdF9pZCI6IjM0ODQyNyJ9fQ==@&nbsp;\u00bb global_colors_info=&nbsp;\u00bb{}&nbsp;\u00bb]<\/p>\n<p>Le proc\u00e9d\u00e9 de moulage \u00e0 la cire perdue est une tech\u00adnique tr\u00e8s ancienne qui permet de fabri\u00adquer des pi\u00e8ces indi\u00advi\u00adduelles complexes ou m\u00eame de grandes s\u00e9ries. Souvent, la haute pr\u00e9ci\u00adsion obte\u00adnue ne n\u00e9ces\u00adsite aucun usinage ult\u00e9\u00adrieur des pi\u00e8ces moul\u00e9es.<\/p>\n<p class=\"link-erfahren\"><a href=\"https:\/\/gts-keramik.de\/fr\/secteurs\/coulee-de-precision\/\">Conti\u00adnuer<\/a><\/p>\n<p>[\/et_pb_blurb][\/et_pb_column][et_pb_column type=\u00ab&nbsp;1_3&nbsp;\u00bb admin_label=\u00ab&nbsp;C\u00e9ra\u00admique tech\u00adnique&nbsp;\u00bb _builder_version=\u00ab&nbsp;4.11.4&nbsp;\u00bb _module_preset=\u00ab&nbsp;_initial&nbsp;\u00bb background_color=&nbsp;\u00bb#ffffff&nbsp;\u00bb global_colors_info=&nbsp;\u00bb{}&nbsp;\u00bb][et_pb_blurb title=\u00ab&nbsp;C\u00e9ra\u00admique tech\u00adnique&nbsp;\u00bb url=&nbsp;\u00bb@ET-DC@eyJkeW5hbWljIjp0cnVlLCJjb250ZW50IjoicG9zdF9saW5rX3VybF9wYWdlIiwic2V0dGluZ3MiOnsicG9zdF9pZCI6IjM0ODQ2MiJ9fQ==@&nbsp;\u00bb image=\u00ab&nbsp;https:\/\/gts-keramik.de\/wp-content\/uploads\/2021\/09\/Ingenieurkeramik.jpg&nbsp;\u00bb alt=\u00ab&nbsp;Coul\u00e9e de pr\u00e9ci\u00adsion by GTS-Kera\u00admik&nbsp;\u00bb admin_label=\u00ab&nbsp;Inge\u00adnieur\u00adke\u00adra\u00admik&nbsp;\u00bb _builder_version=\u00ab&nbsp;4.13.0&nbsp;\u00bb _dynamic_attributes=\u00ab&nbsp;url,link_option_url&nbsp;\u00bb _module_preset=\u00ab&nbsp;97152c26-c985-4e03-a6bb-cbeeb9a2f55d&nbsp;\u00bb link_option_url=&nbsp;\u00bb@ET-DC@eyJkeW5hbWljIjp0cnVlLCJjb250ZW50IjoicG9zdF9saW5rX3VybF9wYWdlIiwic2V0dGluZ3MiOnsicG9zdF9pZCI6IjM0ODQ2MiJ9fQ==@&nbsp;\u00bb global_colors_info=&nbsp;\u00bb{}&nbsp;\u00bb]<\/p>\n<p>Les multiples propri\u00e9\u00adt\u00e9s des produits c\u00e9ra\u00admiques offrent un \u00e9ven\u00adtail incal\u00adcu\u00adlable de possi\u00adbi\u00adli\u00adt\u00e9s d\u2019utilisation. Les compo\u00adsants en c\u00e9ra\u00admique sont d\u00e9sor\u00admais pr\u00e9sents dans presque tous les secteurs \u00e9cono\u00admiques.<\/p>\n<p class=\"link-erfahren\"><a href=\"dev.gts-keramik.de\/branchen\/ingenieurkeramik\/\">Conti\u00adnuer<\/a><\/p>\n<p>[\/et_pb_blurb][\/et_pb_column][et_pb_column type=\u00ab&nbsp;1_3&nbsp;\u00bb admin_label=\u00ab&nbsp;Ampoules et indus\u00adtrie du verre&nbsp;\u00bb _builder_version=\u00ab&nbsp;4.11.4&nbsp;\u00bb _module_preset=\u00ab&nbsp;_initial&nbsp;\u00bb background_color=&nbsp;\u00bb#ffffff&nbsp;\u00bb global_colors_info=&nbsp;\u00bb{}&nbsp;\u00bb][et_pb_blurb title=\u00ab&nbsp;Ampoules et indus\u00adtrie du verre&nbsp;\u00bb url=&nbsp;\u00bb@ET-DC@eyJkeW5hbWljIjp0cnVlLCJjb250ZW50IjoicG9zdF9saW5rX3VybF9wYWdlIiwic2V0dGluZ3MiOnsicG9zdF9pZCI6IjM0ODQ2OCJ9fQ==@&nbsp;\u00bb image=\u00ab&nbsp;https:\/\/gts-keramik.de\/wp-content\/uploads\/2021\/09\/Leuchtmittel-und-Glasindustrie.jpg&nbsp;\u00bb alt=\u00ab&nbsp;Coul\u00e9e de pr\u00e9ci\u00adsion by GTS-Kera\u00admik&nbsp;\u00bb admin_label=\u00ab&nbsp;Leucht\u00admit\u00adtel und Glasin\u00addus\u00adtrie&nbsp;\u00bb _builder_version=\u00ab&nbsp;4.13.0&nbsp;\u00bb _dynamic_attributes=\u00ab&nbsp;url,link_option_url&nbsp;\u00bb _module_preset=\u00ab&nbsp;97152c26-c985-4e03-a6bb-cbeeb9a2f55d&nbsp;\u00bb link_option_url=&nbsp;\u00bb@ET-DC@eyJkeW5hbWljIjp0cnVlLCJjb250ZW50IjoicG9zdF9saW5rX3VybF9wYWdlIiwic2V0dGluZ3MiOnsicG9zdF9pZCI6IjM0ODQ2OCJ9fQ==@&nbsp;\u00bb global_colors_info=&nbsp;\u00bb{}&nbsp;\u00bb]<\/p>\n<p>Les ampoules sont de plus en plus effi\u00adcaces et \u00e9conomes en \u00e9ner\u00adgie. La c\u00e9ra\u00admique n\u2019est pas seule\u00adment utili\u00ads\u00e9e comme isolant&nbsp;: elle sert aussi de mat\u00e9\u00adriau de support. Celui-ci ne s\u2019oxyde pas et r\u00e9siste \u00e0 la chaleur. <\/p>\n<p class=\"link-erfahren\"><a href=\"https:\/\/gts-keramik.de\/fr\/secteurs\/ampoules-et-industrie-du-verre\/\">Conti\u00adnuer<\/a><\/p>\n<p>[\/et_pb_blurb][\/et_pb_column][\/et_pb_row][et_pb_row column_structure=\u00ab&nbsp;1_3,1_3,1_3&nbsp;\u00bb admin_label=\u00ab&nbsp;Luft- und Raum\u00adfahrt \u2026&nbsp;\u00bb module_class=\u00ab&nbsp;blurb-var\u20111&nbsp;\u00bb _builder_version=\u00ab&nbsp;4.11.4&nbsp;\u00bb _module_preset=\u00ab&nbsp;cd91849b-bc38-4307\u2013894d-e488a3fcd484&nbsp;\u00bb global_colors_info=&nbsp;\u00bb{}&nbsp;\u00bb][et_pb_column type=\u00ab&nbsp;1_3&nbsp;\u00bb admin_label=\u00ab&nbsp;A\u00e9ro\u00adnau\u00adtique et a\u00e9ro\u00adspa\u00adtiale&nbsp;\u00bb _builder_version=\u00ab&nbsp;4.11.3&nbsp;\u00bb _module_preset=\u00ab&nbsp;default&nbsp;\u00bb background_color=&nbsp;\u00bb#ffffff&nbsp;\u00bb global_colors_info=&nbsp;\u00bb{}&nbsp;\u00bb][et_pb_blurb title=\u00ab&nbsp;A\u00e9ro\u00adnau\u00adtique et a\u00e9ro\u00adspa\u00adtiale&nbsp;\u00bb url=&nbsp;\u00bb@ET-DC@eyJkeW5hbWljIjp0cnVlLCJjb250ZW50IjoicG9zdF9saW5rX3VybF9wYWdlIiwic2V0dGluZ3MiOnsicG9zdF9pZCI6IjM0ODQ5MyJ9fQ==@&nbsp;\u00bb image=\u00ab&nbsp;https:\/\/gts-keramik.de\/wp-content\/uploads\/2021\/09\/Luft\u2011u.jpg&nbsp;\u00bb alt=\u00ab&nbsp;Coul\u00e9e de pr\u00e9ci\u00adsion by GTS-Kera\u00admik&nbsp;\u00bb admin_label=\u00ab&nbsp;Luft- und Raum\u00adfahrt&nbsp;\u00bb _builder_version=\u00ab&nbsp;4.13.0&nbsp;\u00bb _dynamic_attributes=\u00ab&nbsp;url,link_option_url&nbsp;\u00bb _module_preset=\u00ab&nbsp;97152c26-c985-4e03-a6bb-cbeeb9a2f55d&nbsp;\u00bb link_option_url=&nbsp;\u00bb@ET-DC@eyJkeW5hbWljIjp0cnVlLCJjb250ZW50IjoicG9zdF9saW5rX3VybF9wYWdlIiwic2V0dGluZ3MiOnsicG9zdF9pZCI6IjM0ODQ5MyJ9fQ==@&nbsp;\u00bb global_colors_info=&nbsp;\u00bb{}&nbsp;\u00bb]<\/p>\n<p>L\u2019industrie a\u00e9ro\u00adnau\u00adtique et a\u00e9ro\u00adspa\u00adtiale recherche de nouveaux mat\u00e9\u00adriaux capables de r\u00e9pondre \u00e0 des exigences \u00e9lev\u00e9es. La c\u00e9ra\u00admique repr\u00e9\u00adsente un mat\u00e9\u00adriau int\u00e9\u00adres\u00adsant et impor\u00adtant \u00e0 cet \u00e9gard.<\/p>\n<p class=\"link-erfahren\"><a href=\"https:\/\/gts-keramik.de\/fr\/secteurs\/aeronautique-et-aerospatiale\/\">Conti\u00adnuer<\/a><\/p>\n<p>[\/et_pb_blurb][\/et_pb_column][et_pb_column type=\u00ab&nbsp;1_3&nbsp;\u00bb admin_label=\u00ab&nbsp;Phar\u00adma\u00adcie et m\u00e9de\u00adcine&nbsp;\u00bb _builder_version=\u00ab&nbsp;4.11.3&nbsp;\u00bb _module_preset=\u00ab&nbsp;default&nbsp;\u00bb background_color=&nbsp;\u00bb#ffffff&nbsp;\u00bb global_colors_info=&nbsp;\u00bb{}&nbsp;\u00bb][et_pb_blurb title=\u00ab&nbsp;Phar\u00adma\u00adcie et m\u00e9de\u00adcine&nbsp;\u00bb url=&nbsp;\u00bb@ET-DC@eyJkeW5hbWljIjp0cnVlLCJjb250ZW50IjoicG9zdF9saW5rX3VybF9wYWdlIiwic2V0dGluZ3MiOnsicG9zdF9pZCI6IjM0ODU1MSJ9fQ==@&nbsp;\u00bb image=\u00ab&nbsp;https:\/\/gts-keramik.de\/wp-content\/uploads\/2021\/09\/Pharmazie.jpg&nbsp;\u00bb alt=\u00ab&nbsp;Coul\u00e9e de pr\u00e9ci\u00adsion by GTS-Kera\u00admik&nbsp;\u00bb admin_label=\u00ab&nbsp;Phar\u00adma\u00adzie und Medi\u00adzin&nbsp;\u00bb _builder_version=\u00ab&nbsp;4.13.0&nbsp;\u00bb _dynamic_attributes=\u00ab&nbsp;url,link_option_url&nbsp;\u00bb _module_preset=\u00ab&nbsp;97152c26-c985-4e03-a6bb-cbeeb9a2f55d&nbsp;\u00bb link_option_url=&nbsp;\u00bb@ET-DC@eyJkeW5hbWljIjp0cnVlLCJjb250ZW50IjoicG9zdF9saW5rX3VybF9wYWdlIiwic2V0dGluZ3MiOnsicG9zdF9pZCI6IjM0ODU1MSJ9fQ==@&nbsp;\u00bb global_colors_info=&nbsp;\u00bb{}&nbsp;\u00bb]<\/p>\n<p>La soci\u00e9t\u00e9 GTS est consi\u00add\u00e9\u00adr\u00e9e comme un four\u00adnis\u00adseur impor\u00adtant de produits haut de gamme dans les domaines phar\u00adma\u00adceu\u00adtique et de la tech\u00adnique m\u00e9di\u00adcale.<\/p>\n<p class=\"link-erfahren\"><a href=\"https:\/\/gts-keramik.de\/fr\/secteurs\/pharmacie-et-medecine\/\">Conti\u00adnuer<\/a><\/p>\n<p>[\/et_pb_blurb][\/et_pb_column][et_pb_column type=\u00ab&nbsp;1_3&nbsp;\u00bb admin_label=\u00ab&nbsp;Indus\u00adtrie de la bijou\u00adte\u00adrie&nbsp;\u00bb _builder_version=\u00ab&nbsp;4.11.3&nbsp;\u00bb _module_preset=\u00ab&nbsp;default&nbsp;\u00bb background_color=&nbsp;\u00bb#ffffff&nbsp;\u00bb global_colors_info=&nbsp;\u00bb{}&nbsp;\u00bb][et_pb_blurb title=\u00ab&nbsp;Indus\u00adtrie de la bijou\u00adte\u00adrie&nbsp;\u00bb url=&nbsp;\u00bb@ET-DC@eyJkeW5hbWljIjp0cnVlLCJjb250ZW50IjoicG9zdF9saW5rX3VybF9wYWdlIiwic2V0dGluZ3MiOnsicG9zdF9pZCI6IjM0ODU1OCJ9fQ==@&nbsp;\u00bb image=\u00ab&nbsp;https:\/\/gts-keramik.de\/wp-content\/uploads\/2021\/09\/Schmuckguss.jpg&nbsp;\u00bb alt=\u00ab&nbsp;Coul\u00e9e de pr\u00e9ci\u00adsion by GTS-Kera\u00admik&nbsp;\u00bb admin_label=\u00ab&nbsp;Schmu\u00adckin\u00addus\u00adtrie&nbsp;\u00bb _builder_version=\u00ab&nbsp;4.13.0&nbsp;\u00bb _dynamic_attributes=\u00ab&nbsp;url,link_option_url&nbsp;\u00bb _module_preset=\u00ab&nbsp;97152c26-c985-4e03-a6bb-cbeeb9a2f55d&nbsp;\u00bb link_option_url=&nbsp;\u00bb@ET-DC@eyJkeW5hbWljIjp0cnVlLCJjb250ZW50IjoicG9zdF9saW5rX3VybF9wYWdlIiwic2V0dGluZ3MiOnsicG9zdF9pZCI6IjM0ODU1OCJ9fQ==@&nbsp;\u00bb global_colors_info=&nbsp;\u00bb{}&nbsp;\u00bb]<\/p>\n<p>Les pi\u00e8ces moul\u00e9es pour la bijou\u00adte\u00adrie sont g\u00e9n\u00e9\u00adra\u00adle\u00adment fabri\u00adqu\u00e9es par le biais de la tech\u00adnique de la cire perdue, comme c\u2019est le cas pour la tech\u00adnique m\u00e9di\u00adcale et de coul\u00e9e de pr\u00e9ci\u00adsion.<\/p>\n<p class=\"link-erfahren\"><a href=\"https:\/\/gts-keramik.de\/fr\/secteurs\/industrie-de-la-bijouterie\/\">Conti\u00adnuer<\/a><\/p>\n<p>[\/et_pb_blurb][\/et_pb_column][\/et_pb_row][et_pb_row column_structure=\u00ab&nbsp;1_3,1_3,1_3&nbsp;\u00bb use_custom_gutter=\u00ab&nbsp;on&nbsp;\u00bb gutter_width=\u00ab&nbsp;2&nbsp;\u00bb make_equal=\u00ab&nbsp;on&nbsp;\u00bb disabled_on=\u00ab&nbsp;off|off|off&nbsp;\u00bb admin_label=\u00ab&nbsp;Solar- und Batte\u00adriein\u00addus\u00adtrie \u2026&nbsp;\u00bb module_class=\u00ab&nbsp;blurb-var\u20111&nbsp;\u00bb _builder_version=\u00ab&nbsp;4.11.3&nbsp;\u00bb _module_preset=\u00ab&nbsp;default&nbsp;\u00bb global_colors_info=&nbsp;\u00bb{}&nbsp;\u00bb][et_pb_column type=\u00ab&nbsp;1_3&nbsp;\u00bb admin_label=\u00ab&nbsp;Indus\u00adtrie photo\u00advol\u00adta\u00efque et des batte\u00adries&nbsp;\u00bb _builder_version=\u00ab&nbsp;4.11.3&nbsp;\u00bb _module_preset=\u00ab&nbsp;default&nbsp;\u00bb background_color=&nbsp;\u00bb#FFFFFF&nbsp;\u00bb global_colors_info=&nbsp;\u00bb{}&nbsp;\u00bb][et_pb_blurb title=\u00ab&nbsp;Indus\u00adtrie photo\u00advol\u00adta\u00efque et des batte\u00adries&nbsp;\u00bb url=&nbsp;\u00bb@ET-DC@eyJkeW5hbWljIjp0cnVlLCJjb250ZW50IjoicG9zdF9saW5rX3VybF9wYWdlIiwic2V0dGluZ3MiOnsicG9zdF9pZCI6IjM0ODU2NCJ9fQ==@&nbsp;\u00bb image=\u00ab&nbsp;https:\/\/gts-keramik.de\/wp-content\/uploads\/2021\/09\/Solar-und-Batterieindustrie.jpg&nbsp;\u00bb alt=\u00ab&nbsp;Coul\u00e9e de pr\u00e9ci\u00adsion by GTS-Kera\u00admik&nbsp;\u00bb admin_label=\u00ab&nbsp;Solar- und Batte\u00adriein\u00addus\u00adtrie&nbsp;\u00bb _builder_version=\u00ab&nbsp;4.13.0&nbsp;\u00bb _dynamic_attributes=\u00ab&nbsp;url,link_option_url&nbsp;\u00bb _module_preset=\u00ab&nbsp;97152c26-c985-4e03-a6bb-cbeeb9a2f55d&nbsp;\u00bb link_option_url=&nbsp;\u00bb@ET-DC@eyJkeW5hbWljIjp0cnVlLCJjb250ZW50IjoicG9zdF9saW5rX3VybF9wYWdlIiwic2V0dGluZ3MiOnsicG9zdF9pZCI6IjM0ODU2NCJ9fQ==@&nbsp;\u00bb global_colors_info=&nbsp;\u00bb{}&nbsp;\u00bb]<\/p>\n<p>En tant que fabri\u00adcant de compo\u00adsants c\u00e9ra\u00admiques, GTS a jou\u00e9 un r\u00f4le signi\u00adfi\u00adca\u00adtif d\u00e8s les pr\u00e9mices du d\u00e9ve\u00adlop\u00adpe\u00adment des panneaux photo\u00advol\u00adta\u00efques.<\/p>\n<p class=\"link-erfahren\"><a href=\"https:\/\/gts-keramik.de\/fr\/secteurs\/industrie-photovoltaique-et-des-batteries\/\">Conti\u00adnuer<\/a><\/p>\n<p>[\/et_pb_blurb][\/et_pb_column][et_pb_column type=\u00ab&nbsp;1_3&nbsp;\u00bb admin_label=\u00ab&nbsp;Platz\u00adhal\u00adter&nbsp;\u00bb _builder_version=\u00ab&nbsp;4.11.3&nbsp;\u00bb _module_preset=\u00ab&nbsp;default&nbsp;\u00bb background_enable_color=\u00ab&nbsp;off&nbsp;\u00bb global_colors_info=&nbsp;\u00bb{}&nbsp;\u00bb][\/et_pb_column][et_pb_column type=\u00ab&nbsp;1_3&nbsp;\u00bb admin_label=\u00ab&nbsp;Platz\u00adhal\u00adter&nbsp;\u00bb _builder_version=\u00ab&nbsp;4.11.3&nbsp;\u00bb _module_preset=\u00ab&nbsp;default&nbsp;\u00bb background_enable_color=\u00ab&nbsp;off&nbsp;\u00bb global_colors_info=&nbsp;\u00bb{}&nbsp;\u00bb][\/et_pb_column][\/et_pb_row][\/et_pb_section]<\/p>\n","protected":false},"excerpt":{"rendered":"<p>GTS Kera\u00admik Made in Germa\u00adny\u00adSec\u00adteur\u00adsAls einer von Deut\u00adschlands f\u00fchren\u00adden Hers\u00adtel\u00adlern von Indus\u00adtrie\u00adke\u00adra\u00admik bietet GTS inno\u00adva\u00adtive L\u00f6sun\u00adgen in den Berei\u00adchen Sonder\u00adke\u00adra\u00admik und Verschlei\u00df\u00adtech\u00adnik an. Unsere Produkte aus den Berei\u00adchen Fein\u00adguss, Schmuck\u00adguss, Labor- und Medi\u00adzin\u00adtech\u00adnik sind viel\u00adsei\u00adtig einsetz\u00adbar. Basis f\u00fcr die Inno\u00adva\u00adtion und Spit\u00adzen\u00adqua\u00adlit\u00e4t unse\u00adrer Produkte sehen wir in unse\u00adrer jahre\u00adlan\u00adgen Forschung und Entwi\u00adck\u00adlung. Immer einen Schritt [\u2026]<\/p>\n","protected":false},"author":121,"featured_media":0,"parent":0,"menu_order":2,"comment_status":"closed","ping_status":"closed","template":"","meta":{"_acf_changed":false,"_et_pb_use_builder":"on","_et_pb_old_content":"","_et_gb_content_width":"","wp_typography_post_enhancements_disabled":false,"footnotes":""},"class_list":["post-371082","page","type-page","status-publish","hentry"],"acf":[],"_links":{"self":[{"href":"https:\/\/gts-keramik.de\/fr\/wp-json\/wp\/v2\/pages\/371082","targetHints":{"allow":["GET"]}}],"collection":[{"href":"https:\/\/gts-keramik.de\/fr\/wp-json\/wp\/v2\/pages"}],"about":[{"href":"https:\/\/gts-keramik.de\/fr\/wp-json\/wp\/v2\/types\/page"}],"author":[{"embeddable":true,"href":"https:\/\/gts-keramik.de\/fr\/wp-json\/wp\/v2\/users\/121"}],"replies":[{"embeddable":true,"href":"https:\/\/gts-keramik.de\/fr\/wp-json\/wp\/v2\/comments?post=371082"}],"version-history":[{"count":2,"href":"https:\/\/gts-keramik.de\/fr\/wp-json\/wp\/v2\/pages\/371082\/revisions"}],"predecessor-version":[{"id":371084,"href":"https:\/\/gts-keramik.de\/fr\/wp-json\/wp\/v2\/pages\/371082\/revisions\/371084"}],"wp:attachment":[{"href":"https:\/\/gts-keramik.de\/fr\/wp-json\/wp\/v2\/media?parent=371082"}],"curies":[{"name":"wp","href":"https:\/\/api.w.org\/{rel}","templated":true}]}}