{"id":371100,"date":"2022-10-15T13:10:37","date_gmt":"2022-10-15T11:10:37","guid":{"rendered":"https:\/\/gts-keramik.de\/a-propos-de-nous\/"},"modified":"2022-11-17T20:57:48","modified_gmt":"2022-11-17T19:57:48","slug":"a-propos-de-nous","status":"publish","type":"page","link":"https:\/\/gts-keramik.de\/fr\/a-propos-de-nous\/","title":{"rendered":"\u00c0 propos de nous"},"content":{"rendered":"<p>[et_pb_section fb_built=\u00ab&nbsp;1&nbsp;\u00bb full\u00adwidth=\u00ab&nbsp;on&nbsp;\u00bb admin_label=\u00ab&nbsp;Header-Image&nbsp;\u00bb _builder_version=\u00ab&nbsp;4.16&nbsp;\u00bb _module_preset=\u00ab&nbsp;a4fc1a04-b02b-466a-b79a-d5ab08444492&nbsp;\u00bb background_image=\u00ab&nbsp;https:\/\/gts-keramik.de\/wp-content\/uploads\/2021\/11\/Ueber-uns-GTS-Keramik.jpg&nbsp;\u00bb background_enable_image=\u00ab&nbsp;on&nbsp;\u00bb locked=\u00ab&nbsp;off&nbsp;\u00bb global_colors_info=&nbsp;\u00bb{}&nbsp;\u00bb][et_pb_fullwidth_header title=\u00ab&nbsp;\u00c0 propos de nous&nbsp;\u00bb _builder_version=\u00ab&nbsp;4.16&nbsp;\u00bb _module_preset=\u00ab&nbsp;default&nbsp;\u00bb title_text_color=\u00ab&nbsp;RGBA(255,255,255,0)&nbsp;\u00bb background_color=\u00ab&nbsp;RGBA(255,255,255,0)&nbsp;\u00bb custom_margin=\u00ab&nbsp;0px|0px|0px|0px|false|false&nbsp;\u00bb custom_padding=\u00ab&nbsp;0px|0px|0px|0px|false|false&nbsp;\u00bb custom_css_main_element=\u00ab&nbsp;height&nbsp;: 0 !impor\u00adtant&nbsp;;&nbsp;\u00bb global_colors_info=&nbsp;\u00bb{}&nbsp;\u00bb][\/et_pb_fullwidth_header][\/et_pb_section][et_pb_section fb_built=\u00ab&nbsp;1&nbsp;\u00bb admin_label=\u00ab&nbsp;Philo\u00adso\u00adphie&nbsp;\u00bb module_id=\u00ab&nbsp;philo\u00adso\u00adphie&nbsp;\u00bb _builder_version=\u00ab&nbsp;4.16&nbsp;\u00bb _module_preset=\u00ab&nbsp;default&nbsp;\u00bb global_colors_info=&nbsp;\u00bb{}&nbsp;\u00bb][et_pb_row admin_label=\u00ab&nbsp;Notre philo\u00adso\u00adphie&nbsp;\u00bb _builder_version=\u00ab&nbsp;4.16&nbsp;\u00bb _module_preset=\u00ab&nbsp;default&nbsp;\u00bb custom_margin=&nbsp;\u00bb||0px||false|false&nbsp;\u00bb custom_padding=&nbsp;\u00bb||0px||false|false&nbsp;\u00bb global_colors_info=&nbsp;\u00bb{}&nbsp;\u00bb][et_pb_column type=\u00ab&nbsp;4_4&nbsp;\u00bb _builder_version=\u00ab&nbsp;4.16&nbsp;\u00bb _module_preset=\u00ab&nbsp;default&nbsp;\u00bb global_colors_info=&nbsp;\u00bb{}&nbsp;\u00bb][et_pb_text admin_label=\u00ab&nbsp;Heading Philo\u00adso\u00adphie&nbsp;\u00bb _builder_version=\u00ab&nbsp;4.18.0&nbsp;\u00bb _module_preset=\u00ab&nbsp;14578171-f981-4425-bd48-4eec1506eeb5&nbsp;\u00bb header_font=&nbsp;\u00bb|700|||||||&nbsp;\u00bb hover_enabled=\u00ab&nbsp;0&nbsp;\u00bb global_colors_info=&nbsp;\u00bb{}&nbsp;\u00bb sticky_enabled=\u00ab&nbsp;0&nbsp;\u00bb]<\/p>\n<h2>Notre philo\u00adso\u00adphie<\/h2>\n<p>[\/et_pb_text][\/et_pb_column][\/et_pb_row][et_pb_row column_structure=\u00ab&nbsp;2_3,1_3&nbsp;\u00bb admin_label=\u00ab&nbsp;Philo\u00adso\u00adphie Text mit Bild&nbsp;\u00bb _builder_version=\u00ab&nbsp;4.16&nbsp;\u00bb _module_preset=\u00ab&nbsp;default&nbsp;\u00bb custom_margin=\u00ab&nbsp;0px||||false|false&nbsp;\u00bb custom_padding=\u00ab&nbsp;0px||||false|false&nbsp;\u00bb global_colors_info=&nbsp;\u00bb{}&nbsp;\u00bb][et_pb_column type=\u00ab&nbsp;2_3&nbsp;\u00bb admin_label=\u00ab&nbsp;Text&nbsp;\u00bb _builder_version=\u00ab&nbsp;4.16&nbsp;\u00bb _module_preset=\u00ab&nbsp;default&nbsp;\u00bb global_colors_info=&nbsp;\u00bb{}&nbsp;\u00bb][et_pb_text _builder_version=\u00ab&nbsp;4.16&nbsp;\u00bb _module_preset=\u00ab&nbsp;13a47db2-f326-4955\u20139d67-5ccccd505991&nbsp;\u00bb global_colors_info=&nbsp;\u00bb{}&nbsp;\u00bb]<\/p>\n<p>GTS a \u00e9volu\u00e9 jusqu\u2019\u00e0 deve\u00adnir l\u2019un des prin\u00adci\u00adpaux fabri\u00adcants de c\u00e9ra\u00admique indus\u00adtrielle d\u2019Allemagne. Notre travail en recherche et d\u00e9ve\u00adlop\u00adpe\u00adment se concentre entre autres sur les c\u00e9ra\u00admiques sp\u00e9ciales et les tech\u00adniques d\u2019usure. Aujourd\u2019hui, l\u2019expansion et le d\u00e9ve\u00adlop\u00adpe\u00adment de GTS sont d\u00e9j\u00e0 assu\u00adr\u00e9s par la deuxi\u00e8me g\u00e9n\u00e9\u00adra\u00adtion de cette entre\u00adprise fami\u00adliale.  <\/p>\n<p>Les commandes effec\u00adtu\u00e9s chez nous par des concur\u00adrents ont permis de conso\u00adli\u00adder la posi\u00adtion de GTS en tant que leader du march\u00e9 de la coul\u00e9e de pr\u00e9ci\u00adsion, du moulage de bijoux, de la tech\u00adnique de labo\u00adra\u00adtoire et de la tech\u00adnique m\u00e9di\u00adcale. La vision de notre entre\u00adprise demeure fond\u00e9e sur la recherche de la qualit\u00e9 et le d\u00e9ve\u00adlop\u00adpe\u00adment perma\u00adnent. Nous mettons l\u2019accent sur le conseil et l\u2019\u00e9change direct avec nos clients. Nous accom\u00adpa\u00adgnons volon\u00adtiers les projets qui mettent en avant nos comp\u00e9\u00adtences en mati\u00e8re de recherche et d\u00e9ve\u00adlop\u00adpe\u00adment. Nous propo\u00adsons par ailleurs un large \u00e9ven\u00adtail de groupes de produits stan\u00addar\u00addi\u00ads\u00e9s \u00e0 un prix attrac\u00adtif, dans le respect de la qualit\u00e9 \u00e9lev\u00e9e qui carac\u00adt\u00e9\u00adrise GTS.    <\/p>\n<p>Plus de 100 univer\u00adsi\u00adt\u00e9s et insti\u00adtuts de recherche en Europe colla\u00adborent avec notre entre\u00adprise. Nous avons par exemple eu une influence d\u00e9ter\u00admi\u00adnante sur le d\u00e9ve\u00adlop\u00adpe\u00adment de substi\u00adtuts osseux arti\u00adfi\u00adciels, de nouvelles quali\u00adt\u00e9s de c\u00e9ra\u00admique pour la fonte du platine ou encore de chambres de r\u00e9ac\u00adtion pour la produc\u00adtion d\u2019\u00e9nergie \u00e0 partir de biogaz. Par cons\u00e9\u00adquent, il nous tient \u00e0 c\u0153ur d\u2019\u00eatre membres actifs de diff\u00e9\u00adrentes orga\u00adni\u00adsa\u00adtions et projets de recherche en mati\u00e8re d\u2019innovation et de d\u00e9ve\u00adlop\u00adpe\u00adment.  <\/p>\n<p>[\/et_pb_text][\/et_pb_column][et_pb_column type=\u00ab&nbsp;1_3&nbsp;\u00bb admin_label=\u00ab&nbsp;Bild&nbsp;\u00bb _builder_version=\u00ab&nbsp;4.16&nbsp;\u00bb _module_preset=\u00ab&nbsp;default&nbsp;\u00bb global_colors_info=&nbsp;\u00bb{}&nbsp;\u00bb custom_css_main_element_last_edited=\u00ab&nbsp;on|tablet&nbsp;\u00bb custom_css_main_element_tablet=\u00ab&nbsp;display&nbsp;: flex;||align-items&nbsp;: center;||justify-content&nbsp;: space-evenly&nbsp;;&nbsp;\u00bb custom_css_main_element_phone=\u00ab&nbsp;display&nbsp;: flex;||align-items&nbsp;: center;||justify-content&nbsp;: space-evenly&nbsp;;&nbsp;\u00bb][et_pb_image src=\u00ab&nbsp;https:\/\/gts-keramik.de\/wp-content\/uploads\/2021\/10\/Bildschirmfoto-2021\u201304-28-um-10.09.28.png&nbsp;\u00bb alt=\u00ab&nbsp;Andreas M\u00fcller \u2013 Direc\u00adteur GTS KERAMIK&nbsp;\u00bb title_text=\u00ab&nbsp;Andreas M\u00fcller&nbsp;\u00bb admin_label=\u00ab&nbsp;Foto Andreas M\u00fcller&nbsp;\u00bb _builder_version=\u00ab&nbsp;4.16&nbsp;\u00bb _module_preset=\u00ab&nbsp;default&nbsp;\u00bb width_tablet=\u00ab&nbsp;40%&nbsp;\u00bb width_phone=&nbsp;\u00bb&nbsp;\u00bb width_last_edited=\u00ab&nbsp;on|tablet&nbsp;\u00bb max_width_tablet=\u00ab&nbsp;300px&nbsp;\u00bb max_width_phone=&nbsp;\u00bb&nbsp;\u00bb max_width_last_edited=\u00ab&nbsp;on|tablet&nbsp;\u00bb custom_margin=\u00ab&nbsp;0px|0px||0px|false|false&nbsp;\u00bb custom_margin_tablet=&nbsp;\u00bb||0px||false|false&nbsp;\u00bb custom_margin_phone=&nbsp;\u00bb&nbsp;\u00bb custom_margin_last_edited=\u00ab&nbsp;on|tablet&nbsp;\u00bb global_colors_info=&nbsp;\u00bb{}&nbsp;\u00bb][\/et_pb_image][et_pb_text admin_label=\u00ab&nbsp;Beschrif\u00adtung Foto&nbsp;\u00bb _builder_version=\u00ab&nbsp;4.16&nbsp;\u00bb _module_preset=\u00ab&nbsp;default&nbsp;\u00bb custom_margin_tablet=&nbsp;\u00bb|||2em|false|false&nbsp;\u00bb custom_margin_phone=&nbsp;\u00bb&nbsp;\u00bb custom_margin_last_edited=\u00ab&nbsp;on|tablet&nbsp;\u00bb global_colors_info=&nbsp;\u00bb{}&nbsp;\u00bb]<strong>Andreas M\u00fcller<\/strong><br>\nDirec\u00adteur <span style=\"white-space: nowrap;\">GTS KERAMIK<\/span>[\/et_pb_text][\/et_pb_column][\/et_pb_row][\/et_pb_section][et_pb_section fb_built=\u00ab&nbsp;1&nbsp;\u00bb admin_label=\u00ab&nbsp;Unter\u00adneh\u00admens\u00adges\u00adchichte&nbsp;\u00bb module_id=\u00ab&nbsp;geschichte&nbsp;\u00bb _builder_version=\u00ab&nbsp;4.16&nbsp;\u00bb _module_preset=\u00ab&nbsp;default&nbsp;\u00bb global_colors_info=&nbsp;\u00bb{}&nbsp;\u00bb][et_pb_row admin_label=\u00ab&nbsp;Unter\u00adneh\u00admens\u00adges\u00adchichte&nbsp;\u00bb _builder_version=\u00ab&nbsp;4.16&nbsp;\u00bb _module_preset=\u00ab&nbsp;default&nbsp;\u00bb custom_margin=&nbsp;\u00bb||0px||false|false&nbsp;\u00bb custom_padding=&nbsp;\u00bb||0px||false|false&nbsp;\u00bb global_colors_info=&nbsp;\u00bb{}&nbsp;\u00bb][et_pb_column type=\u00ab&nbsp;4_4&nbsp;\u00bb _builder_version=\u00ab&nbsp;4.16&nbsp;\u00bb _module_preset=\u00ab&nbsp;default&nbsp;\u00bb global_colors_info=&nbsp;\u00bb{}&nbsp;\u00bb][et_pb_text admin_label=\u00ab&nbsp;Heading Unter\u00adneh\u00admens\u00adges\u00adchichte&nbsp;\u00bb _builder_version=\u00ab&nbsp;4.16&nbsp;\u00bb _module_preset=\u00ab&nbsp;14578171-f981-4425-bd48-4eec1506eeb5&nbsp;\u00bb global_colors_info=&nbsp;\u00bb{}&nbsp;\u00bb]<\/p>\n<h2>Histoire de l\u2019entreprise<\/h2>\n<p>[\/et_pb_text][et_pb_text disabled_on=\u00ab&nbsp;off|off|off&nbsp;\u00bb admin_label=\u00ab&nbsp;Text Unter\u00adneh\u00admens\u00adges\u00adchichte zweis\u00adpal\u00adtig&nbsp;\u00bb _builder_version=\u00ab&nbsp;4.16&nbsp;\u00bb _module_preset=\u00ab&nbsp;ad801405-2e58-4b15-b02a-2fa8f731fd4b&nbsp;\u00bb global_colors_info=&nbsp;\u00bb{}&nbsp;\u00bb]<\/p>\n<p>C\u2019est en 1985 que Horst M\u00fcller a fond\u00e9 la soci\u00e9t\u00e9 FMCP pour le compte de la fonde\u00adrie belge d\u2019acier inoxy\u00addable Magot\u00adteaux S.A. \u00e0 D\u00fcssel\u00addorf, l\u2019entreprise initiale de produc\u00adtion de creu\u00adsets dot\u00e9e d\u2019un labo\u00adra\u00adtoire de d\u00e9ve\u00adlop\u00adpe\u00adment atte\u00adnant.<\/p>\n<p>Le travail de recherche \u00e9tait prin\u00adci\u00adpa\u00adle\u00adment ax\u00e9 sur les c\u00e9ra\u00admiques sp\u00e9ciales et la tech\u00adnique d\u2019usure. C\u2019est ainsi que sont n\u00e9s, il y a plus de 25 ans d\u00e9j\u00e0, des boulets de broyage en c\u00e9ra\u00admique de qualit\u00e9 sup\u00e9\u00adrieure. La maison m\u00e8re, Magot\u00adteaux S.A., a profit\u00e9 de ces d\u00e9ve\u00adlop\u00adpe\u00adments tech\u00adniques pour fonder en Belgique la soci\u00e9t\u00e9 de broyage \u00e0 boulets Mega\u00adce\u00adram S.A. Horst M\u00fcller a \u00e9t\u00e9 charg\u00e9 de la construc\u00adtion de l\u2019usine en tant que direc\u00adteur tech\u00adnique.   <\/p>\n<p>L\u2019entreprise de produc\u00adtion de D\u00fcssel\u00addorf allait \u00eatre priva\u00adti\u00ads\u00e9e quelques ann\u00e9es plus tard. Horst M\u00fcller a pris la direc\u00adtion de la filiale belge et a fond\u00e9 en 1991 la soci\u00e9t\u00e9 GTS (Gie\u00df-Tech\u00adnische-Sonder\u00adke\u00adra\u00admik GmbH &amp; Co. KG). Pendant une dizaine d\u2019ann\u00e9es, son parcours le recon\u00addui\u00adsait sans cesse \u00e0 la maison m\u00e8re. En tant que conseiller, il a mis ses connais\u00adsances d\u00e9sor\u00admais ines\u00adti\u00admables \u00e0 la dispo\u00adsi\u00adtion du groupe Magot\u00adteaux. Pendant ce temps, il a encou\u00adrag\u00e9 l\u2019expansion et le d\u00e9ve\u00adlop\u00adpe\u00adment tech\u00adnique de GTS.    <\/p>\n<p>Le succ\u00e8s de l\u2019utilisation des produits GTS a contri\u00adbu\u00e9 au fil du temps \u00e0 l\u2019essor de l\u2019entreprise, ce qui lui a permis de se posi\u00adtion\u00adner soli\u00adde\u00adment dans les domaines de la coul\u00e9e de pr\u00e9ci\u00adsion, du moulage de bijoux, de la tech\u00adnique de labo\u00adra\u00adtoire et de la tech\u00adnique m\u00e9di\u00adcale, et m\u00eame de deve\u00adnir le leader du march\u00e9 dans certains secteurs. <\/p>\n<p>Horst M\u00fcller a nomm\u00e9 son fils Andreas M\u00fcller \u00e0 la direc\u00adtion de l\u2019entreprise en 2004, en raison de la crois\u00adsance perma\u00adnente de GTS. Ce dernier a insuf\u00adfl\u00e9 de nouvelles impul\u00adsions d\u00e9ci\u00adsives qui ont permis \u00e0 la soci\u00e9t\u00e9 de fran\u00adchir une nouvelle \u00e9tape dans son d\u00e9ve\u00adlop\u00adpe\u00adment. Les deux g\u00e9n\u00e9\u00adra\u00adtions mettent en commun leurs connais\u00adsances, leurs comp\u00e9\u00adtences et leur grande passion pour la c\u00e9ra\u00admique.  <\/p>\n<p>En 2005, GTS a pris les r\u00eanes de la fonde\u00adrie de c\u00e9ra\u00admique de Mega\u00adce\u00adram S.A. et a trans\u00adf\u00e9r\u00e9 sa produc\u00adtion de la Belgique \u00e0 D\u00fcssel\u00addorf. Cela a permis de conso\u00adli\u00adder sa posi\u00adtion sur le march\u00e9 inter\u00adna\u00adtio\u00adnal et d\u2019accro\u00eetre sa parti\u00adci\u00adpa\u00adtion \u00e0 des projets de recherche et de d\u00e9ve\u00adlop\u00adpe\u00adment. Aujourd\u2019hui, plus de 100 univer\u00adsi\u00adt\u00e9s et centres de recherche b\u00e9n\u00e9\u00adfi\u00adcient de cette colla\u00adbo\u00adra\u00adtion.  <\/p>\n<p>[\/et_pb_text][\/et_pb_column][\/et_pb_row][\/et_pb_section][et_pb_section fb_built=\u00ab&nbsp;1&nbsp;\u00bb admin_label=\u00ab&nbsp;Video \u00dcber GTS&nbsp;\u00bb _builder_version=\u00ab&nbsp;4.16&nbsp;\u00bb _module_preset=\u00ab&nbsp;_initial&nbsp;\u00bb locked=\u00ab&nbsp;off&nbsp;\u00bb global_colors_info=&nbsp;\u00bb{}&nbsp;\u00bb][et_pb_row _builder_version=\u00ab&nbsp;4.16&nbsp;\u00bb _module_preset=\u00ab&nbsp;_initial&nbsp;\u00bb global_colors_info=&nbsp;\u00bb{}&nbsp;\u00bb][et_pb_column type=\u00ab&nbsp;4_4&nbsp;\u00bb _builder_version=\u00ab&nbsp;4.16&nbsp;\u00bb _module_preset=\u00ab&nbsp;default&nbsp;\u00bb global_colors_info=&nbsp;\u00bb{}&nbsp;\u00bb][et_pb_video src=\u00ab&nbsp;https:\/\/gts-keramik.de\/wp-content\/uploads\/2021\/10\/Tropfen-06.10.21-SD-480p_1.mp4&nbsp;\u00bb src_webm=\u00ab&nbsp;https:\/\/gts-keramik.de\/wp-content\/uploads\/2021\/10\/Tropfen-06.10.21-SD-480p_1.webm&nbsp;\u00bb disabled_on=\u00ab&nbsp;off|off|off&nbsp;\u00bb admin_label=\u00ab&nbsp;Video \u00dcber GTS&nbsp;\u00bb module_class=\u00ab&nbsp;lwp-video-auto\u00adplay&nbsp;\u00bb _builder_version=\u00ab&nbsp;4.16&nbsp;\u00bb _module_preset=\u00ab&nbsp;default&nbsp;\u00bb global_colors_info=&nbsp;\u00bb{}&nbsp;\u00bb][\/et_pb_video][\/et_pb_column][\/et_pb_row][\/et_pb_section][et_pb_section fb_built=\u00ab&nbsp;1&nbsp;\u00bb admin_label=\u00ab&nbsp;Forschung und Entwi\u00adck\u00adlung&nbsp;\u00bb module_id=\u00ab&nbsp;forschung&nbsp;\u00bb _builder_version=\u00ab&nbsp;4.16&nbsp;\u00bb _module_preset=\u00ab&nbsp;default&nbsp;\u00bb global_colors_info=&nbsp;\u00bb{}&nbsp;\u00bb][et_pb_row admin_label=\u00ab&nbsp;Forschung und Entwi\u00adck\u00adlung&nbsp;\u00bb _builder_version=\u00ab&nbsp;4.16&nbsp;\u00bb _module_preset=\u00ab&nbsp;default&nbsp;\u00bb custom_margin=&nbsp;\u00bb||0px||false|false&nbsp;\u00bb custom_padding=&nbsp;\u00bb||0px||false|false&nbsp;\u00bb global_colors_info=&nbsp;\u00bb{}&nbsp;\u00bb][et_pb_column type=\u00ab&nbsp;4_4&nbsp;\u00bb _builder_version=\u00ab&nbsp;4.16&nbsp;\u00bb _module_preset=\u00ab&nbsp;default&nbsp;\u00bb posi\u00adtio\u00adning=\u00ab&nbsp;none&nbsp;\u00bb global_colors_info=&nbsp;\u00bb{}&nbsp;\u00bb][et_pb_text admin_label=\u00ab&nbsp;Heading Forschung und Entwi\u00adck\u00adlung&nbsp;\u00bb _builder_version=\u00ab&nbsp;4.16&nbsp;\u00bb _module_preset=\u00ab&nbsp;14578171-f981-4425-bd48-4eec1506eeb5&nbsp;\u00bb global_colors_info=&nbsp;\u00bb{}&nbsp;\u00bb]<\/p>\n<h2>Recherche et d\u00e9ve\u00adlop\u00adpe\u00adment<\/h2>\n<p>[\/et_pb_text][et_pb_text disabled_on=\u00ab&nbsp;off|off|off&nbsp;\u00bb admin_label=\u00ab&nbsp;Text Forschung und Entwi\u00adck\u00adlung zweis\u00adpal\u00adtig&nbsp;\u00bb _builder_version=\u00ab&nbsp;4.16&nbsp;\u00bb _module_preset=\u00ab&nbsp;ad801405-2e58-4b15-b02a-2fa8f731fd4b&nbsp;\u00bb global_colors_info=&nbsp;\u00bb{}&nbsp;\u00bb]<\/p>\n<p>D\u00e9j\u00e0 en 1985, GTS menait des recherches dans les domaines des c\u00e9ra\u00admiques sp\u00e9ciales et de la tech\u00adnique d\u2019usure. L\u2019entreprise voit dans la recherche et le d\u00e9ve\u00adlop\u00adpe\u00adment les fonde\u00adments de l\u2019innovation et de la qualit\u00e9 \u00e9lev\u00e9e de ses produits. Elle applique en effet la maxime suivante&nbsp;: <\/p>\n<blockquote>\n<p><strong>TOUJOURS AVOIR UNE LONGUEUR D\u2019AVANCE SUR LES AUTRES.<\/strong><\/p>\n<\/blockquote>\n<p>\u00c0 l\u2019avenir, GTS s\u2019emploiera notam\u00adment \u00e0 explo\u00adrer des sujets de recherche longs et complexes et des projets de recherche pr\u00e9pa\u00adra\u00adtoire. Les connais\u00adsances accu\u00admu\u00adl\u00e9es servi\u00adront de point de d\u00e9part au d\u00e9ve\u00adlop\u00adpe\u00adment de nouveaux produits et permet\u00adtront d\u2019optimiser les produits exis\u00adtants. Cela se traduira notam\u00adment par un grand nombre de r\u00e9uti\u00adli\u00adsa\u00adtions, pour le plus grand plai\u00adsir de nos clients.  <\/p>\n<p>Nous garan\u00adtis\u00adsons une utili\u00adsa\u00adtion \u00e9conome des ressources, dans un souci de dura\u00adbi\u00adlit\u00e9. Un r\u00e9seau de plus de 100 univer\u00adsi\u00adt\u00e9s et insti\u00adtuts de recherche travaille en parte\u00adna\u00adriat avec GTS, et cette colla\u00adbo\u00adra\u00adtion s\u2019av\u00e8re plus que jamais avan\u00adta\u00adgeuse pour les deux parties. Des programmes de finan\u00adce\u00adment de l\u2019UE et de la R\u00e9pu\u00adblique f\u00e9d\u00e9\u00adrale d\u2019Allemagne subven\u00adtionnent le projet commun.   <\/p>\n<p>\u00c0 titre d\u2019exemple, les domaines concer\u00adn\u00e9s incluent le moulage en gel, l\u2019isopressage, la fusion du platine et le d\u00e9ve\u00adlop\u00adpe\u00adment de substi\u00adtuts osseux synth\u00e9\u00adtiques, les creu\u00adsets de conte\u00adneurs pour la tech\u00adno\u00adlo\u00adgie photo\u00advol\u00adta\u00efque ainsi que les chambres de r\u00e9ac\u00adtion pour la produc\u00adtion de biogaz et d\u2019\u00e9nergie. Pour \u00e9viter de se perdre dans une recherche fonda\u00admen\u00adtale non rentable, GTS main\u00adtient le contact avec ses clients et reste au fait des \u00e9volu\u00adtions du march\u00e9. Dans ce contexte, nous nous int\u00e9\u00adres\u00adsons tout parti\u00adcu\u00adli\u00e8\u00adre\u00adment aux moulages de bijoux et aux fabri\u00adcants d\u2019installations de fusion.  <\/p>\n<p>[\/et_pb_text][\/et_pb_column][\/et_pb_row][\/et_pb_section][et_pb_section fb_built=\u00ab&nbsp;1&nbsp;\u00bb admin_label=\u00ab&nbsp;Qualit\u00e4ts\u00adsi\u00adche\u00adrung&nbsp;\u00bb module_id=\u00ab&nbsp;quali\u00adtaet&nbsp;\u00bb _builder_version=\u00ab&nbsp;4.16&nbsp;\u00bb _module_preset=\u00ab&nbsp;default&nbsp;\u00bb global_colors_info=&nbsp;\u00bb{}&nbsp;\u00bb][et_pb_row admin_label=\u00ab&nbsp;Qualit\u00e4ts\u00adsi\u00adche\u00adrung&nbsp;\u00bb _builder_version=\u00ab&nbsp;4.16&nbsp;\u00bb _module_preset=\u00ab&nbsp;_initial&nbsp;\u00bb custom_margin=&nbsp;\u00bb||||false|false&nbsp;\u00bb custom_padding=&nbsp;\u00bb||4em||false|false&nbsp;\u00bb global_colors_info=&nbsp;\u00bb{}&nbsp;\u00bb][et_pb_column type=\u00ab&nbsp;4_4&nbsp;\u00bb _builder_version=\u00ab&nbsp;4.16&nbsp;\u00bb _module_preset=\u00ab&nbsp;default&nbsp;\u00bb global_colors_info=&nbsp;\u00bb{}&nbsp;\u00bb][et_pb_text admin_label=\u00ab&nbsp;Heading Qualit\u00e4ts\u00adsi\u00adche\u00adrung&nbsp;\u00bb _builder_version=\u00ab&nbsp;4.16&nbsp;\u00bb _module_preset=\u00ab&nbsp;14578171-f981-4425-bd48-4eec1506eeb5&nbsp;\u00bb global_colors_info=&nbsp;\u00bb{}&nbsp;\u00bb]<\/p>\n<h2>Assu\u00adrance qualit\u00e9<\/h2>\n<p>[\/et_pb_text][et_pb_text disabled_on=\u00ab&nbsp;off|off|off&nbsp;\u00bb admin_label=\u00ab&nbsp;Text Qualit\u00e4ts\u00adsi\u00adche\u00adrung zweis\u00adpal\u00adtig&nbsp;\u00bb _builder_version=\u00ab&nbsp;4.16&nbsp;\u00bb _module_preset=\u00ab&nbsp;ad801405-2e58-4b15-b02a-2fa8f731fd4b&nbsp;\u00bb global_colors_info=&nbsp;\u00bb{}&nbsp;\u00bb]<\/p>\n<p>L\u2019entreprise utilise des syst\u00e8mes permet\u00adtant d\u2019identifier les erreurs poten\u00adtielles par le biais d\u2019une orga\u00adni\u00adsa\u00adtion struc\u00adtu\u00adrelle et fonc\u00adtion\u00adnelle effi\u00adcace. Elle en analyse la cause et emp\u00eache leur appa\u00adri\u00adtion en adop\u00adtant des mesures pr\u00e9ven\u00adtives appro\u00adpri\u00e9es.<\/p>\n<p>Afin d\u2019atteindre ces objec\u00adtifs, tou.te.s les collaborateur.trices sont impliqu\u00e9.e.s dans le proces\u00adsus de mise en place et de main\u00adtien du syst\u00e8me. L\u2019\u00e9ducation, la forma\u00adtion et la moti\u00adva\u00adtion du person\u00adnel jouent un r\u00f4le crucial pour garan\u00adtir l\u2019efficacit\u00e9 des mesures entre\u00adprises. <\/p>\n<p>GTS s\u2019approvisionne en mati\u00e8res premi\u00e8res exclu\u00adsi\u00adve\u00adment aupr\u00e8s de four\u00adnis\u00adseurs certi\u00adfi\u00e9s, dans le respect de condi\u00adtions d\u2019achat strictes et contr\u00f4\u00adl\u00e9es. Pour garan\u00adtir une qualit\u00e9 constante \u00e0 long terme, il est tr\u00e8s impor\u00adtant de consti\u00adtuer des stocks de mati\u00e8res premi\u00e8res essen\u00adtielles. C\u2019est pour\u00adquoi GTS entre\u00adpose notam\u00adment des quan\u00adti\u00adt\u00e9s impor\u00adtantes de ce que l\u2019on appelle des \u00ab&nbsp;terres rares&nbsp;\u00bb. L\u2019immobilisation non d\u00e9si\u00adr\u00e9e de capi\u00adtal ainsi engen\u00addr\u00e9e a \u00e9t\u00e9 amor\u00adtie dans le pass\u00e9 par l\u2019augmentation constante du prix des mati\u00e8res premi\u00e8res.   <\/p>\n<p>Les contacts \u00e9troits que nous entre\u00adte\u00adnons avec nos clients nous permettent de trou\u00adver de nouvelles solu\u00adtions pour am\u00e9lio\u00adrer la qualit\u00e9 ou d\u00e9ve\u00adlop\u00adper de nouveaux produits. Des proces\u00adsus de fabri\u00adca\u00adtion sophis\u00adti\u00adqu\u00e9s, repro\u00adduc\u00adtibles et tra\u00e7ables qui s\u2019appuient sur une docu\u00admen\u00adta\u00adtion perma\u00adnente garan\u00adtissent un produit de qualit\u00e9 constante r\u00e9pon\u00addant \u00e0 des exigences strictes. <\/p>\n<p>[\/et_pb_text][\/et_pb_column][\/et_pb_row][\/et_pb_section]<\/p>\n","protected":false},"excerpt":{"rendered":"<p>Notre philo\u00adso\u00adphieGTS a \u00e9volu\u00e9 jusqu\u2019\u00e0 deve\u00adnir l\u2019un des prin\u00adci\u00adpaux fabri\u00adcants de c\u00e9ra\u00admique indus\u00adtrielle d\u2019Allemagne. Notre travail en recherche et d\u00e9ve\u00adlop\u00adpe\u00adment se concentre entre autres sur les c\u00e9ra\u00admiques sp\u00e9ciales et les tech\u00adniques d\u2019usure. Aujourd\u2019hui, l\u2019expansion et le d\u00e9ve\u00adlop\u00adpe\u00adment de GTS sont d\u00e9j\u00e0 assu\u00adr\u00e9s par la deuxi\u00e8me g\u00e9n\u00e9\u00adra\u00adtion de cette entre\u00adprise fami\u00adliale. Les commandes effec\u00adtu\u00e9s chez nous [\u2026]<\/p>\n","protected":false},"author":121,"featured_media":0,"parent":0,"menu_order":3,"comment_status":"closed","ping_status":"closed","template":"","meta":{"_acf_changed":false,"_et_pb_use_builder":"on","_et_pb_old_content":"","_et_gb_content_width":"","wp_typography_post_enhancements_disabled":false,"footnotes":""},"class_list":["post-371100","page","type-page","status-publish","hentry"],"acf":[],"_links":{"self":[{"href":"https:\/\/gts-keramik.de\/fr\/wp-json\/wp\/v2\/pages\/371100","targetHints":{"allow":["GET"]}}],"collection":[{"href":"https:\/\/gts-keramik.de\/fr\/wp-json\/wp\/v2\/pages"}],"about":[{"href":"https:\/\/gts-keramik.de\/fr\/wp-json\/wp\/v2\/types\/page"}],"author":[{"embeddable":true,"href":"https:\/\/gts-keramik.de\/fr\/wp-json\/wp\/v2\/users\/121"}],"replies":[{"embeddable":true,"href":"https:\/\/gts-keramik.de\/fr\/wp-json\/wp\/v2\/comments?post=371100"}],"version-history":[{"count":5,"href":"https:\/\/gts-keramik.de\/fr\/wp-json\/wp\/v2\/pages\/371100\/revisions"}],"predecessor-version":[{"id":372227,"href":"https:\/\/gts-keramik.de\/fr\/wp-json\/wp\/v2\/pages\/371100\/revisions\/372227"}],"wp:attachment":[{"href":"https:\/\/gts-keramik.de\/fr\/wp-json\/wp\/v2\/media?parent=371100"}],"curies":[{"name":"wp","href":"https:\/\/api.w.org\/{rel}","templated":true}]}}